{"id":9557,"date":"2025-10-06T15:18:08","date_gmt":"2025-10-06T13:18:08","guid":{"rendered":"https:\/\/www.cpartybikeexperience.com\/produit\/the-lot-with-laurent-jalabert\/"},"modified":"2025-12-12T14:10:52","modified_gmt":"2025-12-12T13:10:52","slug":"le-lot-avec-laurent-jalabert","status":"publish","type":"product","link":"https:\/\/www.cpartybikeexperience.com\/en\/produit\/le-lot-avec-laurent-jalabert\/","title":{"rendered":"The Lot with Laurent Jalabert"},"content":{"rendered":"<p>The Lot is an ideal place for cycling with its superb roads with little traffic, its varied reliefs and its unspoilt nature.<\/p>\n<p>Who better than Laurent Jalabert to help you discover the wonderful roads of the Lot. He will be happy to share with you his valuable advice but also some career anecdotes. <\/p>\n<p>You will discover the places that make Occitanie famous. Your adventure will start in Cahors, a major tourist hub, famous for its vineyards and gastronomy, atypical for its old town built on a peninsula nestled in the Lot. In order to explore all the wonders of the Lot, you will cross the department from South to North through the Regional Natural Park of the Causses and will stop for 2 days in the majestic city of Rocamadour before returning to Cahors via the C\u00e9r\u00e9 valley.  <\/p>\n<p>Accompanied by the great champion Laurent Jalabert, but also by 2 other qualified coaches, you will pedal on the wonderful roads of the Lot, discover exceptional places such as the Pont Valentr\u00e9 de Cahors, the famous AOC Cahors-Malbec vineyard, cross superb hilltop villages classified as UNESCO World Heritage Sites such as Saint-Cirq-Lapopie and Rocamadour, discover superb wild landscapes such as the valleys of the Lot,  Dordogne and Cere, and enjoy the excellent local gastronomy.<\/p>\n<p>You will be accommodated on a half-board basis for 3 nights in Cahors at the *** La Chartreuse hotel and 2 nights at the *** du Ch\u00e2teau hotel in Rocamadour where you will enjoy their comfort, their prime locations, their swimming pools, but also the excellent local gastronomy.<\/p>\n<p><span data-sheets-root=\"1\">\ud83d\udc49 <a href=\"\/events\/le-lot-avec-laurent-jalabert-avril-2026\/\">Consult the complete course sheet<\/a><\/span><\/p>\n<a itemprop=\"url\" href=\"\/events\/le-lot-avec-laurent-jalabert-avril-2026\/\" target=\"_self\" style=\"color: #000000;background-color: #FED620;font-size: 18px;font-weight: 600\" class=\"qodef-btn qodef-btn-medium qodef-btn-solid qodef-btn-custom-hover-bg\" data-hover-bg-color=\"#5dc9e8\" >\n    <span class=\"qodef-btn-text\">Discover the complete programme of the cycling course<\/span>\n    <span class=\"qodef-btn-bg-hover-holder\"><\/span>\n    <i class=\"qodef-icon-font-awesome  \" ><\/i><\/a>\n","protected":false},"excerpt":{"rendered":"<h1>Book your cycling course with Laurent Jalabert in the Lot<\/h1>\n<p>Here you can <strong data-start=\"1903\" data-end=\"1965\">book your Laurent Jalabert cycling course in the Lot<\/strong>, an all-inclusive stay to ride with the French champion in his heart region. Take advantage of professional coaching, a friendly atmosphere and magnificent courses to progress and share your passion for cycling. <\/p>\n<ul>\n<li>April 26 to May 1, 2026<\/li>\n<li>6 days and 5 nights<\/li>\n<li>5 bike rides<\/li>\n<\/ul>\n","protected":false},"featured_media":7997,"template":"","meta":[],"product_brand":[99],"product_cat":[170],"product_tag":[],"class_list":{"0":"post-9557","1":"product","2":"type-product","3":"status-publish","4":"has-post-thumbnail","6":"product_brand-cpartybikeexperience","7":"product_cat-internships","9":"first","10":"instock","11":"taxable","12":"shipping-taxable","13":"purchasable","14":"product-type-variable","15":"has-default-attributes"},"yoast_head":"<!-- This site is optimized with the Yoast SEO plugin v26.9 - https:\/\/yoast.com\/product\/yoast-seo-wordpress\/ -->\n<title>Book Laurent Jalabert Lot cycling course | All-inclusive stay<\/title>\n<meta name=\"description\" content=\"Laurent Jalabert Lot cycling course: all-inclusive stay to ride with the French champion in his heart region. Professional coaching, conviviality and magnificent courses to progress in the best conditions.\" \/>\n<meta name=\"robots\" content=\"index, follow, max-snippet:-1, max-image-preview:large, max-video-preview:-1\" \/>\n<link rel=\"canonical\" href=\"https:\/\/www.cpartybikeexperience.com\/en\/produit\/le-lot-avec-laurent-jalabert\/\" \/>\n<meta property=\"og:locale\" content=\"en_US\" \/>\n<meta property=\"og:type\" content=\"article\" \/>\n<meta property=\"og:title\" content=\"Book Laurent Jalabert Lot cycling course | All-inclusive stay\" \/>\n<meta property=\"og:description\" content=\"Laurent Jalabert Lot cycling course: all-inclusive stay to ride with the French champion in his heart region. Professional coaching, conviviality and magnificent courses to progress in the best conditions.\" \/>\n<meta property=\"og:url\" content=\"https:\/\/www.cpartybikeexperience.com\/en\/produit\/le-lot-avec-laurent-jalabert\/\" \/>\n<meta property=\"og:site_name\" content=\"CPARTY BIKE EXPERIENCE\" \/>\n<meta property=\"article:publisher\" content=\"https:\/\/www.facebook.com\/CpartyBikeExperience\" \/>\n<meta property=\"article:modified_time\" content=\"2025-12-12T13:10:52+00:00\" \/>\n<meta property=\"og:image\" content=\"https:\/\/www.cpartybikeexperience.com\/wp-content\/uploads\/2025\/10\/cparty-lot-avec-jalabert-09.webp\" \/>\n\t<meta property=\"og:image:width\" content=\"1024\" \/>\n\t<meta property=\"og:image:height\" content=\"768\" \/>\n\t<meta property=\"og:image:type\" content=\"image\/jpeg\" \/>\n<script type=\"application\/ld+json\" class=\"yoast-schema-graph\">{\"@context\":\"https:\/\/schema.org\",\"@graph\":[{\"@type\":\"WebPage\",\"@id\":\"https:\/\/www.cpartybikeexperience.com\/en\/produit\/le-lot-avec-laurent-jalabert\/\",\"url\":\"https:\/\/www.cpartybikeexperience.com\/en\/produit\/le-lot-avec-laurent-jalabert\/\",\"name\":\"Book Laurent Jalabert Lot cycling course | All-inclusive stay\",\"isPartOf\":{\"@id\":\"https:\/\/www.cpartybikeexperience.com\/en\/#website\"},\"primaryImageOfPage\":{\"@id\":\"https:\/\/www.cpartybikeexperience.com\/en\/produit\/le-lot-avec-laurent-jalabert\/#primaryimage\"},\"image\":{\"@id\":\"https:\/\/www.cpartybikeexperience.com\/en\/produit\/le-lot-avec-laurent-jalabert\/#primaryimage\"},\"thumbnailUrl\":\"https:\/\/www.cpartybikeexperience.com\/wp-content\/uploads\/2025\/10\/cparty-lot-avec-jalabert-09.webp\",\"datePublished\":\"2025-10-06T13:18:08+00:00\",\"dateModified\":\"2025-12-12T13:10:52+00:00\",\"description\":\"Laurent Jalabert Lot cycling course: all-inclusive stay to ride with the French champion in his heart region. Professional coaching, conviviality and magnificent courses to progress in the best conditions.\",\"breadcrumb\":{\"@id\":\"https:\/\/www.cpartybikeexperience.com\/en\/produit\/le-lot-avec-laurent-jalabert\/#breadcrumb\"},\"inLanguage\":\"en-US\",\"potentialAction\":[{\"@type\":\"ReadAction\",\"target\":[\"https:\/\/www.cpartybikeexperience.com\/en\/produit\/le-lot-avec-laurent-jalabert\/\"]}]},{\"@type\":\"ImageObject\",\"inLanguage\":\"en-US\",\"@id\":\"https:\/\/www.cpartybikeexperience.com\/en\/produit\/le-lot-avec-laurent-jalabert\/#primaryimage\",\"url\":\"https:\/\/www.cpartybikeexperience.com\/wp-content\/uploads\/2025\/10\/cparty-lot-avec-jalabert-09.webp\",\"contentUrl\":\"https:\/\/www.cpartybikeexperience.com\/wp-content\/uploads\/2025\/10\/cparty-lot-avec-jalabert-09.webp\",\"width\":1024,\"height\":768},{\"@type\":\"BreadcrumbList\",\"@id\":\"https:\/\/www.cpartybikeexperience.com\/en\/produit\/le-lot-avec-laurent-jalabert\/#breadcrumb\",\"itemListElement\":[{\"@type\":\"ListItem\",\"position\":1,\"name\":\"Accueil\",\"item\":\"https:\/\/www.cpartybikeexperience.com\/en\/\"},{\"@type\":\"ListItem\",\"position\":2,\"name\":\"Shop\",\"item\":\"https:\/\/www.cpartybikeexperience.com\/en\/boutique\/\"},{\"@type\":\"ListItem\",\"position\":3,\"name\":\"The Lot with Laurent Jalabert\"}]},{\"@type\":\"WebSite\",\"@id\":\"https:\/\/www.cpartybikeexperience.com\/en\/#website\",\"url\":\"https:\/\/www.cpartybikeexperience.com\/en\/\",\"name\":\"CPARTY BIKE EXPERIENCE\",\"description\":\"Stages cyclismes - S\u00e9jours \u00e0 v\u00e9lo tous niveaux, tout inclus, encadr\u00e9s par des professionnels du cyclisme\",\"publisher\":{\"@id\":\"https:\/\/www.cpartybikeexperience.com\/en\/#organization\"},\"alternateName\":\"CPARTY\",\"potentialAction\":[{\"@type\":\"SearchAction\",\"target\":{\"@type\":\"EntryPoint\",\"urlTemplate\":\"https:\/\/www.cpartybikeexperience.com\/en\/?s={search_term_string}\"},\"query-input\":{\"@type\":\"PropertyValueSpecification\",\"valueRequired\":true,\"valueName\":\"search_term_string\"}}],\"inLanguage\":\"en-US\"},{\"@type\":\"Organization\",\"@id\":\"https:\/\/www.cpartybikeexperience.com\/en\/#organization\",\"name\":\"CPARTY BIKE EXPERIENCE\",\"alternateName\":\"CPARTY\",\"url\":\"https:\/\/www.cpartybikeexperience.com\/en\/\",\"logo\":{\"@type\":\"ImageObject\",\"inLanguage\":\"en-US\",\"@id\":\"https:\/\/www.cpartybikeexperience.com\/en\/#\/schema\/logo\/image\/\",\"url\":\"https:\/\/www.cpartybikeexperience.com\/wp-content\/uploads\/2025\/07\/Logo-CPARTY-Bike-Experience-01.png\",\"contentUrl\":\"https:\/\/www.cpartybikeexperience.com\/wp-content\/uploads\/2025\/07\/Logo-CPARTY-Bike-Experience-01.png\",\"width\":1000,\"height\":538,\"caption\":\"CPARTY BIKE EXPERIENCE\"},\"image\":{\"@id\":\"https:\/\/www.cpartybikeexperience.com\/en\/#\/schema\/logo\/image\/\"},\"sameAs\":[\"https:\/\/www.facebook.com\/CpartyBikeExperience\",\"https:\/\/www.instagram.com\/cpartybikeexperience\/\",\"https:\/\/www.linkedin.com\/company\/cparty-bike-experience\/\"]}]}<\/script>\n<!-- \/ Yoast SEO plugin. -->","yoast_head_json":{"title":"Book Laurent Jalabert Lot cycling course | All-inclusive stay","description":"Laurent Jalabert Lot cycling course: all-inclusive stay to ride with the French champion in his heart region. Professional coaching, conviviality and magnificent courses to progress in the best conditions.","robots":{"index":"index","follow":"follow","max-snippet":"max-snippet:-1","max-image-preview":"max-image-preview:large","max-video-preview":"max-video-preview:-1"},"canonical":"https:\/\/www.cpartybikeexperience.com\/en\/produit\/le-lot-avec-laurent-jalabert\/","og_locale":"en_US","og_type":"article","og_title":"Book Laurent Jalabert Lot cycling course | All-inclusive stay","og_description":"Laurent Jalabert Lot cycling course: all-inclusive stay to ride with the French champion in his heart region. Professional coaching, conviviality and magnificent courses to progress in the best conditions.","og_url":"https:\/\/www.cpartybikeexperience.com\/en\/produit\/le-lot-avec-laurent-jalabert\/","og_site_name":"CPARTY BIKE EXPERIENCE","article_publisher":"https:\/\/www.facebook.com\/CpartyBikeExperience","article_modified_time":"2025-12-12T13:10:52+00:00","og_image":[{"width":1024,"height":768,"url":"https:\/\/www.cpartybikeexperience.com\/wp-content\/uploads\/2025\/10\/cparty-lot-avec-jalabert-09.webp","type":"image\/jpeg"}],"schema":{"@context":"https:\/\/schema.org","@graph":[{"@type":"WebPage","@id":"https:\/\/www.cpartybikeexperience.com\/en\/produit\/le-lot-avec-laurent-jalabert\/","url":"https:\/\/www.cpartybikeexperience.com\/en\/produit\/le-lot-avec-laurent-jalabert\/","name":"Book Laurent Jalabert Lot cycling course | All-inclusive stay","isPartOf":{"@id":"https:\/\/www.cpartybikeexperience.com\/en\/#website"},"primaryImageOfPage":{"@id":"https:\/\/www.cpartybikeexperience.com\/en\/produit\/le-lot-avec-laurent-jalabert\/#primaryimage"},"image":{"@id":"https:\/\/www.cpartybikeexperience.com\/en\/produit\/le-lot-avec-laurent-jalabert\/#primaryimage"},"thumbnailUrl":"https:\/\/www.cpartybikeexperience.com\/wp-content\/uploads\/2025\/10\/cparty-lot-avec-jalabert-09.webp","datePublished":"2025-10-06T13:18:08+00:00","dateModified":"2025-12-12T13:10:52+00:00","description":"Laurent Jalabert Lot cycling course: all-inclusive stay to ride with the French champion in his heart region. Professional coaching, conviviality and magnificent courses to progress in the best conditions.","breadcrumb":{"@id":"https:\/\/www.cpartybikeexperience.com\/en\/produit\/le-lot-avec-laurent-jalabert\/#breadcrumb"},"inLanguage":"en-US","potentialAction":[{"@type":"ReadAction","target":["https:\/\/www.cpartybikeexperience.com\/en\/produit\/le-lot-avec-laurent-jalabert\/"]}]},{"@type":"ImageObject","inLanguage":"en-US","@id":"https:\/\/www.cpartybikeexperience.com\/en\/produit\/le-lot-avec-laurent-jalabert\/#primaryimage","url":"https:\/\/www.cpartybikeexperience.com\/wp-content\/uploads\/2025\/10\/cparty-lot-avec-jalabert-09.webp","contentUrl":"https:\/\/www.cpartybikeexperience.com\/wp-content\/uploads\/2025\/10\/cparty-lot-avec-jalabert-09.webp","width":1024,"height":768},{"@type":"BreadcrumbList","@id":"https:\/\/www.cpartybikeexperience.com\/en\/produit\/le-lot-avec-laurent-jalabert\/#breadcrumb","itemListElement":[{"@type":"ListItem","position":1,"name":"Accueil","item":"https:\/\/www.cpartybikeexperience.com\/en\/"},{"@type":"ListItem","position":2,"name":"Shop","item":"https:\/\/www.cpartybikeexperience.com\/en\/boutique\/"},{"@type":"ListItem","position":3,"name":"The Lot with Laurent Jalabert"}]},{"@type":"WebSite","@id":"https:\/\/www.cpartybikeexperience.com\/en\/#website","url":"https:\/\/www.cpartybikeexperience.com\/en\/","name":"CPARTY BIKE EXPERIENCE","description":"Stages cyclismes - S\u00e9jours \u00e0 v\u00e9lo tous niveaux, tout inclus, encadr\u00e9s par des professionnels du cyclisme","publisher":{"@id":"https:\/\/www.cpartybikeexperience.com\/en\/#organization"},"alternateName":"CPARTY","potentialAction":[{"@type":"SearchAction","target":{"@type":"EntryPoint","urlTemplate":"https:\/\/www.cpartybikeexperience.com\/en\/?s={search_term_string}"},"query-input":{"@type":"PropertyValueSpecification","valueRequired":true,"valueName":"search_term_string"}}],"inLanguage":"en-US"},{"@type":"Organization","@id":"https:\/\/www.cpartybikeexperience.com\/en\/#organization","name":"CPARTY BIKE EXPERIENCE","alternateName":"CPARTY","url":"https:\/\/www.cpartybikeexperience.com\/en\/","logo":{"@type":"ImageObject","inLanguage":"en-US","@id":"https:\/\/www.cpartybikeexperience.com\/en\/#\/schema\/logo\/image\/","url":"https:\/\/www.cpartybikeexperience.com\/wp-content\/uploads\/2025\/07\/Logo-CPARTY-Bike-Experience-01.png","contentUrl":"https:\/\/www.cpartybikeexperience.com\/wp-content\/uploads\/2025\/07\/Logo-CPARTY-Bike-Experience-01.png","width":1000,"height":538,"caption":"CPARTY BIKE EXPERIENCE"},"image":{"@id":"https:\/\/www.cpartybikeexperience.com\/en\/#\/schema\/logo\/image\/"},"sameAs":["https:\/\/www.facebook.com\/CpartyBikeExperience","https:\/\/www.instagram.com\/cpartybikeexperience\/","https:\/\/www.linkedin.com\/company\/cparty-bike-experience\/"]}]}},"_links":{"self":[{"href":"https:\/\/www.cpartybikeexperience.com\/en\/wp-json\/wp\/v2\/product\/9557","targetHints":{"allow":["GET"]}}],"collection":[{"href":"https:\/\/www.cpartybikeexperience.com\/en\/wp-json\/wp\/v2\/product"}],"about":[{"href":"https:\/\/www.cpartybikeexperience.com\/en\/wp-json\/wp\/v2\/types\/product"}],"wp:featuredmedia":[{"embeddable":true,"href":"https:\/\/www.cpartybikeexperience.com\/en\/wp-json\/wp\/v2\/media\/7997"}],"wp:attachment":[{"href":"https:\/\/www.cpartybikeexperience.com\/en\/wp-json\/wp\/v2\/media?parent=9557"}],"wp:term":[{"taxonomy":"product_brand","embeddable":true,"href":"https:\/\/www.cpartybikeexperience.com\/en\/wp-json\/wp\/v2\/product_brand?post=9557"},{"taxonomy":"product_cat","embeddable":true,"href":"https:\/\/www.cpartybikeexperience.com\/en\/wp-json\/wp\/v2\/product_cat?post=9557"},{"taxonomy":"product_tag","embeddable":true,"href":"https:\/\/www.cpartybikeexperience.com\/en\/wp-json\/wp\/v2\/product_tag?post=9557"}],"curies":[{"name":"wp","href":"https:\/\/api.w.org\/{rel}","templated":true}]}}