{"id":9453,"date":"2025-09-19T14:40:43","date_gmt":"2025-09-19T12:40:43","guid":{"rendered":"https:\/\/www.cpartybikeexperience.com\/produit\/the-costa-blanca-alongside-the-pros\/"},"modified":"2026-01-08T16:22:34","modified_gmt":"2026-01-08T15:22:34","slug":"la-costa-blanca-aux-cotes-des-pros","status":"publish","type":"product","link":"https:\/\/www.cpartybikeexperience.com\/en\/produit\/la-costa-blanca-aux-cotes-des-pros\/","title":{"rendered":"The Costa Blanca alongside the pros"},"content":{"rendered":"<p>Whatever your sporting level, experience a cycling holiday in privileged conditions under the Spanish sun of the Costa Blanca and rub <strong>shoulders with the greatest professional cycling teams on a daily basis.<\/strong><\/p>\n<p>You will be staying in the <strong>same **** Diamante Beach hotel as several pro teams, on a season preparation camp at the same time as you.<\/strong><br \/>\nIn addition to rubbing shoulders with the champions on a daily basis at your hotel, you will ride every day on the same roads as the biggest World Tour teams who have come to prepare for their season.<\/p>\n<p>In a spirit of conviviality and benevolence, you will experience a cycling trip designed and supervised by pros who will adapt to your level. You will be accompanied by the former professional cyclist and Sports Director Denis Leproux while Dominique Moyon, assistant masseur then logistics and partnership manager of several professional teams, will pamper you like a pro and will give you valuable advice. <\/p>\n<p>You will pedal on the wonderful roads of the Costa Blanca, a true winter paradise for <strong>cyclists: mild temperatures, almost permanent sunshine, varied roads between the seaside and mountain passes, limited traffic and optimal reception conditions.<\/strong><\/p>\n<p>Like the pros but with less constraints and pleasure as your only objective, our expert staff will offer you a 4-star service.<\/p>\n<a itemprop=\"url\" href=\"\/events\/la-costa-blanca-aux-cotes-des-pros\/\" target=\"_self\" style=\"color: #000000;background-color: #FED620;font-size: 18px;font-weight: 600\" class=\"qodef-btn qodef-btn-medium qodef-btn-solid qodef-btn-custom-hover-bg\" data-hover-bg-color=\"#5dc9e8\" >\n    <span class=\"qodef-btn-text\">DISCOVER ALL THE DETAILS OF THE COURSE<\/span>\n    <span class=\"qodef-btn-bg-hover-holder\"><\/span>\n    <i class=\"qodef-icon-font-awesome  \" ><\/i><\/a>\n","protected":false},"excerpt":{"rendered":"<h1>Book your Costa Blanca cycling course alongside the pros<\/h1>\n<p>Here you can <strong data-start=\"1886\" data-end=\"1951\">book your Costa Blanca cycling camp with the pros<\/strong>, an all-inclusive stay under the sun on the training roads of the professional teams. CPARTY offers you expert coaching, comprehensive assistance and ideal conditions to progress in a friendly atmosphere. <\/p>\n<ul>\n<li>January 11 to 17<\/li>\n<li>7 days and 6 nights<\/li>\n<li>6 bike rides<\/li>\n<\/ul>\n","protected":false},"featured_media":10595,"template":"","meta":[],"product_brand":[99],"product_cat":[170],"product_tag":[],"class_list":{"0":"post-9453","1":"product","2":"type-product","3":"status-publish","4":"has-post-thumbnail","6":"product_brand-cpartybikeexperience","7":"product_cat-internships","9":"first","10":"instock","11":"taxable","12":"shipping-taxable","13":"purchasable","14":"product-type-variable","15":"has-default-attributes"},"yoast_head":"<!-- This site is optimized with the Yoast SEO plugin v26.9 - https:\/\/yoast.com\/product\/yoast-seo-wordpress\/ -->\n<title>Book Costa Blanca pro cycling course | Sun &amp; Pro Training Roads<\/title>\n<meta name=\"description\" content=\"Costa Blanca pro cycling camp: all-inclusive stay in the sun, on the training roads of the professional teams. Expert coaching, comprehensive support and ideal conditions for progress.\" \/>\n<meta name=\"robots\" content=\"index, follow, max-snippet:-1, max-image-preview:large, max-video-preview:-1\" \/>\n<link rel=\"canonical\" href=\"https:\/\/www.cpartybikeexperience.com\/en\/produit\/la-costa-blanca-aux-cotes-des-pros\/\" \/>\n<meta property=\"og:locale\" content=\"en_US\" \/>\n<meta property=\"og:type\" content=\"article\" \/>\n<meta property=\"og:title\" content=\"Book Costa Blanca pro cycling course | Sun &amp; Pro Training Roads\" \/>\n<meta property=\"og:description\" content=\"Costa Blanca pro cycling camp: all-inclusive stay in the sun, on the training roads of the professional teams. Expert coaching, comprehensive support and ideal conditions for progress.\" \/>\n<meta property=\"og:url\" content=\"https:\/\/www.cpartybikeexperience.com\/en\/produit\/la-costa-blanca-aux-cotes-des-pros\/\" \/>\n<meta property=\"og:site_name\" content=\"CPARTY BIKE EXPERIENCE\" \/>\n<meta property=\"article:publisher\" content=\"https:\/\/www.facebook.com\/CpartyBikeExperience\" \/>\n<meta property=\"article:modified_time\" content=\"2026-01-08T15:22:34+00:00\" \/>\n<meta property=\"og:image\" content=\"https:\/\/www.cpartybikeexperience.com\/wp-content\/uploads\/2025\/09\/costa-blanca-aux-cotes-des-pros-01.jpg\" \/>\n\t<meta property=\"og:image:width\" content=\"1024\" \/>\n\t<meta property=\"og:image:height\" content=\"768\" \/>\n\t<meta property=\"og:image:type\" content=\"image\/jpeg\" \/>\n<script type=\"application\/ld+json\" class=\"yoast-schema-graph\">{\"@context\":\"https:\/\/schema.org\",\"@graph\":[{\"@type\":\"WebPage\",\"@id\":\"https:\/\/www.cpartybikeexperience.com\/en\/produit\/la-costa-blanca-aux-cotes-des-pros\/\",\"url\":\"https:\/\/www.cpartybikeexperience.com\/en\/produit\/la-costa-blanca-aux-cotes-des-pros\/\",\"name\":\"Book Costa Blanca pro cycling course | Sun & Pro Training Roads\",\"isPartOf\":{\"@id\":\"https:\/\/www.cpartybikeexperience.com\/en\/#website\"},\"primaryImageOfPage\":{\"@id\":\"https:\/\/www.cpartybikeexperience.com\/en\/produit\/la-costa-blanca-aux-cotes-des-pros\/#primaryimage\"},\"image\":{\"@id\":\"https:\/\/www.cpartybikeexperience.com\/en\/produit\/la-costa-blanca-aux-cotes-des-pros\/#primaryimage\"},\"thumbnailUrl\":\"https:\/\/www.cpartybikeexperience.com\/wp-content\/uploads\/2025\/09\/costa-blanca-aux-cotes-des-pros-01.jpg\",\"datePublished\":\"2025-09-19T12:40:43+00:00\",\"dateModified\":\"2026-01-08T15:22:34+00:00\",\"description\":\"Costa Blanca pro cycling camp: all-inclusive stay in the sun, on the training roads of the professional teams. Expert coaching, comprehensive support and ideal conditions for progress.\",\"breadcrumb\":{\"@id\":\"https:\/\/www.cpartybikeexperience.com\/en\/produit\/la-costa-blanca-aux-cotes-des-pros\/#breadcrumb\"},\"inLanguage\":\"en-US\",\"potentialAction\":[{\"@type\":\"ReadAction\",\"target\":[\"https:\/\/www.cpartybikeexperience.com\/en\/produit\/la-costa-blanca-aux-cotes-des-pros\/\"]}]},{\"@type\":\"ImageObject\",\"inLanguage\":\"en-US\",\"@id\":\"https:\/\/www.cpartybikeexperience.com\/en\/produit\/la-costa-blanca-aux-cotes-des-pros\/#primaryimage\",\"url\":\"https:\/\/www.cpartybikeexperience.com\/wp-content\/uploads\/2025\/09\/costa-blanca-aux-cotes-des-pros-01.jpg\",\"contentUrl\":\"https:\/\/www.cpartybikeexperience.com\/wp-content\/uploads\/2025\/09\/costa-blanca-aux-cotes-des-pros-01.jpg\",\"width\":1024,\"height\":768},{\"@type\":\"BreadcrumbList\",\"@id\":\"https:\/\/www.cpartybikeexperience.com\/en\/produit\/la-costa-blanca-aux-cotes-des-pros\/#breadcrumb\",\"itemListElement\":[{\"@type\":\"ListItem\",\"position\":1,\"name\":\"Accueil\",\"item\":\"https:\/\/www.cpartybikeexperience.com\/en\/\"},{\"@type\":\"ListItem\",\"position\":2,\"name\":\"Shop\",\"item\":\"https:\/\/www.cpartybikeexperience.com\/en\/boutique\/\"},{\"@type\":\"ListItem\",\"position\":3,\"name\":\"The Costa Blanca alongside the pros\"}]},{\"@type\":\"WebSite\",\"@id\":\"https:\/\/www.cpartybikeexperience.com\/en\/#website\",\"url\":\"https:\/\/www.cpartybikeexperience.com\/en\/\",\"name\":\"CPARTY BIKE EXPERIENCE\",\"description\":\"Stages cyclismes - S\u00e9jours \u00e0 v\u00e9lo tous niveaux, tout inclus, encadr\u00e9s par des professionnels du cyclisme\",\"publisher\":{\"@id\":\"https:\/\/www.cpartybikeexperience.com\/en\/#organization\"},\"alternateName\":\"CPARTY\",\"potentialAction\":[{\"@type\":\"SearchAction\",\"target\":{\"@type\":\"EntryPoint\",\"urlTemplate\":\"https:\/\/www.cpartybikeexperience.com\/en\/?s={search_term_string}\"},\"query-input\":{\"@type\":\"PropertyValueSpecification\",\"valueRequired\":true,\"valueName\":\"search_term_string\"}}],\"inLanguage\":\"en-US\"},{\"@type\":\"Organization\",\"@id\":\"https:\/\/www.cpartybikeexperience.com\/en\/#organization\",\"name\":\"CPARTY BIKE EXPERIENCE\",\"alternateName\":\"CPARTY\",\"url\":\"https:\/\/www.cpartybikeexperience.com\/en\/\",\"logo\":{\"@type\":\"ImageObject\",\"inLanguage\":\"en-US\",\"@id\":\"https:\/\/www.cpartybikeexperience.com\/en\/#\/schema\/logo\/image\/\",\"url\":\"https:\/\/www.cpartybikeexperience.com\/wp-content\/uploads\/2025\/07\/Logo-CPARTY-Bike-Experience-01.png\",\"contentUrl\":\"https:\/\/www.cpartybikeexperience.com\/wp-content\/uploads\/2025\/07\/Logo-CPARTY-Bike-Experience-01.png\",\"width\":1000,\"height\":538,\"caption\":\"CPARTY BIKE EXPERIENCE\"},\"image\":{\"@id\":\"https:\/\/www.cpartybikeexperience.com\/en\/#\/schema\/logo\/image\/\"},\"sameAs\":[\"https:\/\/www.facebook.com\/CpartyBikeExperience\",\"https:\/\/www.instagram.com\/cpartybikeexperience\/\",\"https:\/\/www.linkedin.com\/company\/cparty-bike-experience\/\"]}]}<\/script>\n<!-- \/ Yoast SEO plugin. -->","yoast_head_json":{"title":"Book Costa Blanca pro cycling course | Sun & Pro Training Roads","description":"Costa Blanca pro cycling camp: all-inclusive stay in the sun, on the training roads of the professional teams. Expert coaching, comprehensive support and ideal conditions for progress.","robots":{"index":"index","follow":"follow","max-snippet":"max-snippet:-1","max-image-preview":"max-image-preview:large","max-video-preview":"max-video-preview:-1"},"canonical":"https:\/\/www.cpartybikeexperience.com\/en\/produit\/la-costa-blanca-aux-cotes-des-pros\/","og_locale":"en_US","og_type":"article","og_title":"Book Costa Blanca pro cycling course | Sun & Pro Training Roads","og_description":"Costa Blanca pro cycling camp: all-inclusive stay in the sun, on the training roads of the professional teams. Expert coaching, comprehensive support and ideal conditions for progress.","og_url":"https:\/\/www.cpartybikeexperience.com\/en\/produit\/la-costa-blanca-aux-cotes-des-pros\/","og_site_name":"CPARTY BIKE EXPERIENCE","article_publisher":"https:\/\/www.facebook.com\/CpartyBikeExperience","article_modified_time":"2026-01-08T15:22:34+00:00","og_image":[{"width":1024,"height":768,"url":"https:\/\/www.cpartybikeexperience.com\/wp-content\/uploads\/2025\/09\/costa-blanca-aux-cotes-des-pros-01.jpg","type":"image\/jpeg"}],"schema":{"@context":"https:\/\/schema.org","@graph":[{"@type":"WebPage","@id":"https:\/\/www.cpartybikeexperience.com\/en\/produit\/la-costa-blanca-aux-cotes-des-pros\/","url":"https:\/\/www.cpartybikeexperience.com\/en\/produit\/la-costa-blanca-aux-cotes-des-pros\/","name":"Book Costa Blanca pro cycling course | Sun & Pro Training Roads","isPartOf":{"@id":"https:\/\/www.cpartybikeexperience.com\/en\/#website"},"primaryImageOfPage":{"@id":"https:\/\/www.cpartybikeexperience.com\/en\/produit\/la-costa-blanca-aux-cotes-des-pros\/#primaryimage"},"image":{"@id":"https:\/\/www.cpartybikeexperience.com\/en\/produit\/la-costa-blanca-aux-cotes-des-pros\/#primaryimage"},"thumbnailUrl":"https:\/\/www.cpartybikeexperience.com\/wp-content\/uploads\/2025\/09\/costa-blanca-aux-cotes-des-pros-01.jpg","datePublished":"2025-09-19T12:40:43+00:00","dateModified":"2026-01-08T15:22:34+00:00","description":"Costa Blanca pro cycling camp: all-inclusive stay in the sun, on the training roads of the professional teams. Expert coaching, comprehensive support and ideal conditions for progress.","breadcrumb":{"@id":"https:\/\/www.cpartybikeexperience.com\/en\/produit\/la-costa-blanca-aux-cotes-des-pros\/#breadcrumb"},"inLanguage":"en-US","potentialAction":[{"@type":"ReadAction","target":["https:\/\/www.cpartybikeexperience.com\/en\/produit\/la-costa-blanca-aux-cotes-des-pros\/"]}]},{"@type":"ImageObject","inLanguage":"en-US","@id":"https:\/\/www.cpartybikeexperience.com\/en\/produit\/la-costa-blanca-aux-cotes-des-pros\/#primaryimage","url":"https:\/\/www.cpartybikeexperience.com\/wp-content\/uploads\/2025\/09\/costa-blanca-aux-cotes-des-pros-01.jpg","contentUrl":"https:\/\/www.cpartybikeexperience.com\/wp-content\/uploads\/2025\/09\/costa-blanca-aux-cotes-des-pros-01.jpg","width":1024,"height":768},{"@type":"BreadcrumbList","@id":"https:\/\/www.cpartybikeexperience.com\/en\/produit\/la-costa-blanca-aux-cotes-des-pros\/#breadcrumb","itemListElement":[{"@type":"ListItem","position":1,"name":"Accueil","item":"https:\/\/www.cpartybikeexperience.com\/en\/"},{"@type":"ListItem","position":2,"name":"Shop","item":"https:\/\/www.cpartybikeexperience.com\/en\/boutique\/"},{"@type":"ListItem","position":3,"name":"The Costa Blanca alongside the pros"}]},{"@type":"WebSite","@id":"https:\/\/www.cpartybikeexperience.com\/en\/#website","url":"https:\/\/www.cpartybikeexperience.com\/en\/","name":"CPARTY BIKE EXPERIENCE","description":"Stages cyclismes - S\u00e9jours \u00e0 v\u00e9lo tous niveaux, tout inclus, encadr\u00e9s par des professionnels du cyclisme","publisher":{"@id":"https:\/\/www.cpartybikeexperience.com\/en\/#organization"},"alternateName":"CPARTY","potentialAction":[{"@type":"SearchAction","target":{"@type":"EntryPoint","urlTemplate":"https:\/\/www.cpartybikeexperience.com\/en\/?s={search_term_string}"},"query-input":{"@type":"PropertyValueSpecification","valueRequired":true,"valueName":"search_term_string"}}],"inLanguage":"en-US"},{"@type":"Organization","@id":"https:\/\/www.cpartybikeexperience.com\/en\/#organization","name":"CPARTY BIKE EXPERIENCE","alternateName":"CPARTY","url":"https:\/\/www.cpartybikeexperience.com\/en\/","logo":{"@type":"ImageObject","inLanguage":"en-US","@id":"https:\/\/www.cpartybikeexperience.com\/en\/#\/schema\/logo\/image\/","url":"https:\/\/www.cpartybikeexperience.com\/wp-content\/uploads\/2025\/07\/Logo-CPARTY-Bike-Experience-01.png","contentUrl":"https:\/\/www.cpartybikeexperience.com\/wp-content\/uploads\/2025\/07\/Logo-CPARTY-Bike-Experience-01.png","width":1000,"height":538,"caption":"CPARTY BIKE EXPERIENCE"},"image":{"@id":"https:\/\/www.cpartybikeexperience.com\/en\/#\/schema\/logo\/image\/"},"sameAs":["https:\/\/www.facebook.com\/CpartyBikeExperience","https:\/\/www.instagram.com\/cpartybikeexperience\/","https:\/\/www.linkedin.com\/company\/cparty-bike-experience\/"]}]}},"_links":{"self":[{"href":"https:\/\/www.cpartybikeexperience.com\/en\/wp-json\/wp\/v2\/product\/9453","targetHints":{"allow":["GET"]}}],"collection":[{"href":"https:\/\/www.cpartybikeexperience.com\/en\/wp-json\/wp\/v2\/product"}],"about":[{"href":"https:\/\/www.cpartybikeexperience.com\/en\/wp-json\/wp\/v2\/types\/product"}],"wp:featuredmedia":[{"embeddable":true,"href":"https:\/\/www.cpartybikeexperience.com\/en\/wp-json\/wp\/v2\/media\/10595"}],"wp:attachment":[{"href":"https:\/\/www.cpartybikeexperience.com\/en\/wp-json\/wp\/v2\/media?parent=9453"}],"wp:term":[{"taxonomy":"product_brand","embeddable":true,"href":"https:\/\/www.cpartybikeexperience.com\/en\/wp-json\/wp\/v2\/product_brand?post=9453"},{"taxonomy":"product_cat","embeddable":true,"href":"https:\/\/www.cpartybikeexperience.com\/en\/wp-json\/wp\/v2\/product_cat?post=9453"},{"taxonomy":"product_tag","embeddable":true,"href":"https:\/\/www.cpartybikeexperience.com\/en\/wp-json\/wp\/v2\/product_tag?post=9453"}],"curies":[{"name":"wp","href":"https:\/\/api.w.org\/{rel}","templated":true}]}}