{"id":9427,"date":"2025-11-10T18:40:32","date_gmt":"2025-11-10T17:40:32","guid":{"rendered":"https:\/\/www.cpartybikeexperience.com\/produit\/the-mythical-passes-of-the-alps-preparation-for-the-etape-du-tour-2026\/"},"modified":"2026-03-02T10:17:21","modified_gmt":"2026-03-02T09:17:21","slug":"cols-mythiques-des-alpes-etape-du-tour","status":"publish","type":"product","link":"https:\/\/www.cpartybikeexperience.com\/en\/produit\/cols-mythiques-des-alpes-etape-du-tour\/","title":{"rendered":"The mythical passes of the Alps + Preparation for the Etape du Tour 2026"},"content":{"rendered":"<p>The Col de la Croix de Fer, the Galibier, the hairpin bends of Montvernier, L&#8217;Izoard, L&#8217;Alpe d&#8217;Huez, the Col de Sarenne, does that sound familiar?<\/p>\n<p>You will choose your distance each day, everyone will climb at their own pace, but you will all be proud to have climbed the mythical passes of the Alps and to have reconnoitred the route of the Etape du Tour 2026.<\/p>\n<p>Do you want to refine your physical condition, prepare for a goal, progress in a specific area, reconnoitre the route of the Etape du Tour 2026, or simply have fun on the bike in privileged conditions? Then this cycling course is for you. It will allow you to rack up the kilometers and to chain the differences in altitude in ideal conditions but also to acquire valuable advice from our experts to progress at your level. It is also the ideal preparation 1 month before the Etape du Tour.   <\/p>\n<p>You will be coached by Th\u00e9o Ouvrard, coach of the professional team Q36.5, but also at your side on the bike by <strong>Brice Feillu, winner of a stage of the 2009 Tour<\/strong>, and <strong>Denis Leproux, ex-professional and Sports Director at the highest level.<\/strong><br \/>\nDon&#8217;t worry, <strong>we&#8217;ll run 2 groups of levels and these champions will adapt to your level.<\/strong><\/p>\n<p>You will learn and progress alongside your qualified coaches on the bike and during the daily thematic conferences. At the end of each day, our expert coaches will answer your questions and bring you their advice and tips during friendly thematic conferences to tackle your goal for the month of July (negotiating the climb and descent of a pass, recovery, dietary and equipment advice, training and preparation the last month before the Etape du Tour,  &#8230;) <\/p>\n<p>Our expert staff will offer you a 4-star service, just like the pros.<\/p>\n<p>With the dynamic resort of Les Deux Alpes as your starting and finishing point, you will set off on an itinerant loop and will be accommodated with full board in very beautiful hotels \u2b50\ufe0f\u2b50\ufe0f\u2b50\ufe0f and \u2b50\ufe0f\u2b50\ufe0f\u2b50\ufe0f\u2b50\ufe0f .<\/p>\n<p>We take care of forwarding your luggage from hotel to hotel. You will stay 1 night in Les 2 Alpes, 1 night in St-Jean-de-Maurienne, 2 nights in Brian\u00e7on, before a last night in the Deus-Alpes. <\/p>\n<p>In order to offer a quality service and to be available and attentive to everyone&#8217;s expectations, <strong>we limit the number of participants to 25 cyclists.<\/strong><\/p>\n<p><span data-sheets-root=\"1\">\ud83d\udc49 <a href=\"https:\/\/www.cpartybikeexperience.com\/en\/events\/cols-mythiques-des-alpes-etape-du-tour\/\">Consult the complete course sheet<\/a><\/span><\/p>\n<a itemprop=\"url\" href=\"\/events\/cols-mythiques-des-alpes-etape-du-tour\/\" target=\"_self\" style=\"color: #000000;background-color: #FED620;font-size: 18px;font-weight: 600\" class=\"qodef-btn qodef-btn-medium qodef-btn-solid qodef-btn-custom-hover-bg\" data-hover-bg-color=\"#5dc9e8\" >\n    <span class=\"qodef-btn-text\">Discover the complete programme of the cycling course<\/span>\n    <span class=\"qodef-btn-bg-hover-holder\"><\/span>\n    <i class=\"qodef-icon-font-awesome  \" ><\/i><\/a>\n","protected":false},"excerpt":{"rendered":"<h1>Book your cycling course in the Alps \u2013 \u00c9tape du Tour &amp; mythical passes<\/h1>\n<p>You can <strong data-start=\"1984\" data-end=\"2037\">book your Alpes \u00c9tape du Tour cycling course<\/strong> here, an all-inclusive stay to discover the mythical passes (Galibier, Croix de Fer, Izoard, Alpe d&#8217;Huez) and reconnoitre the route with professional coaching. A unique experience to progress and live the mountains in ideal conditions. <\/p>\n<ul>\n<li>June 7 to 12, 2026<\/li>\n<li>6 days and 5 nights<\/li>\n<li>5 bike rides<\/li>\n<\/ul>\n","protected":false},"featured_media":8853,"template":"","meta":[],"product_brand":[99],"product_cat":[170],"product_tag":[],"class_list":{"0":"post-9427","1":"product","2":"type-product","3":"status-publish","4":"has-post-thumbnail","6":"product_brand-cpartybikeexperience","7":"product_cat-internships","9":"first","10":"instock","11":"taxable","12":"shipping-taxable","13":"purchasable","14":"product-type-variable","15":"has-default-attributes"},"yoast_head":"<!-- This site is optimized with the Yoast SEO plugin v26.9 - https:\/\/yoast.com\/product\/yoast-seo-wordpress\/ -->\n<title>Book Alps \u00c9tape du Tour cycling course | Mythical passes &amp; pro coaching<\/title>\n<meta name=\"description\" content=\"Cycling course Alpes \u00c9tape du Tour: all-inclusive stay with reconnaissance of the route, ascent of the mythical passes (Galibier, Croix de Fer, Izoard, Alpe d&#039;Huez) and professional coaching to progress in ideal conditions.\" \/>\n<meta name=\"robots\" content=\"index, follow, max-snippet:-1, max-image-preview:large, max-video-preview:-1\" \/>\n<link rel=\"canonical\" href=\"https:\/\/www.cpartybikeexperience.com\/en\/produit\/cols-mythiques-des-alpes-etape-du-tour\/\" \/>\n<meta property=\"og:locale\" content=\"en_US\" \/>\n<meta property=\"og:type\" content=\"article\" \/>\n<meta property=\"og:title\" content=\"Book Alps \u00c9tape du Tour cycling course | Mythical passes &amp; pro coaching\" \/>\n<meta property=\"og:description\" content=\"Cycling course Alpes \u00c9tape du Tour: all-inclusive stay with reconnaissance of the route, ascent of the mythical passes (Galibier, Croix de Fer, Izoard, Alpe d&#039;Huez) and professional coaching to progress in ideal conditions.\" \/>\n<meta property=\"og:url\" content=\"https:\/\/www.cpartybikeexperience.com\/en\/produit\/cols-mythiques-des-alpes-etape-du-tour\/\" \/>\n<meta property=\"og:site_name\" content=\"CPARTY BIKE EXPERIENCE\" \/>\n<meta property=\"article:publisher\" content=\"https:\/\/www.facebook.com\/CpartyBikeExperience\" \/>\n<meta property=\"article:modified_time\" content=\"2026-03-02T09:17:21+00:00\" \/>\n<meta property=\"og:image\" content=\"https:\/\/www.cpartybikeexperience.com\/wp-content\/uploads\/2025\/11\/2026-cols-mythiques-des-alpes-etape-du-tour-2026-01.webp\" \/>\n\t<meta property=\"og:image:width\" content=\"1024\" \/>\n\t<meta property=\"og:image:height\" content=\"768\" \/>\n\t<meta property=\"og:image:type\" content=\"image\/jpeg\" \/>\n<script type=\"application\/ld+json\" class=\"yoast-schema-graph\">{\"@context\":\"https:\/\/schema.org\",\"@graph\":[{\"@type\":\"WebPage\",\"@id\":\"https:\/\/www.cpartybikeexperience.com\/en\/produit\/cols-mythiques-des-alpes-etape-du-tour\/\",\"url\":\"https:\/\/www.cpartybikeexperience.com\/en\/produit\/cols-mythiques-des-alpes-etape-du-tour\/\",\"name\":\"Book Alps \u00c9tape du Tour cycling course | Mythical passes & pro coaching\",\"isPartOf\":{\"@id\":\"https:\/\/www.cpartybikeexperience.com\/en\/#website\"},\"primaryImageOfPage\":{\"@id\":\"https:\/\/www.cpartybikeexperience.com\/en\/produit\/cols-mythiques-des-alpes-etape-du-tour\/#primaryimage\"},\"image\":{\"@id\":\"https:\/\/www.cpartybikeexperience.com\/en\/produit\/cols-mythiques-des-alpes-etape-du-tour\/#primaryimage\"},\"thumbnailUrl\":\"https:\/\/www.cpartybikeexperience.com\/wp-content\/uploads\/2025\/11\/2026-cols-mythiques-des-alpes-etape-du-tour-2026-01.webp\",\"datePublished\":\"2025-11-10T17:40:32+00:00\",\"dateModified\":\"2026-03-02T09:17:21+00:00\",\"description\":\"Cycling course Alpes \u00c9tape du Tour: all-inclusive stay with reconnaissance of the route, ascent of the mythical passes (Galibier, Croix de Fer, Izoard, Alpe d'Huez) and professional coaching to progress in ideal conditions.\",\"breadcrumb\":{\"@id\":\"https:\/\/www.cpartybikeexperience.com\/en\/produit\/cols-mythiques-des-alpes-etape-du-tour\/#breadcrumb\"},\"inLanguage\":\"en-US\",\"potentialAction\":[{\"@type\":\"ReadAction\",\"target\":[\"https:\/\/www.cpartybikeexperience.com\/en\/produit\/cols-mythiques-des-alpes-etape-du-tour\/\"]}]},{\"@type\":\"ImageObject\",\"inLanguage\":\"en-US\",\"@id\":\"https:\/\/www.cpartybikeexperience.com\/en\/produit\/cols-mythiques-des-alpes-etape-du-tour\/#primaryimage\",\"url\":\"https:\/\/www.cpartybikeexperience.com\/wp-content\/uploads\/2025\/11\/2026-cols-mythiques-des-alpes-etape-du-tour-2026-01.webp\",\"contentUrl\":\"https:\/\/www.cpartybikeexperience.com\/wp-content\/uploads\/2025\/11\/2026-cols-mythiques-des-alpes-etape-du-tour-2026-01.webp\",\"width\":1024,\"height\":768},{\"@type\":\"BreadcrumbList\",\"@id\":\"https:\/\/www.cpartybikeexperience.com\/en\/produit\/cols-mythiques-des-alpes-etape-du-tour\/#breadcrumb\",\"itemListElement\":[{\"@type\":\"ListItem\",\"position\":1,\"name\":\"Accueil\",\"item\":\"https:\/\/www.cpartybikeexperience.com\/en\/\"},{\"@type\":\"ListItem\",\"position\":2,\"name\":\"Shop\",\"item\":\"https:\/\/www.cpartybikeexperience.com\/en\/boutique\/\"},{\"@type\":\"ListItem\",\"position\":3,\"name\":\"The mythical passes of the Alps + Preparation for the Etape du Tour 2026\"}]},{\"@type\":\"WebSite\",\"@id\":\"https:\/\/www.cpartybikeexperience.com\/en\/#website\",\"url\":\"https:\/\/www.cpartybikeexperience.com\/en\/\",\"name\":\"CPARTY BIKE EXPERIENCE\",\"description\":\"Stages cyclismes - S\u00e9jours \u00e0 v\u00e9lo tous niveaux, tout inclus, encadr\u00e9s par des professionnels du cyclisme\",\"publisher\":{\"@id\":\"https:\/\/www.cpartybikeexperience.com\/en\/#organization\"},\"alternateName\":\"CPARTY\",\"potentialAction\":[{\"@type\":\"SearchAction\",\"target\":{\"@type\":\"EntryPoint\",\"urlTemplate\":\"https:\/\/www.cpartybikeexperience.com\/en\/?s={search_term_string}\"},\"query-input\":{\"@type\":\"PropertyValueSpecification\",\"valueRequired\":true,\"valueName\":\"search_term_string\"}}],\"inLanguage\":\"en-US\"},{\"@type\":\"Organization\",\"@id\":\"https:\/\/www.cpartybikeexperience.com\/en\/#organization\",\"name\":\"CPARTY BIKE EXPERIENCE\",\"alternateName\":\"CPARTY\",\"url\":\"https:\/\/www.cpartybikeexperience.com\/en\/\",\"logo\":{\"@type\":\"ImageObject\",\"inLanguage\":\"en-US\",\"@id\":\"https:\/\/www.cpartybikeexperience.com\/en\/#\/schema\/logo\/image\/\",\"url\":\"https:\/\/www.cpartybikeexperience.com\/wp-content\/uploads\/2025\/07\/Logo-CPARTY-Bike-Experience-01.png\",\"contentUrl\":\"https:\/\/www.cpartybikeexperience.com\/wp-content\/uploads\/2025\/07\/Logo-CPARTY-Bike-Experience-01.png\",\"width\":1000,\"height\":538,\"caption\":\"CPARTY BIKE EXPERIENCE\"},\"image\":{\"@id\":\"https:\/\/www.cpartybikeexperience.com\/en\/#\/schema\/logo\/image\/\"},\"sameAs\":[\"https:\/\/www.facebook.com\/CpartyBikeExperience\",\"https:\/\/www.instagram.com\/cpartybikeexperience\/\",\"https:\/\/www.linkedin.com\/company\/cparty-bike-experience\/\"]}]}<\/script>\n<!-- \/ Yoast SEO plugin. -->","yoast_head_json":{"title":"Book Alps \u00c9tape du Tour cycling course | Mythical passes & pro coaching","description":"Cycling course Alpes \u00c9tape du Tour: all-inclusive stay with reconnaissance of the route, ascent of the mythical passes (Galibier, Croix de Fer, Izoard, Alpe d'Huez) and professional coaching to progress in ideal conditions.","robots":{"index":"index","follow":"follow","max-snippet":"max-snippet:-1","max-image-preview":"max-image-preview:large","max-video-preview":"max-video-preview:-1"},"canonical":"https:\/\/www.cpartybikeexperience.com\/en\/produit\/cols-mythiques-des-alpes-etape-du-tour\/","og_locale":"en_US","og_type":"article","og_title":"Book Alps \u00c9tape du Tour cycling course | Mythical passes & pro coaching","og_description":"Cycling course Alpes \u00c9tape du Tour: all-inclusive stay with reconnaissance of the route, ascent of the mythical passes (Galibier, Croix de Fer, Izoard, Alpe d'Huez) and professional coaching to progress in ideal conditions.","og_url":"https:\/\/www.cpartybikeexperience.com\/en\/produit\/cols-mythiques-des-alpes-etape-du-tour\/","og_site_name":"CPARTY BIKE EXPERIENCE","article_publisher":"https:\/\/www.facebook.com\/CpartyBikeExperience","article_modified_time":"2026-03-02T09:17:21+00:00","og_image":[{"width":1024,"height":768,"url":"https:\/\/www.cpartybikeexperience.com\/wp-content\/uploads\/2025\/11\/2026-cols-mythiques-des-alpes-etape-du-tour-2026-01.webp","type":"image\/jpeg"}],"schema":{"@context":"https:\/\/schema.org","@graph":[{"@type":"WebPage","@id":"https:\/\/www.cpartybikeexperience.com\/en\/produit\/cols-mythiques-des-alpes-etape-du-tour\/","url":"https:\/\/www.cpartybikeexperience.com\/en\/produit\/cols-mythiques-des-alpes-etape-du-tour\/","name":"Book Alps \u00c9tape du Tour cycling course | Mythical passes & pro coaching","isPartOf":{"@id":"https:\/\/www.cpartybikeexperience.com\/en\/#website"},"primaryImageOfPage":{"@id":"https:\/\/www.cpartybikeexperience.com\/en\/produit\/cols-mythiques-des-alpes-etape-du-tour\/#primaryimage"},"image":{"@id":"https:\/\/www.cpartybikeexperience.com\/en\/produit\/cols-mythiques-des-alpes-etape-du-tour\/#primaryimage"},"thumbnailUrl":"https:\/\/www.cpartybikeexperience.com\/wp-content\/uploads\/2025\/11\/2026-cols-mythiques-des-alpes-etape-du-tour-2026-01.webp","datePublished":"2025-11-10T17:40:32+00:00","dateModified":"2026-03-02T09:17:21+00:00","description":"Cycling course Alpes \u00c9tape du Tour: all-inclusive stay with reconnaissance of the route, ascent of the mythical passes (Galibier, Croix de Fer, Izoard, Alpe d'Huez) and professional coaching to progress in ideal conditions.","breadcrumb":{"@id":"https:\/\/www.cpartybikeexperience.com\/en\/produit\/cols-mythiques-des-alpes-etape-du-tour\/#breadcrumb"},"inLanguage":"en-US","potentialAction":[{"@type":"ReadAction","target":["https:\/\/www.cpartybikeexperience.com\/en\/produit\/cols-mythiques-des-alpes-etape-du-tour\/"]}]},{"@type":"ImageObject","inLanguage":"en-US","@id":"https:\/\/www.cpartybikeexperience.com\/en\/produit\/cols-mythiques-des-alpes-etape-du-tour\/#primaryimage","url":"https:\/\/www.cpartybikeexperience.com\/wp-content\/uploads\/2025\/11\/2026-cols-mythiques-des-alpes-etape-du-tour-2026-01.webp","contentUrl":"https:\/\/www.cpartybikeexperience.com\/wp-content\/uploads\/2025\/11\/2026-cols-mythiques-des-alpes-etape-du-tour-2026-01.webp","width":1024,"height":768},{"@type":"BreadcrumbList","@id":"https:\/\/www.cpartybikeexperience.com\/en\/produit\/cols-mythiques-des-alpes-etape-du-tour\/#breadcrumb","itemListElement":[{"@type":"ListItem","position":1,"name":"Accueil","item":"https:\/\/www.cpartybikeexperience.com\/en\/"},{"@type":"ListItem","position":2,"name":"Shop","item":"https:\/\/www.cpartybikeexperience.com\/en\/boutique\/"},{"@type":"ListItem","position":3,"name":"The mythical passes of the Alps + Preparation for the Etape du Tour 2026"}]},{"@type":"WebSite","@id":"https:\/\/www.cpartybikeexperience.com\/en\/#website","url":"https:\/\/www.cpartybikeexperience.com\/en\/","name":"CPARTY BIKE EXPERIENCE","description":"Stages cyclismes - S\u00e9jours \u00e0 v\u00e9lo tous niveaux, tout inclus, encadr\u00e9s par des professionnels du cyclisme","publisher":{"@id":"https:\/\/www.cpartybikeexperience.com\/en\/#organization"},"alternateName":"CPARTY","potentialAction":[{"@type":"SearchAction","target":{"@type":"EntryPoint","urlTemplate":"https:\/\/www.cpartybikeexperience.com\/en\/?s={search_term_string}"},"query-input":{"@type":"PropertyValueSpecification","valueRequired":true,"valueName":"search_term_string"}}],"inLanguage":"en-US"},{"@type":"Organization","@id":"https:\/\/www.cpartybikeexperience.com\/en\/#organization","name":"CPARTY BIKE EXPERIENCE","alternateName":"CPARTY","url":"https:\/\/www.cpartybikeexperience.com\/en\/","logo":{"@type":"ImageObject","inLanguage":"en-US","@id":"https:\/\/www.cpartybikeexperience.com\/en\/#\/schema\/logo\/image\/","url":"https:\/\/www.cpartybikeexperience.com\/wp-content\/uploads\/2025\/07\/Logo-CPARTY-Bike-Experience-01.png","contentUrl":"https:\/\/www.cpartybikeexperience.com\/wp-content\/uploads\/2025\/07\/Logo-CPARTY-Bike-Experience-01.png","width":1000,"height":538,"caption":"CPARTY BIKE EXPERIENCE"},"image":{"@id":"https:\/\/www.cpartybikeexperience.com\/en\/#\/schema\/logo\/image\/"},"sameAs":["https:\/\/www.facebook.com\/CpartyBikeExperience","https:\/\/www.instagram.com\/cpartybikeexperience\/","https:\/\/www.linkedin.com\/company\/cparty-bike-experience\/"]}]}},"_links":{"self":[{"href":"https:\/\/www.cpartybikeexperience.com\/en\/wp-json\/wp\/v2\/product\/9427","targetHints":{"allow":["GET"]}}],"collection":[{"href":"https:\/\/www.cpartybikeexperience.com\/en\/wp-json\/wp\/v2\/product"}],"about":[{"href":"https:\/\/www.cpartybikeexperience.com\/en\/wp-json\/wp\/v2\/types\/product"}],"wp:featuredmedia":[{"embeddable":true,"href":"https:\/\/www.cpartybikeexperience.com\/en\/wp-json\/wp\/v2\/media\/8853"}],"wp:attachment":[{"href":"https:\/\/www.cpartybikeexperience.com\/en\/wp-json\/wp\/v2\/media?parent=9427"}],"wp:term":[{"taxonomy":"product_brand","embeddable":true,"href":"https:\/\/www.cpartybikeexperience.com\/en\/wp-json\/wp\/v2\/product_brand?post=9427"},{"taxonomy":"product_cat","embeddable":true,"href":"https:\/\/www.cpartybikeexperience.com\/en\/wp-json\/wp\/v2\/product_cat?post=9427"},{"taxonomy":"product_tag","embeddable":true,"href":"https:\/\/www.cpartybikeexperience.com\/en\/wp-json\/wp\/v2\/product_tag?post=9427"}],"curies":[{"name":"wp","href":"https:\/\/api.w.org\/{rel}","templated":true}]}}