{"id":9322,"date":"2025-10-09T17:32:11","date_gmt":"2025-10-09T15:32:11","guid":{"rendered":"https:\/\/www.cpartybikeexperience.com\/produit\/ardeche-experience\/"},"modified":"2025-12-12T14:10:54","modified_gmt":"2025-12-12T13:10:54","slug":"ardeche-experience","status":"publish","type":"product","link":"https:\/\/www.cpartybikeexperience.com\/en\/produit\/ardeche-experience\/","title":{"rendered":"Ard\u00e8che experience"},"content":{"rendered":"<p>Come and ride in the Ard\u00e8che, between wild valleys and breathtaking panoramas, during a unique cycling holiday in the heart of unspoilt nature. Discover beautiful roads with little traffic, picturesque villages and unspoilt landscapes, ideal for all cycling enthusiasts looking for challenges and sensations. <\/p>\n<p>Supervised by experienced coaches and cycling experts, you will benefit from their advice and expert view to progress and have even more fun on the bike. Each day alternates outings adapted to your level, as well as moments of sharing around the common passion for cycling. <\/p>\n<p>Accommodated with full board at Domaine Lou Capitelle &amp; Spa****, you will enjoy a comfortable setting with spa, swimming pool and quality catering, perfect for combining performance, recovery and relaxation.<\/p>\n<p>\ud83d\udc49 A friendly, motivating and inspiring stay, to pedal in the heart of the Ard\u00e8che and discover its landscapes among the most beautiful in France, alongside passionate and experienced coaches.<\/p>\n<p><span data-sheets-root=\"1\">\ud83d\udc49 <a href=\"https:\/\/www.cpartybikeexperience.com\/en\/events\/ardeche-experience\/\">Consult the complete course sheet<\/a><\/span><\/p>\n<a itemprop=\"url\" href=\"\/events\/ardeche-experience\/\" target=\"_self\" style=\"color: #000000;background-color: #FED620;font-size: 18px;font-weight: 600\" class=\"qodef-btn qodef-btn-medium qodef-btn-solid qodef-btn-custom-hover-bg\" data-hover-bg-color=\"#5dc9e8\" >\n    <span class=\"qodef-btn-text\">Discover the complete programme of the cycling course<\/span>\n    <span class=\"qodef-btn-bg-hover-holder\"><\/span>\n    <i class=\"qodef-icon-font-awesome  \" ><\/i><\/a>\n","protected":false},"excerpt":{"rendered":"<h1>Book your cycling holiday in the Ard\u00e8che \u2013 Hotel 4\u2605 &amp; Scenic Roads<\/h1>\n<p>You can <strong data-start=\"1766\" data-end=\"1811\">book your cycling holiday in the Ard\u00e8che here, an all-inclusive<\/strong> course combining picturesque roads, unspoilt nature and accommodation 4\u2605 with spa. CPARTY offers a friendly stay accessible to all levels to ride and enjoy an exceptional setting. <\/p>\n<ul>\n<li>May 3 to 8, 2026<\/li>\n<li>6 days and 5 nights<\/li>\n<li>5 bike rides<\/li>\n<\/ul>\n","protected":false},"featured_media":7529,"template":"","meta":[],"product_brand":[99],"product_cat":[170],"product_tag":[],"class_list":{"0":"post-9322","1":"product","2":"type-product","3":"status-publish","4":"has-post-thumbnail","6":"product_brand-cpartybikeexperience","7":"product_cat-internships","9":"first","10":"instock","11":"taxable","12":"shipping-taxable","13":"purchasable","14":"product-type-variable","15":"has-default-attributes"},"yoast_head":"<!-- This site is optimized with the Yoast SEO plugin v26.9 - https:\/\/yoast.com\/product\/yoast-seo-wordpress\/ -->\n<title>Book a cycling holiday in the Ard\u00e8che | Nature, scenic drives &amp; hotel 4\u2605<\/title>\n<meta name=\"description\" content=\"Ard\u00e8che cycling holiday: picturesque roads, unspoilt nature and accommodation 4\u2605 with spa. All-inclusive stay to ride, discover and enjoy an ideal setting between enthusiasts.\" \/>\n<meta name=\"robots\" content=\"index, follow, max-snippet:-1, max-image-preview:large, max-video-preview:-1\" \/>\n<link rel=\"canonical\" href=\"https:\/\/www.cpartybikeexperience.com\/en\/produit\/ardeche-experience\/\" \/>\n<meta property=\"og:locale\" content=\"en_US\" \/>\n<meta property=\"og:type\" content=\"article\" \/>\n<meta property=\"og:title\" content=\"Book a cycling holiday in the Ard\u00e8che | Nature, scenic drives &amp; hotel 4\u2605\" \/>\n<meta property=\"og:description\" content=\"Ard\u00e8che cycling holiday: picturesque roads, unspoilt nature and accommodation 4\u2605 with spa. All-inclusive stay to ride, discover and enjoy an ideal setting between enthusiasts.\" \/>\n<meta property=\"og:url\" content=\"https:\/\/www.cpartybikeexperience.com\/en\/produit\/ardeche-experience\/\" \/>\n<meta property=\"og:site_name\" content=\"CPARTY BIKE EXPERIENCE\" \/>\n<meta property=\"article:publisher\" content=\"https:\/\/www.facebook.com\/CpartyBikeExperience\" \/>\n<meta property=\"article:modified_time\" content=\"2025-12-12T13:10:54+00:00\" \/>\n<meta property=\"og:image\" content=\"https:\/\/www.cpartybikeexperience.com\/wp-content\/uploads\/2025\/09\/cparty-ardeche-experience-01.webp\" \/>\n\t<meta property=\"og:image:width\" content=\"1024\" \/>\n\t<meta property=\"og:image:height\" content=\"768\" \/>\n\t<meta property=\"og:image:type\" content=\"image\/jpeg\" \/>\n<script type=\"application\/ld+json\" class=\"yoast-schema-graph\">{\"@context\":\"https:\/\/schema.org\",\"@graph\":[{\"@type\":\"WebPage\",\"@id\":\"https:\/\/www.cpartybikeexperience.com\/en\/produit\/ardeche-experience\/\",\"url\":\"https:\/\/www.cpartybikeexperience.com\/en\/produit\/ardeche-experience\/\",\"name\":\"Book a cycling holiday in the Ard\u00e8che | Nature, scenic drives & hotel 4\u2605\",\"isPartOf\":{\"@id\":\"https:\/\/www.cpartybikeexperience.com\/en\/#website\"},\"primaryImageOfPage\":{\"@id\":\"https:\/\/www.cpartybikeexperience.com\/en\/produit\/ardeche-experience\/#primaryimage\"},\"image\":{\"@id\":\"https:\/\/www.cpartybikeexperience.com\/en\/produit\/ardeche-experience\/#primaryimage\"},\"thumbnailUrl\":\"https:\/\/www.cpartybikeexperience.com\/wp-content\/uploads\/2025\/09\/cparty-ardeche-experience-01.webp\",\"datePublished\":\"2025-10-09T15:32:11+00:00\",\"dateModified\":\"2025-12-12T13:10:54+00:00\",\"description\":\"Ard\u00e8che cycling holiday: picturesque roads, unspoilt nature and accommodation 4\u2605 with spa. All-inclusive stay to ride, discover and enjoy an ideal setting between enthusiasts.\",\"breadcrumb\":{\"@id\":\"https:\/\/www.cpartybikeexperience.com\/en\/produit\/ardeche-experience\/#breadcrumb\"},\"inLanguage\":\"en-US\",\"potentialAction\":[{\"@type\":\"ReadAction\",\"target\":[\"https:\/\/www.cpartybikeexperience.com\/en\/produit\/ardeche-experience\/\"]}]},{\"@type\":\"ImageObject\",\"inLanguage\":\"en-US\",\"@id\":\"https:\/\/www.cpartybikeexperience.com\/en\/produit\/ardeche-experience\/#primaryimage\",\"url\":\"https:\/\/www.cpartybikeexperience.com\/wp-content\/uploads\/2025\/09\/cparty-ardeche-experience-01.webp\",\"contentUrl\":\"https:\/\/www.cpartybikeexperience.com\/wp-content\/uploads\/2025\/09\/cparty-ardeche-experience-01.webp\",\"width\":1024,\"height\":768},{\"@type\":\"BreadcrumbList\",\"@id\":\"https:\/\/www.cpartybikeexperience.com\/en\/produit\/ardeche-experience\/#breadcrumb\",\"itemListElement\":[{\"@type\":\"ListItem\",\"position\":1,\"name\":\"Accueil\",\"item\":\"https:\/\/www.cpartybikeexperience.com\/en\/\"},{\"@type\":\"ListItem\",\"position\":2,\"name\":\"Shop\",\"item\":\"https:\/\/www.cpartybikeexperience.com\/en\/boutique\/\"},{\"@type\":\"ListItem\",\"position\":3,\"name\":\"Ard\u00e8che experience\"}]},{\"@type\":\"WebSite\",\"@id\":\"https:\/\/www.cpartybikeexperience.com\/en\/#website\",\"url\":\"https:\/\/www.cpartybikeexperience.com\/en\/\",\"name\":\"CPARTY BIKE EXPERIENCE\",\"description\":\"Stages cyclismes - S\u00e9jours \u00e0 v\u00e9lo tous niveaux, tout inclus, encadr\u00e9s par des professionnels du cyclisme\",\"publisher\":{\"@id\":\"https:\/\/www.cpartybikeexperience.com\/en\/#organization\"},\"alternateName\":\"CPARTY\",\"potentialAction\":[{\"@type\":\"SearchAction\",\"target\":{\"@type\":\"EntryPoint\",\"urlTemplate\":\"https:\/\/www.cpartybikeexperience.com\/en\/?s={search_term_string}\"},\"query-input\":{\"@type\":\"PropertyValueSpecification\",\"valueRequired\":true,\"valueName\":\"search_term_string\"}}],\"inLanguage\":\"en-US\"},{\"@type\":\"Organization\",\"@id\":\"https:\/\/www.cpartybikeexperience.com\/en\/#organization\",\"name\":\"CPARTY BIKE EXPERIENCE\",\"alternateName\":\"CPARTY\",\"url\":\"https:\/\/www.cpartybikeexperience.com\/en\/\",\"logo\":{\"@type\":\"ImageObject\",\"inLanguage\":\"en-US\",\"@id\":\"https:\/\/www.cpartybikeexperience.com\/en\/#\/schema\/logo\/image\/\",\"url\":\"https:\/\/www.cpartybikeexperience.com\/wp-content\/uploads\/2025\/07\/Logo-CPARTY-Bike-Experience-01.png\",\"contentUrl\":\"https:\/\/www.cpartybikeexperience.com\/wp-content\/uploads\/2025\/07\/Logo-CPARTY-Bike-Experience-01.png\",\"width\":1000,\"height\":538,\"caption\":\"CPARTY BIKE EXPERIENCE\"},\"image\":{\"@id\":\"https:\/\/www.cpartybikeexperience.com\/en\/#\/schema\/logo\/image\/\"},\"sameAs\":[\"https:\/\/www.facebook.com\/CpartyBikeExperience\",\"https:\/\/www.instagram.com\/cpartybikeexperience\/\",\"https:\/\/www.linkedin.com\/company\/cparty-bike-experience\/\"]}]}<\/script>\n<!-- \/ Yoast SEO plugin. -->","yoast_head_json":{"title":"Book a cycling holiday in the Ard\u00e8che | Nature, scenic drives & hotel 4\u2605","description":"Ard\u00e8che cycling holiday: picturesque roads, unspoilt nature and accommodation 4\u2605 with spa. All-inclusive stay to ride, discover and enjoy an ideal setting between enthusiasts.","robots":{"index":"index","follow":"follow","max-snippet":"max-snippet:-1","max-image-preview":"max-image-preview:large","max-video-preview":"max-video-preview:-1"},"canonical":"https:\/\/www.cpartybikeexperience.com\/en\/produit\/ardeche-experience\/","og_locale":"en_US","og_type":"article","og_title":"Book a cycling holiday in the Ard\u00e8che | Nature, scenic drives & hotel 4\u2605","og_description":"Ard\u00e8che cycling holiday: picturesque roads, unspoilt nature and accommodation 4\u2605 with spa. All-inclusive stay to ride, discover and enjoy an ideal setting between enthusiasts.","og_url":"https:\/\/www.cpartybikeexperience.com\/en\/produit\/ardeche-experience\/","og_site_name":"CPARTY BIKE EXPERIENCE","article_publisher":"https:\/\/www.facebook.com\/CpartyBikeExperience","article_modified_time":"2025-12-12T13:10:54+00:00","og_image":[{"width":1024,"height":768,"url":"https:\/\/www.cpartybikeexperience.com\/wp-content\/uploads\/2025\/09\/cparty-ardeche-experience-01.webp","type":"image\/jpeg"}],"schema":{"@context":"https:\/\/schema.org","@graph":[{"@type":"WebPage","@id":"https:\/\/www.cpartybikeexperience.com\/en\/produit\/ardeche-experience\/","url":"https:\/\/www.cpartybikeexperience.com\/en\/produit\/ardeche-experience\/","name":"Book a cycling holiday in the Ard\u00e8che | Nature, scenic drives & hotel 4\u2605","isPartOf":{"@id":"https:\/\/www.cpartybikeexperience.com\/en\/#website"},"primaryImageOfPage":{"@id":"https:\/\/www.cpartybikeexperience.com\/en\/produit\/ardeche-experience\/#primaryimage"},"image":{"@id":"https:\/\/www.cpartybikeexperience.com\/en\/produit\/ardeche-experience\/#primaryimage"},"thumbnailUrl":"https:\/\/www.cpartybikeexperience.com\/wp-content\/uploads\/2025\/09\/cparty-ardeche-experience-01.webp","datePublished":"2025-10-09T15:32:11+00:00","dateModified":"2025-12-12T13:10:54+00:00","description":"Ard\u00e8che cycling holiday: picturesque roads, unspoilt nature and accommodation 4\u2605 with spa. All-inclusive stay to ride, discover and enjoy an ideal setting between enthusiasts.","breadcrumb":{"@id":"https:\/\/www.cpartybikeexperience.com\/en\/produit\/ardeche-experience\/#breadcrumb"},"inLanguage":"en-US","potentialAction":[{"@type":"ReadAction","target":["https:\/\/www.cpartybikeexperience.com\/en\/produit\/ardeche-experience\/"]}]},{"@type":"ImageObject","inLanguage":"en-US","@id":"https:\/\/www.cpartybikeexperience.com\/en\/produit\/ardeche-experience\/#primaryimage","url":"https:\/\/www.cpartybikeexperience.com\/wp-content\/uploads\/2025\/09\/cparty-ardeche-experience-01.webp","contentUrl":"https:\/\/www.cpartybikeexperience.com\/wp-content\/uploads\/2025\/09\/cparty-ardeche-experience-01.webp","width":1024,"height":768},{"@type":"BreadcrumbList","@id":"https:\/\/www.cpartybikeexperience.com\/en\/produit\/ardeche-experience\/#breadcrumb","itemListElement":[{"@type":"ListItem","position":1,"name":"Accueil","item":"https:\/\/www.cpartybikeexperience.com\/en\/"},{"@type":"ListItem","position":2,"name":"Shop","item":"https:\/\/www.cpartybikeexperience.com\/en\/boutique\/"},{"@type":"ListItem","position":3,"name":"Ard\u00e8che experience"}]},{"@type":"WebSite","@id":"https:\/\/www.cpartybikeexperience.com\/en\/#website","url":"https:\/\/www.cpartybikeexperience.com\/en\/","name":"CPARTY BIKE EXPERIENCE","description":"Stages cyclismes - S\u00e9jours \u00e0 v\u00e9lo tous niveaux, tout inclus, encadr\u00e9s par des professionnels du cyclisme","publisher":{"@id":"https:\/\/www.cpartybikeexperience.com\/en\/#organization"},"alternateName":"CPARTY","potentialAction":[{"@type":"SearchAction","target":{"@type":"EntryPoint","urlTemplate":"https:\/\/www.cpartybikeexperience.com\/en\/?s={search_term_string}"},"query-input":{"@type":"PropertyValueSpecification","valueRequired":true,"valueName":"search_term_string"}}],"inLanguage":"en-US"},{"@type":"Organization","@id":"https:\/\/www.cpartybikeexperience.com\/en\/#organization","name":"CPARTY BIKE EXPERIENCE","alternateName":"CPARTY","url":"https:\/\/www.cpartybikeexperience.com\/en\/","logo":{"@type":"ImageObject","inLanguage":"en-US","@id":"https:\/\/www.cpartybikeexperience.com\/en\/#\/schema\/logo\/image\/","url":"https:\/\/www.cpartybikeexperience.com\/wp-content\/uploads\/2025\/07\/Logo-CPARTY-Bike-Experience-01.png","contentUrl":"https:\/\/www.cpartybikeexperience.com\/wp-content\/uploads\/2025\/07\/Logo-CPARTY-Bike-Experience-01.png","width":1000,"height":538,"caption":"CPARTY BIKE EXPERIENCE"},"image":{"@id":"https:\/\/www.cpartybikeexperience.com\/en\/#\/schema\/logo\/image\/"},"sameAs":["https:\/\/www.facebook.com\/CpartyBikeExperience","https:\/\/www.instagram.com\/cpartybikeexperience\/","https:\/\/www.linkedin.com\/company\/cparty-bike-experience\/"]}]}},"_links":{"self":[{"href":"https:\/\/www.cpartybikeexperience.com\/en\/wp-json\/wp\/v2\/product\/9322","targetHints":{"allow":["GET"]}}],"collection":[{"href":"https:\/\/www.cpartybikeexperience.com\/en\/wp-json\/wp\/v2\/product"}],"about":[{"href":"https:\/\/www.cpartybikeexperience.com\/en\/wp-json\/wp\/v2\/types\/product"}],"wp:featuredmedia":[{"embeddable":true,"href":"https:\/\/www.cpartybikeexperience.com\/en\/wp-json\/wp\/v2\/media\/7529"}],"wp:attachment":[{"href":"https:\/\/www.cpartybikeexperience.com\/en\/wp-json\/wp\/v2\/media?parent=9322"}],"wp:term":[{"taxonomy":"product_brand","embeddable":true,"href":"https:\/\/www.cpartybikeexperience.com\/en\/wp-json\/wp\/v2\/product_brand?post=9322"},{"taxonomy":"product_cat","embeddable":true,"href":"https:\/\/www.cpartybikeexperience.com\/en\/wp-json\/wp\/v2\/product_cat?post=9322"},{"taxonomy":"product_tag","embeddable":true,"href":"https:\/\/www.cpartybikeexperience.com\/en\/wp-json\/wp\/v2\/product_tag?post=9322"}],"curies":[{"name":"wp","href":"https:\/\/api.w.org\/{rel}","templated":true}]}}