{"id":9097,"date":"2025-10-23T10:24:50","date_gmt":"2025-10-23T08:24:50","guid":{"rendered":"https:\/\/www.cpartybikeexperience.com\/produit\/letape-du-tour-alpe-dhuez-and-club-med-resort\/"},"modified":"2025-11-21T13:44:27","modified_gmt":"2025-11-21T12:44:27","slug":"letape-du-tour-alpe-dhuez-et-club-med-resort","status":"publish","type":"product","link":"https:\/\/www.cpartybikeexperience.com\/en\/produit\/letape-du-tour-alpe-dhuez-et-club-med-resort\/","title":{"rendered":"L&#8217;\u00c9tape du Tour &#8211; Alpe D&#8217;Huez and Club Med Resort"},"content":{"rendered":"<div class=\"wpb-content-wrapper\"><p>[vc_row][vc_column][vc_column_text css=&#8221;&#8221;]<strong>Official Tour Operator Pack: July 17-19, 2026<\/strong><\/p>\n<p>Take part in the Etape du Tour 2026 Bourg-d&#8217;Oisans &#8211; L&#8217;Alpe d&#8217;Huez in optimal conditions.<\/p>\n<p>In addition to the precious bib, you will benefit from a complete logistical organization, support and expert advice in order to fully and serenely enjoy this crazy cycling adventure on the same route as the stage of the Tour de France 2026.<\/p>\n<p>You will be <strong>accommodated in the superb Club Med Resort **** in Alpe d&#8217;Huez, 2 steps from the Village and the finish site. You will enjoy its great comfort, its All Inclusive formula with unlimited meals and drinks, free access to its 3 swimming pools and its SPA<\/strong>, as well as all its activities. You can leave your vehicle all weekend in the Club Med car park. We take care of the rest.<\/p>\n<p>&nbsp;<\/p>\n<p><a itemprop=\"url\" href=\"https:\/\/www.cpartybikeexperience.com\/en\/events\/etape-du-tour-2026-alpe-d-huez\/\" target=\"_self\" style=\"color: #000000;background-color: #FED620;font-size: 18px;font-weight: 600\" class=\"qodef-btn qodef-btn-medium qodef-btn-solid qodef-btn-custom-hover-bg\" data-hover-bg-color=\"#5dc9e8\" >\n    <span class=\"qodef-btn-text\">DISCOVER ALL THE DETAILS OF THE COURSE<\/span>\n    <span class=\"qodef-btn-bg-hover-holder\"><\/span>\n    <i class=\"qodef-icon-font-awesome  \" ><\/i><\/a>[\/vc_column_text][\/vc_column][\/vc_row]<\/p>\n<\/div>","protected":false},"excerpt":{"rendered":"<ul>\n<li>July 17 to 19, 2026<\/li>\n<li>3 days and 2 nights<\/li>\n<li>1 bike ride + the race<\/li>\n<\/ul>\n","protected":false},"featured_media":8251,"template":"","meta":[],"product_brand":[99],"product_cat":[170],"product_tag":[],"class_list":{"0":"post-9097","1":"product","2":"type-product","3":"status-publish","4":"has-post-thumbnail","6":"product_brand-cpartybikeexperience","7":"product_cat-internships","9":"first","10":"instock","11":"taxable","12":"shipping-taxable","13":"purchasable","14":"product-type-variable","15":"has-default-attributes"},"yoast_head":"<!-- This site is optimized with the Yoast SEO plugin v26.9 - https:\/\/yoast.com\/product\/yoast-seo-wordpress\/ -->\n<title>L&#039;\u00c9tape du Tour - Alpe D&#039;Huez and Club Med Resort - CPARTY BIKE EXPERIENCE<\/title>\n<meta name=\"robots\" content=\"index, follow, max-snippet:-1, max-image-preview:large, max-video-preview:-1\" \/>\n<link rel=\"canonical\" href=\"https:\/\/www.cpartybikeexperience.com\/en\/produit\/letape-du-tour-alpe-dhuez-et-club-med-resort\/\" \/>\n<meta property=\"og:locale\" content=\"en_US\" \/>\n<meta property=\"og:type\" content=\"article\" \/>\n<meta property=\"og:title\" content=\"L&#039;\u00c9tape du Tour - Alpe D&#039;Huez and Club Med Resort - CPARTY BIKE EXPERIENCE\" \/>\n<meta property=\"og:description\" content=\"July 17 to 19, 2026  3 days and 2 nights  1 bike ride + the race\" \/>\n<meta property=\"og:url\" content=\"https:\/\/www.cpartybikeexperience.com\/en\/produit\/letape-du-tour-alpe-dhuez-et-club-med-resort\/\" \/>\n<meta property=\"og:site_name\" content=\"CPARTY BIKE EXPERIENCE\" \/>\n<meta property=\"article:publisher\" content=\"https:\/\/www.facebook.com\/CpartyBikeExperience\" \/>\n<meta property=\"article:modified_time\" content=\"2025-11-21T12:44:27+00:00\" \/>\n<meta property=\"og:image\" content=\"https:\/\/www.cpartybikeexperience.com\/wp-content\/uploads\/2025\/10\/cparty-etape-du-tour-13-2.webp\" \/>\n\t<meta property=\"og:image:width\" content=\"1024\" \/>\n\t<meta property=\"og:image:height\" content=\"768\" \/>\n\t<meta property=\"og:image:type\" content=\"image\/jpeg\" \/>\n<script type=\"application\/ld+json\" class=\"yoast-schema-graph\">{\"@context\":\"https:\/\/schema.org\",\"@graph\":[{\"@type\":\"WebPage\",\"@id\":\"https:\/\/www.cpartybikeexperience.com\/en\/produit\/letape-du-tour-alpe-dhuez-et-club-med-resort\/\",\"url\":\"https:\/\/www.cpartybikeexperience.com\/en\/produit\/letape-du-tour-alpe-dhuez-et-club-med-resort\/\",\"name\":\"L'\u00c9tape du Tour - Alpe D'Huez and Club Med Resort - CPARTY BIKE EXPERIENCE\",\"isPartOf\":{\"@id\":\"https:\/\/www.cpartybikeexperience.com\/en\/#website\"},\"primaryImageOfPage\":{\"@id\":\"https:\/\/www.cpartybikeexperience.com\/en\/produit\/letape-du-tour-alpe-dhuez-et-club-med-resort\/#primaryimage\"},\"image\":{\"@id\":\"https:\/\/www.cpartybikeexperience.com\/en\/produit\/letape-du-tour-alpe-dhuez-et-club-med-resort\/#primaryimage\"},\"thumbnailUrl\":\"https:\/\/www.cpartybikeexperience.com\/wp-content\/uploads\/2025\/10\/cparty-etape-du-tour-13-2.webp\",\"datePublished\":\"2025-10-23T08:24:50+00:00\",\"dateModified\":\"2025-11-21T12:44:27+00:00\",\"breadcrumb\":{\"@id\":\"https:\/\/www.cpartybikeexperience.com\/en\/produit\/letape-du-tour-alpe-dhuez-et-club-med-resort\/#breadcrumb\"},\"inLanguage\":\"en-US\",\"potentialAction\":[{\"@type\":\"ReadAction\",\"target\":[\"https:\/\/www.cpartybikeexperience.com\/en\/produit\/letape-du-tour-alpe-dhuez-et-club-med-resort\/\"]}]},{\"@type\":\"ImageObject\",\"inLanguage\":\"en-US\",\"@id\":\"https:\/\/www.cpartybikeexperience.com\/en\/produit\/letape-du-tour-alpe-dhuez-et-club-med-resort\/#primaryimage\",\"url\":\"https:\/\/www.cpartybikeexperience.com\/wp-content\/uploads\/2025\/10\/cparty-etape-du-tour-13-2.webp\",\"contentUrl\":\"https:\/\/www.cpartybikeexperience.com\/wp-content\/uploads\/2025\/10\/cparty-etape-du-tour-13-2.webp\",\"width\":1024,\"height\":768},{\"@type\":\"BreadcrumbList\",\"@id\":\"https:\/\/www.cpartybikeexperience.com\/en\/produit\/letape-du-tour-alpe-dhuez-et-club-med-resort\/#breadcrumb\",\"itemListElement\":[{\"@type\":\"ListItem\",\"position\":1,\"name\":\"Accueil\",\"item\":\"https:\/\/www.cpartybikeexperience.com\/en\/\"},{\"@type\":\"ListItem\",\"position\":2,\"name\":\"Shop\",\"item\":\"https:\/\/www.cpartybikeexperience.com\/en\/boutique\/\"},{\"@type\":\"ListItem\",\"position\":3,\"name\":\"L&rsquo;\u00c9tape du Tour &#8211; Alpe D&rsquo;Huez and Club Med Resort\"}]},{\"@type\":\"WebSite\",\"@id\":\"https:\/\/www.cpartybikeexperience.com\/en\/#website\",\"url\":\"https:\/\/www.cpartybikeexperience.com\/en\/\",\"name\":\"CPARTY BIKE EXPERIENCE\",\"description\":\"Stages cyclismes - S\u00e9jours \u00e0 v\u00e9lo tous niveaux, tout inclus, encadr\u00e9s par des professionnels du cyclisme\",\"publisher\":{\"@id\":\"https:\/\/www.cpartybikeexperience.com\/en\/#organization\"},\"alternateName\":\"CPARTY\",\"potentialAction\":[{\"@type\":\"SearchAction\",\"target\":{\"@type\":\"EntryPoint\",\"urlTemplate\":\"https:\/\/www.cpartybikeexperience.com\/en\/?s={search_term_string}\"},\"query-input\":{\"@type\":\"PropertyValueSpecification\",\"valueRequired\":true,\"valueName\":\"search_term_string\"}}],\"inLanguage\":\"en-US\"},{\"@type\":\"Organization\",\"@id\":\"https:\/\/www.cpartybikeexperience.com\/en\/#organization\",\"name\":\"CPARTY BIKE EXPERIENCE\",\"alternateName\":\"CPARTY\",\"url\":\"https:\/\/www.cpartybikeexperience.com\/en\/\",\"logo\":{\"@type\":\"ImageObject\",\"inLanguage\":\"en-US\",\"@id\":\"https:\/\/www.cpartybikeexperience.com\/en\/#\/schema\/logo\/image\/\",\"url\":\"https:\/\/www.cpartybikeexperience.com\/wp-content\/uploads\/2025\/07\/Logo-CPARTY-Bike-Experience-01.png\",\"contentUrl\":\"https:\/\/www.cpartybikeexperience.com\/wp-content\/uploads\/2025\/07\/Logo-CPARTY-Bike-Experience-01.png\",\"width\":1000,\"height\":538,\"caption\":\"CPARTY BIKE EXPERIENCE\"},\"image\":{\"@id\":\"https:\/\/www.cpartybikeexperience.com\/en\/#\/schema\/logo\/image\/\"},\"sameAs\":[\"https:\/\/www.facebook.com\/CpartyBikeExperience\",\"https:\/\/www.instagram.com\/cpartybikeexperience\/\",\"https:\/\/www.linkedin.com\/company\/cparty-bike-experience\/\"]}]}<\/script>\n<!-- \/ Yoast SEO plugin. -->","yoast_head_json":{"title":"L'\u00c9tape du Tour - Alpe D'Huez and Club Med Resort - CPARTY BIKE EXPERIENCE","robots":{"index":"index","follow":"follow","max-snippet":"max-snippet:-1","max-image-preview":"max-image-preview:large","max-video-preview":"max-video-preview:-1"},"canonical":"https:\/\/www.cpartybikeexperience.com\/en\/produit\/letape-du-tour-alpe-dhuez-et-club-med-resort\/","og_locale":"en_US","og_type":"article","og_title":"L'\u00c9tape du Tour - Alpe D'Huez and Club Med Resort - CPARTY BIKE EXPERIENCE","og_description":"July 17 to 19, 2026  3 days and 2 nights  1 bike ride + the race","og_url":"https:\/\/www.cpartybikeexperience.com\/en\/produit\/letape-du-tour-alpe-dhuez-et-club-med-resort\/","og_site_name":"CPARTY BIKE EXPERIENCE","article_publisher":"https:\/\/www.facebook.com\/CpartyBikeExperience","article_modified_time":"2025-11-21T12:44:27+00:00","og_image":[{"width":1024,"height":768,"url":"https:\/\/www.cpartybikeexperience.com\/wp-content\/uploads\/2025\/10\/cparty-etape-du-tour-13-2.webp","type":"image\/jpeg"}],"schema":{"@context":"https:\/\/schema.org","@graph":[{"@type":"WebPage","@id":"https:\/\/www.cpartybikeexperience.com\/en\/produit\/letape-du-tour-alpe-dhuez-et-club-med-resort\/","url":"https:\/\/www.cpartybikeexperience.com\/en\/produit\/letape-du-tour-alpe-dhuez-et-club-med-resort\/","name":"L'\u00c9tape du Tour - Alpe D'Huez and Club Med Resort - CPARTY BIKE EXPERIENCE","isPartOf":{"@id":"https:\/\/www.cpartybikeexperience.com\/en\/#website"},"primaryImageOfPage":{"@id":"https:\/\/www.cpartybikeexperience.com\/en\/produit\/letape-du-tour-alpe-dhuez-et-club-med-resort\/#primaryimage"},"image":{"@id":"https:\/\/www.cpartybikeexperience.com\/en\/produit\/letape-du-tour-alpe-dhuez-et-club-med-resort\/#primaryimage"},"thumbnailUrl":"https:\/\/www.cpartybikeexperience.com\/wp-content\/uploads\/2025\/10\/cparty-etape-du-tour-13-2.webp","datePublished":"2025-10-23T08:24:50+00:00","dateModified":"2025-11-21T12:44:27+00:00","breadcrumb":{"@id":"https:\/\/www.cpartybikeexperience.com\/en\/produit\/letape-du-tour-alpe-dhuez-et-club-med-resort\/#breadcrumb"},"inLanguage":"en-US","potentialAction":[{"@type":"ReadAction","target":["https:\/\/www.cpartybikeexperience.com\/en\/produit\/letape-du-tour-alpe-dhuez-et-club-med-resort\/"]}]},{"@type":"ImageObject","inLanguage":"en-US","@id":"https:\/\/www.cpartybikeexperience.com\/en\/produit\/letape-du-tour-alpe-dhuez-et-club-med-resort\/#primaryimage","url":"https:\/\/www.cpartybikeexperience.com\/wp-content\/uploads\/2025\/10\/cparty-etape-du-tour-13-2.webp","contentUrl":"https:\/\/www.cpartybikeexperience.com\/wp-content\/uploads\/2025\/10\/cparty-etape-du-tour-13-2.webp","width":1024,"height":768},{"@type":"BreadcrumbList","@id":"https:\/\/www.cpartybikeexperience.com\/en\/produit\/letape-du-tour-alpe-dhuez-et-club-med-resort\/#breadcrumb","itemListElement":[{"@type":"ListItem","position":1,"name":"Accueil","item":"https:\/\/www.cpartybikeexperience.com\/en\/"},{"@type":"ListItem","position":2,"name":"Shop","item":"https:\/\/www.cpartybikeexperience.com\/en\/boutique\/"},{"@type":"ListItem","position":3,"name":"L&rsquo;\u00c9tape du Tour &#8211; Alpe D&rsquo;Huez and Club Med Resort"}]},{"@type":"WebSite","@id":"https:\/\/www.cpartybikeexperience.com\/en\/#website","url":"https:\/\/www.cpartybikeexperience.com\/en\/","name":"CPARTY BIKE EXPERIENCE","description":"Stages cyclismes - S\u00e9jours \u00e0 v\u00e9lo tous niveaux, tout inclus, encadr\u00e9s par des professionnels du cyclisme","publisher":{"@id":"https:\/\/www.cpartybikeexperience.com\/en\/#organization"},"alternateName":"CPARTY","potentialAction":[{"@type":"SearchAction","target":{"@type":"EntryPoint","urlTemplate":"https:\/\/www.cpartybikeexperience.com\/en\/?s={search_term_string}"},"query-input":{"@type":"PropertyValueSpecification","valueRequired":true,"valueName":"search_term_string"}}],"inLanguage":"en-US"},{"@type":"Organization","@id":"https:\/\/www.cpartybikeexperience.com\/en\/#organization","name":"CPARTY BIKE EXPERIENCE","alternateName":"CPARTY","url":"https:\/\/www.cpartybikeexperience.com\/en\/","logo":{"@type":"ImageObject","inLanguage":"en-US","@id":"https:\/\/www.cpartybikeexperience.com\/en\/#\/schema\/logo\/image\/","url":"https:\/\/www.cpartybikeexperience.com\/wp-content\/uploads\/2025\/07\/Logo-CPARTY-Bike-Experience-01.png","contentUrl":"https:\/\/www.cpartybikeexperience.com\/wp-content\/uploads\/2025\/07\/Logo-CPARTY-Bike-Experience-01.png","width":1000,"height":538,"caption":"CPARTY BIKE EXPERIENCE"},"image":{"@id":"https:\/\/www.cpartybikeexperience.com\/en\/#\/schema\/logo\/image\/"},"sameAs":["https:\/\/www.facebook.com\/CpartyBikeExperience","https:\/\/www.instagram.com\/cpartybikeexperience\/","https:\/\/www.linkedin.com\/company\/cparty-bike-experience\/"]}]}},"_links":{"self":[{"href":"https:\/\/www.cpartybikeexperience.com\/en\/wp-json\/wp\/v2\/product\/9097","targetHints":{"allow":["GET"]}}],"collection":[{"href":"https:\/\/www.cpartybikeexperience.com\/en\/wp-json\/wp\/v2\/product"}],"about":[{"href":"https:\/\/www.cpartybikeexperience.com\/en\/wp-json\/wp\/v2\/types\/product"}],"wp:featuredmedia":[{"embeddable":true,"href":"https:\/\/www.cpartybikeexperience.com\/en\/wp-json\/wp\/v2\/media\/8251"}],"wp:attachment":[{"href":"https:\/\/www.cpartybikeexperience.com\/en\/wp-json\/wp\/v2\/media?parent=9097"}],"wp:term":[{"taxonomy":"product_brand","embeddable":true,"href":"https:\/\/www.cpartybikeexperience.com\/en\/wp-json\/wp\/v2\/product_brand?post=9097"},{"taxonomy":"product_cat","embeddable":true,"href":"https:\/\/www.cpartybikeexperience.com\/en\/wp-json\/wp\/v2\/product_cat?post=9097"},{"taxonomy":"product_tag","embeddable":true,"href":"https:\/\/www.cpartybikeexperience.com\/en\/wp-json\/wp\/v2\/product_tag?post=9097"}],"curies":[{"name":"wp","href":"https:\/\/api.w.org\/{rel}","templated":true}]}}