{"id":9027,"date":"2025-09-19T15:34:31","date_gmt":"2025-09-19T13:34:31","guid":{"rendered":"https:\/\/www.cpartybikeexperience.com\/produit\/under-the-spanish-sun-of-benicassim\/"},"modified":"2026-01-08T16:22:40","modified_gmt":"2026-01-08T15:22:40","slug":"sous-le-soleil-espagnol-de-benicassim","status":"publish","type":"product","link":"https:\/\/www.cpartybikeexperience.com\/en\/produit\/sous-le-soleil-espagnol-de-benicassim\/","title":{"rendered":"Under the Spanish sun of Benicassim"},"content":{"rendered":"<p data-start=\"119\" data-end=\"615\">Go riding in the Spanish sun on a <strong data-start=\"163\" data-end=\"195\">cycling trip to Benic\u00e0ssim<\/strong>, in the heart of the province of Castell\u00f3n, just an hour from Valencia. A popular destination for its mild temperatures in February, its almost permanent sunshine and its uncrowded roads, the Costa del Azahar offers an ideal playground for cyclists: from the seaside of the Via Blanca to the passes of the Desert of Las Palmas, via the Serra d&#8217;Espad\u00e0 and its roads lined with clementine and almond trees.<\/p>\n<p data-start=\"617\" data-end=\"901\">For 6 days, you will enjoy <strong data-start=\"653\" data-end=\"688\">outings adapted to your level<\/strong> with two experienced coaches and a supervision worthy of the pros. Each day alternates <strong data-start=\"776\" data-end=\"803\">collaborative briefings<\/strong>, <strong data-start=\"805\" data-end=\"829\">thematic workshops<\/strong> and convivial moments to progress, share and enjoy together.<\/p>\n<p data-start=\"903\" data-end=\"1109\">Staying in a 4-star\u2605 hotel designed for cyclists, with adapted catering, spa and all the necessary infrastructure, you will experience a <strong data-start=\"1040\" data-end=\"1063\">complete cycling holiday<\/strong> combining performance, relaxation and discovery.<\/p>\n<p data-start=\"1111\" data-end=\"1205\">\ud83d\udc49 A friendly course, accessible to all, to ride and progress under the Spanish sun.<\/p>\n<a itemprop=\"url\" href=\"\/events\/sous-le-soleil-espagnol-de-benicassim\/\" target=\"_self\" style=\"color: #000000;background-color: #FED620;font-size: 18px;font-weight: 600\" class=\"qodef-btn qodef-btn-medium qodef-btn-solid qodef-btn-custom-hover-bg\" data-hover-bg-color=\"#5dc9e8\" >\n    <span class=\"qodef-btn-text\">DISCOVER ALL THE DETAILS OF THE COURSE<\/span>\n    <span class=\"qodef-btn-bg-hover-holder\"><\/span>\n    <i class=\"qodef-icon-font-awesome  \" ><\/i><\/a>\n","protected":false},"excerpt":{"rendered":"<h1>Book your cycling holiday in Benic\u00e0ssim \u2013 Sun &amp; Hotel 4\u2605<\/h1>\n<p>Here you can <strong data-start=\"1967\" data-end=\"2014\">book your cycling holiday in Benic\u00e0ssim, an all-inclusive<\/strong> stay in the sun with 4\u2605 accommodation and spa. Enjoy a variety of routes between the seaside and the Desert of Las Palmas, complete assistance and a friendly atmosphere to progress and have fun. <\/p>\n<ul>\n<li>February 22 to 28<\/li>\n<li>7 days and 6 nights<\/li>\n<li>5 bike rides<\/li>\n<\/ul>\n","protected":false},"featured_media":10654,"template":"","meta":[],"product_brand":[99],"product_cat":[170],"product_tag":[],"class_list":{"0":"post-9027","1":"product","2":"type-product","3":"status-publish","4":"has-post-thumbnail","6":"product_brand-cpartybikeexperience","7":"product_cat-internships","9":"first","10":"instock","11":"taxable","12":"shipping-taxable","13":"purchasable","14":"product-type-variable","15":"has-default-attributes"},"yoast_head":"<!-- This site is optimized with the Yoast SEO plugin v26.9 - https:\/\/yoast.com\/product\/yoast-seo-wordpress\/ -->\n<title>Book a cycling holiday Benic\u00e0ssim | Sun, Sea &amp; 4\u2605 Hotel with Spa<\/title>\n<meta name=\"description\" content=\"Benic\u00e0ssim cycling holiday: all-inclusive stay in the sun, between the seaside and the Desert of Las Palmas. Accommodation 4\u2605 with spa, varied courses and friendly atmosphere for a pleasure and performance stay.\" \/>\n<meta name=\"robots\" content=\"index, follow, max-snippet:-1, max-image-preview:large, max-video-preview:-1\" \/>\n<link rel=\"canonical\" href=\"https:\/\/www.cpartybikeexperience.com\/en\/produit\/sous-le-soleil-espagnol-de-benicassim\/\" \/>\n<meta property=\"og:locale\" content=\"en_US\" \/>\n<meta property=\"og:type\" content=\"article\" \/>\n<meta property=\"og:title\" content=\"Book a cycling holiday Benic\u00e0ssim | Sun, Sea &amp; 4\u2605 Hotel with Spa\" \/>\n<meta property=\"og:description\" content=\"Benic\u00e0ssim cycling holiday: all-inclusive stay in the sun, between the seaside and the Desert of Las Palmas. Accommodation 4\u2605 with spa, varied courses and friendly atmosphere for a pleasure and performance stay.\" \/>\n<meta property=\"og:url\" content=\"https:\/\/www.cpartybikeexperience.com\/en\/produit\/sous-le-soleil-espagnol-de-benicassim\/\" \/>\n<meta property=\"og:site_name\" content=\"CPARTY BIKE EXPERIENCE\" \/>\n<meta property=\"article:publisher\" content=\"https:\/\/www.facebook.com\/CpartyBikeExperience\" \/>\n<meta property=\"article:modified_time\" content=\"2026-01-08T15:22:40+00:00\" \/>\n<meta property=\"og:image\" content=\"https:\/\/www.cpartybikeexperience.com\/wp-content\/uploads\/2025\/09\/cparty-benicassim-stage-cyclisme-01.jpg\" \/>\n\t<meta property=\"og:image:width\" content=\"1024\" \/>\n\t<meta property=\"og:image:height\" content=\"768\" \/>\n\t<meta property=\"og:image:type\" content=\"image\/jpeg\" \/>\n<script type=\"application\/ld+json\" class=\"yoast-schema-graph\">{\"@context\":\"https:\/\/schema.org\",\"@graph\":[{\"@type\":\"WebPage\",\"@id\":\"https:\/\/www.cpartybikeexperience.com\/en\/produit\/sous-le-soleil-espagnol-de-benicassim\/\",\"url\":\"https:\/\/www.cpartybikeexperience.com\/en\/produit\/sous-le-soleil-espagnol-de-benicassim\/\",\"name\":\"Book a cycling holiday Benic\u00e0ssim | Sun, Sea & 4\u2605 Hotel with Spa\",\"isPartOf\":{\"@id\":\"https:\/\/www.cpartybikeexperience.com\/en\/#website\"},\"primaryImageOfPage\":{\"@id\":\"https:\/\/www.cpartybikeexperience.com\/en\/produit\/sous-le-soleil-espagnol-de-benicassim\/#primaryimage\"},\"image\":{\"@id\":\"https:\/\/www.cpartybikeexperience.com\/en\/produit\/sous-le-soleil-espagnol-de-benicassim\/#primaryimage\"},\"thumbnailUrl\":\"https:\/\/www.cpartybikeexperience.com\/wp-content\/uploads\/2025\/09\/cparty-benicassim-stage-cyclisme-01.jpg\",\"datePublished\":\"2025-09-19T13:34:31+00:00\",\"dateModified\":\"2026-01-08T15:22:40+00:00\",\"description\":\"Benic\u00e0ssim cycling holiday: all-inclusive stay in the sun, between the seaside and the Desert of Las Palmas. Accommodation 4\u2605 with spa, varied courses and friendly atmosphere for a pleasure and performance stay.\",\"breadcrumb\":{\"@id\":\"https:\/\/www.cpartybikeexperience.com\/en\/produit\/sous-le-soleil-espagnol-de-benicassim\/#breadcrumb\"},\"inLanguage\":\"en-US\",\"potentialAction\":[{\"@type\":\"ReadAction\",\"target\":[\"https:\/\/www.cpartybikeexperience.com\/en\/produit\/sous-le-soleil-espagnol-de-benicassim\/\"]}]},{\"@type\":\"ImageObject\",\"inLanguage\":\"en-US\",\"@id\":\"https:\/\/www.cpartybikeexperience.com\/en\/produit\/sous-le-soleil-espagnol-de-benicassim\/#primaryimage\",\"url\":\"https:\/\/www.cpartybikeexperience.com\/wp-content\/uploads\/2025\/09\/cparty-benicassim-stage-cyclisme-01.jpg\",\"contentUrl\":\"https:\/\/www.cpartybikeexperience.com\/wp-content\/uploads\/2025\/09\/cparty-benicassim-stage-cyclisme-01.jpg\",\"width\":1024,\"height\":768},{\"@type\":\"BreadcrumbList\",\"@id\":\"https:\/\/www.cpartybikeexperience.com\/en\/produit\/sous-le-soleil-espagnol-de-benicassim\/#breadcrumb\",\"itemListElement\":[{\"@type\":\"ListItem\",\"position\":1,\"name\":\"Accueil\",\"item\":\"https:\/\/www.cpartybikeexperience.com\/en\/\"},{\"@type\":\"ListItem\",\"position\":2,\"name\":\"Shop\",\"item\":\"https:\/\/www.cpartybikeexperience.com\/en\/boutique\/\"},{\"@type\":\"ListItem\",\"position\":3,\"name\":\"Under the Spanish sun of Benicassim\"}]},{\"@type\":\"WebSite\",\"@id\":\"https:\/\/www.cpartybikeexperience.com\/en\/#website\",\"url\":\"https:\/\/www.cpartybikeexperience.com\/en\/\",\"name\":\"CPARTY BIKE EXPERIENCE\",\"description\":\"Stages cyclismes - S\u00e9jours \u00e0 v\u00e9lo tous niveaux, tout inclus, encadr\u00e9s par des professionnels du cyclisme\",\"publisher\":{\"@id\":\"https:\/\/www.cpartybikeexperience.com\/en\/#organization\"},\"alternateName\":\"CPARTY\",\"potentialAction\":[{\"@type\":\"SearchAction\",\"target\":{\"@type\":\"EntryPoint\",\"urlTemplate\":\"https:\/\/www.cpartybikeexperience.com\/en\/?s={search_term_string}\"},\"query-input\":{\"@type\":\"PropertyValueSpecification\",\"valueRequired\":true,\"valueName\":\"search_term_string\"}}],\"inLanguage\":\"en-US\"},{\"@type\":\"Organization\",\"@id\":\"https:\/\/www.cpartybikeexperience.com\/en\/#organization\",\"name\":\"CPARTY BIKE EXPERIENCE\",\"alternateName\":\"CPARTY\",\"url\":\"https:\/\/www.cpartybikeexperience.com\/en\/\",\"logo\":{\"@type\":\"ImageObject\",\"inLanguage\":\"en-US\",\"@id\":\"https:\/\/www.cpartybikeexperience.com\/en\/#\/schema\/logo\/image\/\",\"url\":\"https:\/\/www.cpartybikeexperience.com\/wp-content\/uploads\/2025\/07\/Logo-CPARTY-Bike-Experience-01.png\",\"contentUrl\":\"https:\/\/www.cpartybikeexperience.com\/wp-content\/uploads\/2025\/07\/Logo-CPARTY-Bike-Experience-01.png\",\"width\":1000,\"height\":538,\"caption\":\"CPARTY BIKE EXPERIENCE\"},\"image\":{\"@id\":\"https:\/\/www.cpartybikeexperience.com\/en\/#\/schema\/logo\/image\/\"},\"sameAs\":[\"https:\/\/www.facebook.com\/CpartyBikeExperience\",\"https:\/\/www.instagram.com\/cpartybikeexperience\/\",\"https:\/\/www.linkedin.com\/company\/cparty-bike-experience\/\"]}]}<\/script>\n<!-- \/ Yoast SEO plugin. -->","yoast_head_json":{"title":"Book a cycling holiday Benic\u00e0ssim | Sun, Sea & 4\u2605 Hotel with Spa","description":"Benic\u00e0ssim cycling holiday: all-inclusive stay in the sun, between the seaside and the Desert of Las Palmas. Accommodation 4\u2605 with spa, varied courses and friendly atmosphere for a pleasure and performance stay.","robots":{"index":"index","follow":"follow","max-snippet":"max-snippet:-1","max-image-preview":"max-image-preview:large","max-video-preview":"max-video-preview:-1"},"canonical":"https:\/\/www.cpartybikeexperience.com\/en\/produit\/sous-le-soleil-espagnol-de-benicassim\/","og_locale":"en_US","og_type":"article","og_title":"Book a cycling holiday Benic\u00e0ssim | Sun, Sea & 4\u2605 Hotel with Spa","og_description":"Benic\u00e0ssim cycling holiday: all-inclusive stay in the sun, between the seaside and the Desert of Las Palmas. Accommodation 4\u2605 with spa, varied courses and friendly atmosphere for a pleasure and performance stay.","og_url":"https:\/\/www.cpartybikeexperience.com\/en\/produit\/sous-le-soleil-espagnol-de-benicassim\/","og_site_name":"CPARTY BIKE EXPERIENCE","article_publisher":"https:\/\/www.facebook.com\/CpartyBikeExperience","article_modified_time":"2026-01-08T15:22:40+00:00","og_image":[{"width":1024,"height":768,"url":"https:\/\/www.cpartybikeexperience.com\/wp-content\/uploads\/2025\/09\/cparty-benicassim-stage-cyclisme-01.jpg","type":"image\/jpeg"}],"schema":{"@context":"https:\/\/schema.org","@graph":[{"@type":"WebPage","@id":"https:\/\/www.cpartybikeexperience.com\/en\/produit\/sous-le-soleil-espagnol-de-benicassim\/","url":"https:\/\/www.cpartybikeexperience.com\/en\/produit\/sous-le-soleil-espagnol-de-benicassim\/","name":"Book a cycling holiday Benic\u00e0ssim | Sun, Sea & 4\u2605 Hotel with Spa","isPartOf":{"@id":"https:\/\/www.cpartybikeexperience.com\/en\/#website"},"primaryImageOfPage":{"@id":"https:\/\/www.cpartybikeexperience.com\/en\/produit\/sous-le-soleil-espagnol-de-benicassim\/#primaryimage"},"image":{"@id":"https:\/\/www.cpartybikeexperience.com\/en\/produit\/sous-le-soleil-espagnol-de-benicassim\/#primaryimage"},"thumbnailUrl":"https:\/\/www.cpartybikeexperience.com\/wp-content\/uploads\/2025\/09\/cparty-benicassim-stage-cyclisme-01.jpg","datePublished":"2025-09-19T13:34:31+00:00","dateModified":"2026-01-08T15:22:40+00:00","description":"Benic\u00e0ssim cycling holiday: all-inclusive stay in the sun, between the seaside and the Desert of Las Palmas. Accommodation 4\u2605 with spa, varied courses and friendly atmosphere for a pleasure and performance stay.","breadcrumb":{"@id":"https:\/\/www.cpartybikeexperience.com\/en\/produit\/sous-le-soleil-espagnol-de-benicassim\/#breadcrumb"},"inLanguage":"en-US","potentialAction":[{"@type":"ReadAction","target":["https:\/\/www.cpartybikeexperience.com\/en\/produit\/sous-le-soleil-espagnol-de-benicassim\/"]}]},{"@type":"ImageObject","inLanguage":"en-US","@id":"https:\/\/www.cpartybikeexperience.com\/en\/produit\/sous-le-soleil-espagnol-de-benicassim\/#primaryimage","url":"https:\/\/www.cpartybikeexperience.com\/wp-content\/uploads\/2025\/09\/cparty-benicassim-stage-cyclisme-01.jpg","contentUrl":"https:\/\/www.cpartybikeexperience.com\/wp-content\/uploads\/2025\/09\/cparty-benicassim-stage-cyclisme-01.jpg","width":1024,"height":768},{"@type":"BreadcrumbList","@id":"https:\/\/www.cpartybikeexperience.com\/en\/produit\/sous-le-soleil-espagnol-de-benicassim\/#breadcrumb","itemListElement":[{"@type":"ListItem","position":1,"name":"Accueil","item":"https:\/\/www.cpartybikeexperience.com\/en\/"},{"@type":"ListItem","position":2,"name":"Shop","item":"https:\/\/www.cpartybikeexperience.com\/en\/boutique\/"},{"@type":"ListItem","position":3,"name":"Under the Spanish sun of Benicassim"}]},{"@type":"WebSite","@id":"https:\/\/www.cpartybikeexperience.com\/en\/#website","url":"https:\/\/www.cpartybikeexperience.com\/en\/","name":"CPARTY BIKE EXPERIENCE","description":"Stages cyclismes - S\u00e9jours \u00e0 v\u00e9lo tous niveaux, tout inclus, encadr\u00e9s par des professionnels du cyclisme","publisher":{"@id":"https:\/\/www.cpartybikeexperience.com\/en\/#organization"},"alternateName":"CPARTY","potentialAction":[{"@type":"SearchAction","target":{"@type":"EntryPoint","urlTemplate":"https:\/\/www.cpartybikeexperience.com\/en\/?s={search_term_string}"},"query-input":{"@type":"PropertyValueSpecification","valueRequired":true,"valueName":"search_term_string"}}],"inLanguage":"en-US"},{"@type":"Organization","@id":"https:\/\/www.cpartybikeexperience.com\/en\/#organization","name":"CPARTY BIKE EXPERIENCE","alternateName":"CPARTY","url":"https:\/\/www.cpartybikeexperience.com\/en\/","logo":{"@type":"ImageObject","inLanguage":"en-US","@id":"https:\/\/www.cpartybikeexperience.com\/en\/#\/schema\/logo\/image\/","url":"https:\/\/www.cpartybikeexperience.com\/wp-content\/uploads\/2025\/07\/Logo-CPARTY-Bike-Experience-01.png","contentUrl":"https:\/\/www.cpartybikeexperience.com\/wp-content\/uploads\/2025\/07\/Logo-CPARTY-Bike-Experience-01.png","width":1000,"height":538,"caption":"CPARTY BIKE EXPERIENCE"},"image":{"@id":"https:\/\/www.cpartybikeexperience.com\/en\/#\/schema\/logo\/image\/"},"sameAs":["https:\/\/www.facebook.com\/CpartyBikeExperience","https:\/\/www.instagram.com\/cpartybikeexperience\/","https:\/\/www.linkedin.com\/company\/cparty-bike-experience\/"]}]}},"_links":{"self":[{"href":"https:\/\/www.cpartybikeexperience.com\/en\/wp-json\/wp\/v2\/product\/9027","targetHints":{"allow":["GET"]}}],"collection":[{"href":"https:\/\/www.cpartybikeexperience.com\/en\/wp-json\/wp\/v2\/product"}],"about":[{"href":"https:\/\/www.cpartybikeexperience.com\/en\/wp-json\/wp\/v2\/types\/product"}],"wp:featuredmedia":[{"embeddable":true,"href":"https:\/\/www.cpartybikeexperience.com\/en\/wp-json\/wp\/v2\/media\/10654"}],"wp:attachment":[{"href":"https:\/\/www.cpartybikeexperience.com\/en\/wp-json\/wp\/v2\/media?parent=9027"}],"wp:term":[{"taxonomy":"product_brand","embeddable":true,"href":"https:\/\/www.cpartybikeexperience.com\/en\/wp-json\/wp\/v2\/product_brand?post=9027"},{"taxonomy":"product_cat","embeddable":true,"href":"https:\/\/www.cpartybikeexperience.com\/en\/wp-json\/wp\/v2\/product_cat?post=9027"},{"taxonomy":"product_tag","embeddable":true,"href":"https:\/\/www.cpartybikeexperience.com\/en\/wp-json\/wp\/v2\/product_tag?post=9027"}],"curies":[{"name":"wp","href":"https:\/\/api.w.org\/{rel}","templated":true}]}}