{"id":12084,"date":"2026-02-19T14:22:51","date_gmt":"2026-02-19T13:22:51","guid":{"rendered":"https:\/\/www.cpartybikeexperience.com\/?post_type=product&#038;p=12084"},"modified":"2026-02-19T14:43:13","modified_gmt":"2026-02-19T13:43:13","slug":"stage-velo-itinerant-bretagne","status":"publish","type":"product","link":"https:\/\/www.cpartybikeexperience.com\/en\/produit\/stage-velo-itinerant-bretagne\/","title":{"rendered":"stage-velo-itinerant-bretagne"},"content":{"rendered":"<h2>Bretagne Experience \u2013 Itinerant cycling course along the Breton coast<\/h2>\n<p>Building on the success of the last editions, Bretagne Experience is back with a simple promise:  <strong>cycling through Brittany, from east to west, along some of the most beautiful French coasts.<\/strong><\/p>\n<p>From Lamballe, you will take the road to the sea to follow an obvious common thread: the sea. <strong>From the Emerald Coast to the Go\u00eblo cliffs<\/strong>, from the mythical <strong>Pink Granite Coast to the Bay of Morlaix<\/strong>, to the <strong>C\u00f4te des L\u00e9gendes and the arrival in Brest<\/strong>, each day is an immersion in a wild, luminous and spectacular Brittany.<\/p>\n<p>The first day is done in a loop to get the momentum going. Then the roaming really begins: you move forward, hotel by hotel, while our staff carries your luggage.   <strong>You ride light, focused on the landscape, the effort and the fun.<\/strong><\/p>\n<p>Supervised in particular by <strong>Denis Leproux, a former professional rider and sports director<\/strong> at the highest level, the course combines high standards, safety and conviviality. Two routes are offered each day so that everyone can find their own rhythm. <\/p>\n<p>Fluid logistics, permanent assistance, quality supplies, thematic conferences, optimised recovery: everything is designed so that you can complete the five days without constraint.<\/p>\n<p>You&#8217;ll leave <strong>your vehicle safely in Lamballe<\/strong> on the first day and travel by bike along the Breton coast. Every day, we will transport your luggage from hotel to hotel. For the return on the last day, after having lunch at the restaurant on the port of Brest, we will all return by train from Brest to Lamballe. You will travel in comfort as we will take care of transporting your bike and luggage to your vehicle at the starting point in Lamballe.   <\/p>\n<p>Clear objective: <strong>to enjoy. Rolling. Share.<\/strong><br \/>\nBrittany as you&#8217;ve never experienced it before, to the rhythm of cycling.<\/p>\n<p><span data-sheets-root=\"1\">Find here all the essential information, and access the detailed program of the <strong data-start=\"3310\" data-end=\"3328\">cycling course<\/strong> by clicking below<br \/>\n\ud83d\udc49  <\/span><a itemprop=\"url\" href=\"\/events\/stage-velo-itinerant-bretagne\/\" target=\"_self\" style=\"color: #000000;background-color: #FED620;font-size: 18px;font-weight: 600\" class=\"qodef-btn qodef-btn-medium qodef-btn-solid qodef-btn-custom-hover-bg\" data-hover-bg-color=\"#5dc9e8\" >\n    <span class=\"qodef-btn-text\">Consult the complete course sheet<\/span>\n    <span class=\"qodef-btn-bg-hover-holder\"><\/span>\n    <i class=\"qodef-icon-font-awesome  \" ><\/i><\/a><\/p>\n","protected":false},"excerpt":{"rendered":"<h1 data-start=\"1792\" data-end=\"1871\"><strong data-start=\"1795\" data-end=\"1871\">Book your itinerant cycling course in Brittany \u2013 Itinerant cycling course along the Breton coast<\/strong><\/h1>\n<p data-start=\"1873\" data-end=\"1885\">Here you can <strong data-start=\"2153\" data-end=\"2197\">book your itinerant cycling course in Brittany<\/strong>, 5 days of cycling along one of the most beautiful coasts in France. CPARTY offers you an all-inclusive formula with expert coaching, vehicle assistance and spectacular courses to progress in the best conditions. <\/p>\n<ul>\n<li>July 25 to 30, 2026<\/li>\n<li>6 days and 5 nights<\/li>\n<li>5 bike rides<\/li>\n<\/ul>\n","protected":false},"featured_media":12047,"template":"","meta":[],"product_brand":[99],"product_cat":[170],"product_tag":[],"class_list":{"0":"post-12084","1":"product","2":"type-product","3":"status-publish","4":"has-post-thumbnail","6":"product_brand-cpartybikeexperience","7":"product_cat-internships","9":"first","10":"instock","11":"taxable","12":"shipping-taxable","13":"purchasable","14":"product-type-variable","15":"has-default-attributes"},"yoast_head":"<!-- This site is optimized with the Yoast SEO plugin v26.9 - https:\/\/yoast.com\/product\/yoast-seo-wordpress\/ -->\n<title>Book itinerant cycling course Brittany | Coast &amp; Landscapes<\/title>\n<meta name=\"description\" content=\"Book the Breton coast from Lamballe to Brest during a 6-day itinerant cycling course. Premium supervision, maritime landscapes and a friendly atmosphere.\" \/>\n<meta name=\"robots\" content=\"index, follow, max-snippet:-1, max-image-preview:large, max-video-preview:-1\" \/>\n<link rel=\"canonical\" href=\"https:\/\/www.cpartybikeexperience.com\/en\/produit\/stage-velo-itinerant-bretagne\/\" \/>\n<meta property=\"og:locale\" content=\"en_US\" \/>\n<meta property=\"og:type\" content=\"article\" \/>\n<meta property=\"og:title\" content=\"Book itinerant cycling course Brittany | Coast &amp; Landscapes\" \/>\n<meta property=\"og:description\" content=\"Book the Breton coast from Lamballe to Brest during a 6-day itinerant cycling course. Premium supervision, maritime landscapes and a friendly atmosphere.\" \/>\n<meta property=\"og:url\" content=\"https:\/\/www.cpartybikeexperience.com\/en\/produit\/stage-velo-itinerant-bretagne\/\" \/>\n<meta property=\"og:site_name\" content=\"CPARTY BIKE EXPERIENCE\" \/>\n<meta property=\"article:publisher\" content=\"https:\/\/www.facebook.com\/CpartyBikeExperience\" \/>\n<meta property=\"article:modified_time\" content=\"2026-02-19T13:43:13+00:00\" \/>\n<meta property=\"og:image\" content=\"https:\/\/www.cpartybikeexperience.com\/wp-content\/uploads\/2026\/02\/cparty-bretagne-experience-04.jpg\" \/>\n\t<meta property=\"og:image:width\" content=\"1024\" \/>\n\t<meta property=\"og:image:height\" content=\"768\" \/>\n\t<meta property=\"og:image:type\" content=\"image\/jpeg\" \/>\n<script type=\"application\/ld+json\" class=\"yoast-schema-graph\">{\"@context\":\"https:\/\/schema.org\",\"@graph\":[{\"@type\":\"WebPage\",\"@id\":\"https:\/\/www.cpartybikeexperience.com\/en\/produit\/stage-velo-itinerant-bretagne\/\",\"url\":\"https:\/\/www.cpartybikeexperience.com\/en\/produit\/stage-velo-itinerant-bretagne\/\",\"name\":\"Book itinerant cycling course Brittany | Coast & Landscapes\",\"isPartOf\":{\"@id\":\"https:\/\/www.cpartybikeexperience.com\/en\/#website\"},\"primaryImageOfPage\":{\"@id\":\"https:\/\/www.cpartybikeexperience.com\/en\/produit\/stage-velo-itinerant-bretagne\/#primaryimage\"},\"image\":{\"@id\":\"https:\/\/www.cpartybikeexperience.com\/en\/produit\/stage-velo-itinerant-bretagne\/#primaryimage\"},\"thumbnailUrl\":\"https:\/\/www.cpartybikeexperience.com\/wp-content\/uploads\/2026\/02\/cparty-bretagne-experience-04.jpg\",\"datePublished\":\"2026-02-19T13:22:51+00:00\",\"dateModified\":\"2026-02-19T13:43:13+00:00\",\"description\":\"Book the Breton coast from Lamballe to Brest during a 6-day itinerant cycling course. Premium supervision, maritime landscapes and a friendly atmosphere.\",\"breadcrumb\":{\"@id\":\"https:\/\/www.cpartybikeexperience.com\/en\/produit\/stage-velo-itinerant-bretagne\/#breadcrumb\"},\"inLanguage\":\"en-US\",\"potentialAction\":[{\"@type\":\"ReadAction\",\"target\":[\"https:\/\/www.cpartybikeexperience.com\/en\/produit\/stage-velo-itinerant-bretagne\/\"]}]},{\"@type\":\"ImageObject\",\"inLanguage\":\"en-US\",\"@id\":\"https:\/\/www.cpartybikeexperience.com\/en\/produit\/stage-velo-itinerant-bretagne\/#primaryimage\",\"url\":\"https:\/\/www.cpartybikeexperience.com\/wp-content\/uploads\/2026\/02\/cparty-bretagne-experience-04.jpg\",\"contentUrl\":\"https:\/\/www.cpartybikeexperience.com\/wp-content\/uploads\/2026\/02\/cparty-bretagne-experience-04.jpg\",\"width\":1024,\"height\":768},{\"@type\":\"BreadcrumbList\",\"@id\":\"https:\/\/www.cpartybikeexperience.com\/en\/produit\/stage-velo-itinerant-bretagne\/#breadcrumb\",\"itemListElement\":[{\"@type\":\"ListItem\",\"position\":1,\"name\":\"Accueil\",\"item\":\"https:\/\/www.cpartybikeexperience.com\/en\/\"},{\"@type\":\"ListItem\",\"position\":2,\"name\":\"Shop\",\"item\":\"https:\/\/www.cpartybikeexperience.com\/en\/boutique\/\"},{\"@type\":\"ListItem\",\"position\":3,\"name\":\"stage-velo-itinerant-bretagne\"}]},{\"@type\":\"WebSite\",\"@id\":\"https:\/\/www.cpartybikeexperience.com\/en\/#website\",\"url\":\"https:\/\/www.cpartybikeexperience.com\/en\/\",\"name\":\"CPARTY BIKE EXPERIENCE\",\"description\":\"Stages cyclismes - S\u00e9jours \u00e0 v\u00e9lo tous niveaux, tout inclus, encadr\u00e9s par des professionnels du cyclisme\",\"publisher\":{\"@id\":\"https:\/\/www.cpartybikeexperience.com\/en\/#organization\"},\"alternateName\":\"CPARTY\",\"potentialAction\":[{\"@type\":\"SearchAction\",\"target\":{\"@type\":\"EntryPoint\",\"urlTemplate\":\"https:\/\/www.cpartybikeexperience.com\/en\/?s={search_term_string}\"},\"query-input\":{\"@type\":\"PropertyValueSpecification\",\"valueRequired\":true,\"valueName\":\"search_term_string\"}}],\"inLanguage\":\"en-US\"},{\"@type\":\"Organization\",\"@id\":\"https:\/\/www.cpartybikeexperience.com\/en\/#organization\",\"name\":\"CPARTY BIKE EXPERIENCE\",\"alternateName\":\"CPARTY\",\"url\":\"https:\/\/www.cpartybikeexperience.com\/en\/\",\"logo\":{\"@type\":\"ImageObject\",\"inLanguage\":\"en-US\",\"@id\":\"https:\/\/www.cpartybikeexperience.com\/en\/#\/schema\/logo\/image\/\",\"url\":\"https:\/\/www.cpartybikeexperience.com\/wp-content\/uploads\/2025\/07\/Logo-CPARTY-Bike-Experience-01.png\",\"contentUrl\":\"https:\/\/www.cpartybikeexperience.com\/wp-content\/uploads\/2025\/07\/Logo-CPARTY-Bike-Experience-01.png\",\"width\":1000,\"height\":538,\"caption\":\"CPARTY BIKE EXPERIENCE\"},\"image\":{\"@id\":\"https:\/\/www.cpartybikeexperience.com\/en\/#\/schema\/logo\/image\/\"},\"sameAs\":[\"https:\/\/www.facebook.com\/CpartyBikeExperience\",\"https:\/\/www.instagram.com\/cpartybikeexperience\/\",\"https:\/\/www.linkedin.com\/company\/cparty-bike-experience\/\"]}]}<\/script>\n<!-- \/ Yoast SEO plugin. -->","yoast_head_json":{"title":"Book itinerant cycling course Brittany | Coast & Landscapes","description":"Book the Breton coast from Lamballe to Brest during a 6-day itinerant cycling course. Premium supervision, maritime landscapes and a friendly atmosphere.","robots":{"index":"index","follow":"follow","max-snippet":"max-snippet:-1","max-image-preview":"max-image-preview:large","max-video-preview":"max-video-preview:-1"},"canonical":"https:\/\/www.cpartybikeexperience.com\/en\/produit\/stage-velo-itinerant-bretagne\/","og_locale":"en_US","og_type":"article","og_title":"Book itinerant cycling course Brittany | Coast & Landscapes","og_description":"Book the Breton coast from Lamballe to Brest during a 6-day itinerant cycling course. Premium supervision, maritime landscapes and a friendly atmosphere.","og_url":"https:\/\/www.cpartybikeexperience.com\/en\/produit\/stage-velo-itinerant-bretagne\/","og_site_name":"CPARTY BIKE EXPERIENCE","article_publisher":"https:\/\/www.facebook.com\/CpartyBikeExperience","article_modified_time":"2026-02-19T13:43:13+00:00","og_image":[{"width":1024,"height":768,"url":"https:\/\/www.cpartybikeexperience.com\/wp-content\/uploads\/2026\/02\/cparty-bretagne-experience-04.jpg","type":"image\/jpeg"}],"schema":{"@context":"https:\/\/schema.org","@graph":[{"@type":"WebPage","@id":"https:\/\/www.cpartybikeexperience.com\/en\/produit\/stage-velo-itinerant-bretagne\/","url":"https:\/\/www.cpartybikeexperience.com\/en\/produit\/stage-velo-itinerant-bretagne\/","name":"Book itinerant cycling course Brittany | Coast & Landscapes","isPartOf":{"@id":"https:\/\/www.cpartybikeexperience.com\/en\/#website"},"primaryImageOfPage":{"@id":"https:\/\/www.cpartybikeexperience.com\/en\/produit\/stage-velo-itinerant-bretagne\/#primaryimage"},"image":{"@id":"https:\/\/www.cpartybikeexperience.com\/en\/produit\/stage-velo-itinerant-bretagne\/#primaryimage"},"thumbnailUrl":"https:\/\/www.cpartybikeexperience.com\/wp-content\/uploads\/2026\/02\/cparty-bretagne-experience-04.jpg","datePublished":"2026-02-19T13:22:51+00:00","dateModified":"2026-02-19T13:43:13+00:00","description":"Book the Breton coast from Lamballe to Brest during a 6-day itinerant cycling course. Premium supervision, maritime landscapes and a friendly atmosphere.","breadcrumb":{"@id":"https:\/\/www.cpartybikeexperience.com\/en\/produit\/stage-velo-itinerant-bretagne\/#breadcrumb"},"inLanguage":"en-US","potentialAction":[{"@type":"ReadAction","target":["https:\/\/www.cpartybikeexperience.com\/en\/produit\/stage-velo-itinerant-bretagne\/"]}]},{"@type":"ImageObject","inLanguage":"en-US","@id":"https:\/\/www.cpartybikeexperience.com\/en\/produit\/stage-velo-itinerant-bretagne\/#primaryimage","url":"https:\/\/www.cpartybikeexperience.com\/wp-content\/uploads\/2026\/02\/cparty-bretagne-experience-04.jpg","contentUrl":"https:\/\/www.cpartybikeexperience.com\/wp-content\/uploads\/2026\/02\/cparty-bretagne-experience-04.jpg","width":1024,"height":768},{"@type":"BreadcrumbList","@id":"https:\/\/www.cpartybikeexperience.com\/en\/produit\/stage-velo-itinerant-bretagne\/#breadcrumb","itemListElement":[{"@type":"ListItem","position":1,"name":"Accueil","item":"https:\/\/www.cpartybikeexperience.com\/en\/"},{"@type":"ListItem","position":2,"name":"Shop","item":"https:\/\/www.cpartybikeexperience.com\/en\/boutique\/"},{"@type":"ListItem","position":3,"name":"stage-velo-itinerant-bretagne"}]},{"@type":"WebSite","@id":"https:\/\/www.cpartybikeexperience.com\/en\/#website","url":"https:\/\/www.cpartybikeexperience.com\/en\/","name":"CPARTY BIKE EXPERIENCE","description":"Stages cyclismes - S\u00e9jours \u00e0 v\u00e9lo tous niveaux, tout inclus, encadr\u00e9s par des professionnels du cyclisme","publisher":{"@id":"https:\/\/www.cpartybikeexperience.com\/en\/#organization"},"alternateName":"CPARTY","potentialAction":[{"@type":"SearchAction","target":{"@type":"EntryPoint","urlTemplate":"https:\/\/www.cpartybikeexperience.com\/en\/?s={search_term_string}"},"query-input":{"@type":"PropertyValueSpecification","valueRequired":true,"valueName":"search_term_string"}}],"inLanguage":"en-US"},{"@type":"Organization","@id":"https:\/\/www.cpartybikeexperience.com\/en\/#organization","name":"CPARTY BIKE EXPERIENCE","alternateName":"CPARTY","url":"https:\/\/www.cpartybikeexperience.com\/en\/","logo":{"@type":"ImageObject","inLanguage":"en-US","@id":"https:\/\/www.cpartybikeexperience.com\/en\/#\/schema\/logo\/image\/","url":"https:\/\/www.cpartybikeexperience.com\/wp-content\/uploads\/2025\/07\/Logo-CPARTY-Bike-Experience-01.png","contentUrl":"https:\/\/www.cpartybikeexperience.com\/wp-content\/uploads\/2025\/07\/Logo-CPARTY-Bike-Experience-01.png","width":1000,"height":538,"caption":"CPARTY BIKE EXPERIENCE"},"image":{"@id":"https:\/\/www.cpartybikeexperience.com\/en\/#\/schema\/logo\/image\/"},"sameAs":["https:\/\/www.facebook.com\/CpartyBikeExperience","https:\/\/www.instagram.com\/cpartybikeexperience\/","https:\/\/www.linkedin.com\/company\/cparty-bike-experience\/"]}]}},"_links":{"self":[{"href":"https:\/\/www.cpartybikeexperience.com\/en\/wp-json\/wp\/v2\/product\/12084","targetHints":{"allow":["GET"]}}],"collection":[{"href":"https:\/\/www.cpartybikeexperience.com\/en\/wp-json\/wp\/v2\/product"}],"about":[{"href":"https:\/\/www.cpartybikeexperience.com\/en\/wp-json\/wp\/v2\/types\/product"}],"wp:featuredmedia":[{"embeddable":true,"href":"https:\/\/www.cpartybikeexperience.com\/en\/wp-json\/wp\/v2\/media\/12047"}],"wp:attachment":[{"href":"https:\/\/www.cpartybikeexperience.com\/en\/wp-json\/wp\/v2\/media?parent=12084"}],"wp:term":[{"taxonomy":"product_brand","embeddable":true,"href":"https:\/\/www.cpartybikeexperience.com\/en\/wp-json\/wp\/v2\/product_brand?post=12084"},{"taxonomy":"product_cat","embeddable":true,"href":"https:\/\/www.cpartybikeexperience.com\/en\/wp-json\/wp\/v2\/product_cat?post=12084"},{"taxonomy":"product_tag","embeddable":true,"href":"https:\/\/www.cpartybikeexperience.com\/en\/wp-json\/wp\/v2\/product_tag?post=12084"}],"curies":[{"name":"wp","href":"https:\/\/api.w.org\/{rel}","templated":true}]}}