{"id":11661,"date":"2025-09-19T17:37:24","date_gmt":"2025-09-19T15:37:24","guid":{"rendered":"https:\/\/www.cpartybikeexperience.com\/?post_type=product&#038;p=11661"},"modified":"2026-01-26T13:11:01","modified_gmt":"2026-01-26T12:11:01","slug":"rosas-et-la-costa-brava","status":"publish","type":"product","link":"https:\/\/www.cpartybikeexperience.com\/en\/produit\/rosas-et-la-costa-brava\/","title":{"rendered":"Roses and the Costa Brava"},"content":{"rendered":"<p>Rosas is the essential Spanish seaside resort for a cycling holiday in the best conditions, just 30 minutes from the border. Taking advantage of the beautiful November weather on the Costa Brava, you will discover the superb bay of Rosas, but also the beautiful C\u00f4te Vermeille and the wild hinterland. <\/p>\n<p>It is in these optimal conditions that we offer you the opportunity to experience a friendly cycling holiday guided by professionals.<\/p>\n<p data-start=\"141\" data-end=\"440\"><strong>On the program:<\/strong><\/p>\n<ul>\n<li data-start=\"768\" data-end=\"985\">5 days of cycling guided by 2 expert coaches (including Denis Leproux, former professional and Sports Director at the highest level) who will adapt to your level (2 groups), from the C\u00f4te Vermeille and its typical villages such as Cadaques and the impressive Cap Creus, through the Col de Banyuls and the superb quiet roads of the hinterland.<\/li>\n<li data-start=\"768\" data-end=\"985\">Collaborative daily briefings to best prepare for the next day&#8217;s outing and adapt to each one<\/li>\n<li data-start=\"768\" data-end=\"985\">Daily thematic workshops to learn and progress alongside experienced coaches<\/li>\n<li data-start=\"768\" data-end=\"985\">Friendly meetings between enthusiasts<\/li>\n<\/ul>\n<p data-start=\"960\" data-end=\"1092\"><span data-start=\"960\" data-end=\"1092\">A professional organization, designed for your comfort and your progress, in a friendly and caring atmosphere.<\/span><\/p>\n<p>You will be accommodated in Rosas with full board in the Spa Hotel **** Montecarlo where you will enjoy its great comfort, its prime location by the sea, its swimming pool, its SPA, but also its excellent catering.<\/p>\n<a itemprop=\"url\" href=\"\/events\/rosas-et-la-costa-brava\/\" target=\"_self\" style=\"color: #000000;background-color: #FED620;font-size: 18px;font-weight: 600\" class=\"qodef-btn qodef-btn-medium qodef-btn-solid qodef-btn-custom-hover-bg\" data-hover-bg-color=\"#5dc9e8\" >\n    <span class=\"qodef-btn-text\">DISCOVER ALL THE DETAILS OF THE COURSE<\/span>\n    <span class=\"qodef-btn-bg-hover-holder\"><\/span>\n    <i class=\"qodef-icon-font-awesome  \" ><\/i><\/a>\n","protected":false},"excerpt":{"rendered":"<ul>\n<li>November 8 to 13<\/li>\n<li>6 days and 5 nights<\/li>\n<li>5 bike rides<\/li>\n<\/ul>\n","protected":false},"featured_media":6974,"template":"","meta":[],"product_brand":[99],"product_cat":[170],"product_tag":[],"class_list":{"0":"post-11661","1":"product","2":"type-product","3":"status-publish","4":"has-post-thumbnail","6":"product_brand-cpartybikeexperience","7":"product_cat-internships","9":"first","10":"instock","11":"taxable","12":"shipping-taxable","13":"purchasable","14":"product-type-variable","15":"has-default-attributes"},"yoast_head":"<!-- This site is optimized with the Yoast SEO plugin v26.9 - https:\/\/yoast.com\/product\/yoast-seo-wordpress\/ -->\n<title>Roses and the Costa Brava - CPARTY BIKE EXPERIENCE<\/title>\n<meta name=\"robots\" content=\"index, follow, max-snippet:-1, max-image-preview:large, max-video-preview:-1\" \/>\n<link rel=\"canonical\" href=\"https:\/\/www.cpartybikeexperience.com\/en\/produit\/rosas-et-la-costa-brava\/\" \/>\n<meta property=\"og:locale\" content=\"en_US\" \/>\n<meta property=\"og:type\" content=\"article\" \/>\n<meta property=\"og:title\" content=\"Roses and the Costa Brava - CPARTY BIKE EXPERIENCE\" \/>\n<meta property=\"og:description\" content=\"November 8 to 13  6 days and 5 nights  5 bike rides\" \/>\n<meta property=\"og:url\" content=\"https:\/\/www.cpartybikeexperience.com\/en\/produit\/rosas-et-la-costa-brava\/\" \/>\n<meta property=\"og:site_name\" content=\"CPARTY BIKE EXPERIENCE\" \/>\n<meta property=\"article:publisher\" content=\"https:\/\/www.facebook.com\/CpartyBikeExperience\" \/>\n<meta property=\"article:modified_time\" content=\"2026-01-26T12:11:01+00:00\" \/>\n<meta property=\"og:image\" content=\"https:\/\/www.cpartybikeexperience.com\/wp-content\/uploads\/2025\/09\/cparty-stages-cyclistes-rosas-costa-brava-01.jpg\" \/>\n\t<meta property=\"og:image:width\" content=\"1024\" \/>\n\t<meta property=\"og:image:height\" content=\"768\" \/>\n\t<meta property=\"og:image:type\" content=\"image\/jpeg\" \/>\n<script type=\"application\/ld+json\" class=\"yoast-schema-graph\">{\"@context\":\"https:\/\/schema.org\",\"@graph\":[{\"@type\":\"WebPage\",\"@id\":\"https:\/\/www.cpartybikeexperience.com\/en\/produit\/rosas-et-la-costa-brava\/\",\"url\":\"https:\/\/www.cpartybikeexperience.com\/en\/produit\/rosas-et-la-costa-brava\/\",\"name\":\"Roses and the Costa Brava - CPARTY BIKE EXPERIENCE\",\"isPartOf\":{\"@id\":\"https:\/\/www.cpartybikeexperience.com\/en\/#website\"},\"primaryImageOfPage\":{\"@id\":\"https:\/\/www.cpartybikeexperience.com\/en\/produit\/rosas-et-la-costa-brava\/#primaryimage\"},\"image\":{\"@id\":\"https:\/\/www.cpartybikeexperience.com\/en\/produit\/rosas-et-la-costa-brava\/#primaryimage\"},\"thumbnailUrl\":\"https:\/\/www.cpartybikeexperience.com\/wp-content\/uploads\/2025\/09\/cparty-stages-cyclistes-rosas-costa-brava-01.jpg\",\"datePublished\":\"2025-09-19T15:37:24+00:00\",\"dateModified\":\"2026-01-26T12:11:01+00:00\",\"breadcrumb\":{\"@id\":\"https:\/\/www.cpartybikeexperience.com\/en\/produit\/rosas-et-la-costa-brava\/#breadcrumb\"},\"inLanguage\":\"en-US\",\"potentialAction\":[{\"@type\":\"ReadAction\",\"target\":[\"https:\/\/www.cpartybikeexperience.com\/en\/produit\/rosas-et-la-costa-brava\/\"]}]},{\"@type\":\"ImageObject\",\"inLanguage\":\"en-US\",\"@id\":\"https:\/\/www.cpartybikeexperience.com\/en\/produit\/rosas-et-la-costa-brava\/#primaryimage\",\"url\":\"https:\/\/www.cpartybikeexperience.com\/wp-content\/uploads\/2025\/09\/cparty-stages-cyclistes-rosas-costa-brava-01.jpg\",\"contentUrl\":\"https:\/\/www.cpartybikeexperience.com\/wp-content\/uploads\/2025\/09\/cparty-stages-cyclistes-rosas-costa-brava-01.jpg\",\"width\":1024,\"height\":768},{\"@type\":\"BreadcrumbList\",\"@id\":\"https:\/\/www.cpartybikeexperience.com\/en\/produit\/rosas-et-la-costa-brava\/#breadcrumb\",\"itemListElement\":[{\"@type\":\"ListItem\",\"position\":1,\"name\":\"Accueil\",\"item\":\"https:\/\/www.cpartybikeexperience.com\/en\/\"},{\"@type\":\"ListItem\",\"position\":2,\"name\":\"Shop\",\"item\":\"https:\/\/www.cpartybikeexperience.com\/en\/boutique\/\"},{\"@type\":\"ListItem\",\"position\":3,\"name\":\"Roses and the Costa Brava\"}]},{\"@type\":\"WebSite\",\"@id\":\"https:\/\/www.cpartybikeexperience.com\/en\/#website\",\"url\":\"https:\/\/www.cpartybikeexperience.com\/en\/\",\"name\":\"CPARTY BIKE EXPERIENCE\",\"description\":\"Stages cyclismes - S\u00e9jours \u00e0 v\u00e9lo tous niveaux, tout inclus, encadr\u00e9s par des professionnels du cyclisme\",\"publisher\":{\"@id\":\"https:\/\/www.cpartybikeexperience.com\/en\/#organization\"},\"alternateName\":\"CPARTY\",\"potentialAction\":[{\"@type\":\"SearchAction\",\"target\":{\"@type\":\"EntryPoint\",\"urlTemplate\":\"https:\/\/www.cpartybikeexperience.com\/en\/?s={search_term_string}\"},\"query-input\":{\"@type\":\"PropertyValueSpecification\",\"valueRequired\":true,\"valueName\":\"search_term_string\"}}],\"inLanguage\":\"en-US\"},{\"@type\":\"Organization\",\"@id\":\"https:\/\/www.cpartybikeexperience.com\/en\/#organization\",\"name\":\"CPARTY BIKE EXPERIENCE\",\"alternateName\":\"CPARTY\",\"url\":\"https:\/\/www.cpartybikeexperience.com\/en\/\",\"logo\":{\"@type\":\"ImageObject\",\"inLanguage\":\"en-US\",\"@id\":\"https:\/\/www.cpartybikeexperience.com\/en\/#\/schema\/logo\/image\/\",\"url\":\"https:\/\/www.cpartybikeexperience.com\/wp-content\/uploads\/2025\/07\/Logo-CPARTY-Bike-Experience-01.png\",\"contentUrl\":\"https:\/\/www.cpartybikeexperience.com\/wp-content\/uploads\/2025\/07\/Logo-CPARTY-Bike-Experience-01.png\",\"width\":1000,\"height\":538,\"caption\":\"CPARTY BIKE EXPERIENCE\"},\"image\":{\"@id\":\"https:\/\/www.cpartybikeexperience.com\/en\/#\/schema\/logo\/image\/\"},\"sameAs\":[\"https:\/\/www.facebook.com\/CpartyBikeExperience\",\"https:\/\/www.instagram.com\/cpartybikeexperience\/\",\"https:\/\/www.linkedin.com\/company\/cparty-bike-experience\/\"]}]}<\/script>\n<!-- \/ Yoast SEO plugin. -->","yoast_head_json":{"title":"Roses and the Costa Brava - CPARTY BIKE EXPERIENCE","robots":{"index":"index","follow":"follow","max-snippet":"max-snippet:-1","max-image-preview":"max-image-preview:large","max-video-preview":"max-video-preview:-1"},"canonical":"https:\/\/www.cpartybikeexperience.com\/en\/produit\/rosas-et-la-costa-brava\/","og_locale":"en_US","og_type":"article","og_title":"Roses and the Costa Brava - CPARTY BIKE EXPERIENCE","og_description":"November 8 to 13  6 days and 5 nights  5 bike rides","og_url":"https:\/\/www.cpartybikeexperience.com\/en\/produit\/rosas-et-la-costa-brava\/","og_site_name":"CPARTY BIKE EXPERIENCE","article_publisher":"https:\/\/www.facebook.com\/CpartyBikeExperience","article_modified_time":"2026-01-26T12:11:01+00:00","og_image":[{"width":1024,"height":768,"url":"https:\/\/www.cpartybikeexperience.com\/wp-content\/uploads\/2025\/09\/cparty-stages-cyclistes-rosas-costa-brava-01.jpg","type":"image\/jpeg"}],"schema":{"@context":"https:\/\/schema.org","@graph":[{"@type":"WebPage","@id":"https:\/\/www.cpartybikeexperience.com\/en\/produit\/rosas-et-la-costa-brava\/","url":"https:\/\/www.cpartybikeexperience.com\/en\/produit\/rosas-et-la-costa-brava\/","name":"Roses and the Costa Brava - CPARTY BIKE EXPERIENCE","isPartOf":{"@id":"https:\/\/www.cpartybikeexperience.com\/en\/#website"},"primaryImageOfPage":{"@id":"https:\/\/www.cpartybikeexperience.com\/en\/produit\/rosas-et-la-costa-brava\/#primaryimage"},"image":{"@id":"https:\/\/www.cpartybikeexperience.com\/en\/produit\/rosas-et-la-costa-brava\/#primaryimage"},"thumbnailUrl":"https:\/\/www.cpartybikeexperience.com\/wp-content\/uploads\/2025\/09\/cparty-stages-cyclistes-rosas-costa-brava-01.jpg","datePublished":"2025-09-19T15:37:24+00:00","dateModified":"2026-01-26T12:11:01+00:00","breadcrumb":{"@id":"https:\/\/www.cpartybikeexperience.com\/en\/produit\/rosas-et-la-costa-brava\/#breadcrumb"},"inLanguage":"en-US","potentialAction":[{"@type":"ReadAction","target":["https:\/\/www.cpartybikeexperience.com\/en\/produit\/rosas-et-la-costa-brava\/"]}]},{"@type":"ImageObject","inLanguage":"en-US","@id":"https:\/\/www.cpartybikeexperience.com\/en\/produit\/rosas-et-la-costa-brava\/#primaryimage","url":"https:\/\/www.cpartybikeexperience.com\/wp-content\/uploads\/2025\/09\/cparty-stages-cyclistes-rosas-costa-brava-01.jpg","contentUrl":"https:\/\/www.cpartybikeexperience.com\/wp-content\/uploads\/2025\/09\/cparty-stages-cyclistes-rosas-costa-brava-01.jpg","width":1024,"height":768},{"@type":"BreadcrumbList","@id":"https:\/\/www.cpartybikeexperience.com\/en\/produit\/rosas-et-la-costa-brava\/#breadcrumb","itemListElement":[{"@type":"ListItem","position":1,"name":"Accueil","item":"https:\/\/www.cpartybikeexperience.com\/en\/"},{"@type":"ListItem","position":2,"name":"Shop","item":"https:\/\/www.cpartybikeexperience.com\/en\/boutique\/"},{"@type":"ListItem","position":3,"name":"Roses and the Costa Brava"}]},{"@type":"WebSite","@id":"https:\/\/www.cpartybikeexperience.com\/en\/#website","url":"https:\/\/www.cpartybikeexperience.com\/en\/","name":"CPARTY BIKE EXPERIENCE","description":"Stages cyclismes - S\u00e9jours \u00e0 v\u00e9lo tous niveaux, tout inclus, encadr\u00e9s par des professionnels du cyclisme","publisher":{"@id":"https:\/\/www.cpartybikeexperience.com\/en\/#organization"},"alternateName":"CPARTY","potentialAction":[{"@type":"SearchAction","target":{"@type":"EntryPoint","urlTemplate":"https:\/\/www.cpartybikeexperience.com\/en\/?s={search_term_string}"},"query-input":{"@type":"PropertyValueSpecification","valueRequired":true,"valueName":"search_term_string"}}],"inLanguage":"en-US"},{"@type":"Organization","@id":"https:\/\/www.cpartybikeexperience.com\/en\/#organization","name":"CPARTY BIKE EXPERIENCE","alternateName":"CPARTY","url":"https:\/\/www.cpartybikeexperience.com\/en\/","logo":{"@type":"ImageObject","inLanguage":"en-US","@id":"https:\/\/www.cpartybikeexperience.com\/en\/#\/schema\/logo\/image\/","url":"https:\/\/www.cpartybikeexperience.com\/wp-content\/uploads\/2025\/07\/Logo-CPARTY-Bike-Experience-01.png","contentUrl":"https:\/\/www.cpartybikeexperience.com\/wp-content\/uploads\/2025\/07\/Logo-CPARTY-Bike-Experience-01.png","width":1000,"height":538,"caption":"CPARTY BIKE EXPERIENCE"},"image":{"@id":"https:\/\/www.cpartybikeexperience.com\/en\/#\/schema\/logo\/image\/"},"sameAs":["https:\/\/www.facebook.com\/CpartyBikeExperience","https:\/\/www.instagram.com\/cpartybikeexperience\/","https:\/\/www.linkedin.com\/company\/cparty-bike-experience\/"]}]}},"_links":{"self":[{"href":"https:\/\/www.cpartybikeexperience.com\/en\/wp-json\/wp\/v2\/product\/11661","targetHints":{"allow":["GET"]}}],"collection":[{"href":"https:\/\/www.cpartybikeexperience.com\/en\/wp-json\/wp\/v2\/product"}],"about":[{"href":"https:\/\/www.cpartybikeexperience.com\/en\/wp-json\/wp\/v2\/types\/product"}],"wp:featuredmedia":[{"embeddable":true,"href":"https:\/\/www.cpartybikeexperience.com\/en\/wp-json\/wp\/v2\/media\/6974"}],"wp:attachment":[{"href":"https:\/\/www.cpartybikeexperience.com\/en\/wp-json\/wp\/v2\/media?parent=11661"}],"wp:term":[{"taxonomy":"product_brand","embeddable":true,"href":"https:\/\/www.cpartybikeexperience.com\/en\/wp-json\/wp\/v2\/product_brand?post=11661"},{"taxonomy":"product_cat","embeddable":true,"href":"https:\/\/www.cpartybikeexperience.com\/en\/wp-json\/wp\/v2\/product_cat?post=11661"},{"taxonomy":"product_tag","embeddable":true,"href":"https:\/\/www.cpartybikeexperience.com\/en\/wp-json\/wp\/v2\/product_tag?post=11661"}],"curies":[{"name":"wp","href":"https:\/\/api.w.org\/{rel}","templated":true}]}}