{"id":11636,"date":"2025-09-19T16:57:02","date_gmt":"2025-09-19T14:57:02","guid":{"rendered":"https:\/\/www.cpartybikeexperience.com\/produit\/stage-cycliste-esterel-cote-dazur\/"},"modified":"2026-01-26T13:10:53","modified_gmt":"2026-01-26T12:10:53","slug":"stage-cycliste-esterel-cote-dazur","status":"publish","type":"product","link":"https:\/\/www.cpartybikeexperience.com\/en\/produit\/stage-cycliste-esterel-cote-dazur\/","title":{"rendered":"The Est\u00e9rel C\u00f4te d&#8217;Azur"},"content":{"rendered":"<p data-start=\"277\" data-end=\"533\">Come and ride on the <strong data-start=\"297\" data-end=\"312\">C\u00f4te d&#8217;Azur<\/strong>, between the sea and the mountains, during a unique cycling holiday in the heart of the Est\u00e9rel massif. An exceptional setting between winding roads, panoramas of the Mediterranean and reliefs accessible to all cycling enthusiasts.<\/p>\n<p data-start=\"535\" data-end=\"926\">Supervised by <strong data-start=\"547\" data-end=\"563\">Brice Feillu<\/strong>, former professional rider and stage winner of the Tour de France, you will benefit from his advice, his experience and his expert eye to progress and have even more fun on the bike. Each day alternates <strong data-start=\"799\" data-end=\"834\">outings adapted to your level<\/strong>, <strong data-start=\"836\" data-end=\"860\">friendly briefings<\/strong> and moments of sharing around the common passion for cycling. <\/p>\n<p data-start=\"928\" data-end=\"1116\">Accommodated in a <strong data-start=\"944\" data-end=\"964\">3\u2605 holiday club<\/strong> with all the necessary comforts and located a stone&#8217;s throw from the sea, you will enjoy an ideal setting to combine <strong data-start=\"1073\" data-end=\"1113\">the pleasure of cycling, tourism and relaxation<\/strong>.<\/p>\n<p data-start=\"1118\" data-end=\"1289\">\ud83d\udc49 A stay that is both friendly, inspiring and accessible, to pedal in one of the most beautiful settings in France alongside a rider who has marked the history of the Tour.<\/p>\n<a itemprop=\"url\" href=\"\/events\/stage-cycliste-esterel-cote-dazur\/\" target=\"_self\" style=\"color: #000000;background-color: #FED620;font-size: 18px;font-weight: 600\" class=\"qodef-btn qodef-btn-medium qodef-btn-solid qodef-btn-custom-hover-bg\" data-hover-bg-color=\"#5dc9e8\" >\n    <span class=\"qodef-btn-text\">DISCOVER ALL THE DETAILS OF THE COURSE<\/span>\n    <span class=\"qodef-btn-bg-hover-holder\"><\/span>\n    <i class=\"qodef-icon-font-awesome  \" ><\/i><\/a>\n","protected":false},"excerpt":{"rendered":"<h1 data-start=\"1792\" data-end=\"1871\"><strong data-start=\"1795\" data-end=\"1871\">Book your cycling course on the French Riviera with Brice Feillu<\/strong><\/h1>\n<p data-start=\"1873\" data-end=\"1885\">You can <strong data-start=\"2153\" data-end=\"2197\">book your cycling course on the French Riviera with Brice Feillu<\/strong> here. CPARTY offers you an all-inclusive formula with expert coaching, vehicle assistance and spectacular courses to progress in the best conditions. <\/p>\n<ul>\n<li>October 13-18, 2026<\/li>\n<li>6 days and 5 nights<\/li>\n<li>5 bike rides<\/li>\n<\/ul>\n","protected":false},"featured_media":6972,"template":"","meta":[],"product_brand":[99],"product_cat":[170],"product_tag":[],"class_list":{"0":"post-11636","1":"product","2":"type-product","3":"status-publish","4":"has-post-thumbnail","6":"product_brand-cpartybikeexperience","7":"product_cat-internships","9":"first","10":"instock","11":"taxable","12":"shipping-taxable","13":"purchasable","14":"product-type-variable","15":"has-default-attributes"},"yoast_head":"<!-- This site is optimized with the Yoast SEO plugin v26.9 - https:\/\/yoast.com\/product\/yoast-seo-wordpress\/ -->\n<title>Book your cycling course L&#039;Est\u00e9rel C\u00f4te d&#039;Azur with Brice Feillu | CPARTY Bike<\/title>\n<meta name=\"description\" content=\"Book your cycling course L&#039;Est\u00e9rel C\u00f4te d&#039;Azur: 6 days of cycling guided by Brice Feillu and Denis Leproux, accommodation 3\u2605 with full board, assistance, massages, routes adapted to all levels. Book your cycling trip with CPARTY.\" \/>\n<meta name=\"robots\" content=\"index, follow, max-snippet:-1, max-image-preview:large, max-video-preview:-1\" \/>\n<link rel=\"canonical\" href=\"https:\/\/www.cpartybikeexperience.com\/en\/produit\/stage-cycliste-esterel-cote-dazur\/\" \/>\n<meta property=\"og:locale\" content=\"en_US\" \/>\n<meta property=\"og:type\" content=\"article\" \/>\n<meta property=\"og:title\" content=\"Book your cycling course L&#039;Est\u00e9rel C\u00f4te d&#039;Azur with Brice Feillu | CPARTY Bike\" \/>\n<meta property=\"og:description\" content=\"Book your cycling course L&#039;Est\u00e9rel C\u00f4te d&#039;Azur: 6 days of cycling guided by Brice Feillu and Denis Leproux, accommodation 3\u2605 with full board, assistance, massages, routes adapted to all levels. Book your cycling trip with CPARTY.\" \/>\n<meta property=\"og:url\" content=\"https:\/\/www.cpartybikeexperience.com\/en\/produit\/stage-cycliste-esterel-cote-dazur\/\" \/>\n<meta property=\"og:site_name\" content=\"CPARTY BIKE EXPERIENCE\" \/>\n<meta property=\"article:publisher\" content=\"https:\/\/www.facebook.com\/CpartyBikeExperience\" \/>\n<meta property=\"article:modified_time\" content=\"2026-01-26T12:10:53+00:00\" \/>\n<meta property=\"og:image\" content=\"https:\/\/www.cpartybikeexperience.com\/wp-content\/uploads\/2025\/09\/cparty-stages-cyclistes-lesterel-cote-d-azur-01.jpg\" \/>\n\t<meta property=\"og:image:width\" content=\"1024\" \/>\n\t<meta property=\"og:image:height\" content=\"768\" \/>\n\t<meta property=\"og:image:type\" content=\"image\/jpeg\" \/>\n<script type=\"application\/ld+json\" class=\"yoast-schema-graph\">{\"@context\":\"https:\/\/schema.org\",\"@graph\":[{\"@type\":\"WebPage\",\"@id\":\"https:\/\/www.cpartybikeexperience.com\/en\/produit\/stage-cycliste-esterel-cote-dazur\/\",\"url\":\"https:\/\/www.cpartybikeexperience.com\/en\/produit\/stage-cycliste-esterel-cote-dazur\/\",\"name\":\"Book your cycling course L'Est\u00e9rel C\u00f4te d'Azur with Brice Feillu | CPARTY Bike\",\"isPartOf\":{\"@id\":\"https:\/\/www.cpartybikeexperience.com\/en\/#website\"},\"primaryImageOfPage\":{\"@id\":\"https:\/\/www.cpartybikeexperience.com\/en\/produit\/stage-cycliste-esterel-cote-dazur\/#primaryimage\"},\"image\":{\"@id\":\"https:\/\/www.cpartybikeexperience.com\/en\/produit\/stage-cycliste-esterel-cote-dazur\/#primaryimage\"},\"thumbnailUrl\":\"https:\/\/www.cpartybikeexperience.com\/wp-content\/uploads\/2025\/09\/cparty-stages-cyclistes-lesterel-cote-d-azur-01.jpg\",\"datePublished\":\"2025-09-19T14:57:02+00:00\",\"dateModified\":\"2026-01-26T12:10:53+00:00\",\"description\":\"Book your cycling course L'Est\u00e9rel C\u00f4te d'Azur: 6 days of cycling guided by Brice Feillu and Denis Leproux, accommodation 3\u2605 with full board, assistance, massages, routes adapted to all levels. Book your cycling trip with CPARTY.\",\"breadcrumb\":{\"@id\":\"https:\/\/www.cpartybikeexperience.com\/en\/produit\/stage-cycliste-esterel-cote-dazur\/#breadcrumb\"},\"inLanguage\":\"en-US\",\"potentialAction\":[{\"@type\":\"ReadAction\",\"target\":[\"https:\/\/www.cpartybikeexperience.com\/en\/produit\/stage-cycliste-esterel-cote-dazur\/\"]}]},{\"@type\":\"ImageObject\",\"inLanguage\":\"en-US\",\"@id\":\"https:\/\/www.cpartybikeexperience.com\/en\/produit\/stage-cycliste-esterel-cote-dazur\/#primaryimage\",\"url\":\"https:\/\/www.cpartybikeexperience.com\/wp-content\/uploads\/2025\/09\/cparty-stages-cyclistes-lesterel-cote-d-azur-01.jpg\",\"contentUrl\":\"https:\/\/www.cpartybikeexperience.com\/wp-content\/uploads\/2025\/09\/cparty-stages-cyclistes-lesterel-cote-d-azur-01.jpg\",\"width\":1024,\"height\":768},{\"@type\":\"BreadcrumbList\",\"@id\":\"https:\/\/www.cpartybikeexperience.com\/en\/produit\/stage-cycliste-esterel-cote-dazur\/#breadcrumb\",\"itemListElement\":[{\"@type\":\"ListItem\",\"position\":1,\"name\":\"Accueil\",\"item\":\"https:\/\/www.cpartybikeexperience.com\/en\/\"},{\"@type\":\"ListItem\",\"position\":2,\"name\":\"Shop\",\"item\":\"https:\/\/www.cpartybikeexperience.com\/en\/boutique\/\"},{\"@type\":\"ListItem\",\"position\":3,\"name\":\"The Est\u00e9rel C\u00f4te d&rsquo;Azur\"}]},{\"@type\":\"WebSite\",\"@id\":\"https:\/\/www.cpartybikeexperience.com\/en\/#website\",\"url\":\"https:\/\/www.cpartybikeexperience.com\/en\/\",\"name\":\"CPARTY BIKE EXPERIENCE\",\"description\":\"Stages cyclismes - S\u00e9jours \u00e0 v\u00e9lo tous niveaux, tout inclus, encadr\u00e9s par des professionnels du cyclisme\",\"publisher\":{\"@id\":\"https:\/\/www.cpartybikeexperience.com\/en\/#organization\"},\"alternateName\":\"CPARTY\",\"potentialAction\":[{\"@type\":\"SearchAction\",\"target\":{\"@type\":\"EntryPoint\",\"urlTemplate\":\"https:\/\/www.cpartybikeexperience.com\/en\/?s={search_term_string}\"},\"query-input\":{\"@type\":\"PropertyValueSpecification\",\"valueRequired\":true,\"valueName\":\"search_term_string\"}}],\"inLanguage\":\"en-US\"},{\"@type\":\"Organization\",\"@id\":\"https:\/\/www.cpartybikeexperience.com\/en\/#organization\",\"name\":\"CPARTY BIKE EXPERIENCE\",\"alternateName\":\"CPARTY\",\"url\":\"https:\/\/www.cpartybikeexperience.com\/en\/\",\"logo\":{\"@type\":\"ImageObject\",\"inLanguage\":\"en-US\",\"@id\":\"https:\/\/www.cpartybikeexperience.com\/en\/#\/schema\/logo\/image\/\",\"url\":\"https:\/\/www.cpartybikeexperience.com\/wp-content\/uploads\/2025\/07\/Logo-CPARTY-Bike-Experience-01.png\",\"contentUrl\":\"https:\/\/www.cpartybikeexperience.com\/wp-content\/uploads\/2025\/07\/Logo-CPARTY-Bike-Experience-01.png\",\"width\":1000,\"height\":538,\"caption\":\"CPARTY BIKE EXPERIENCE\"},\"image\":{\"@id\":\"https:\/\/www.cpartybikeexperience.com\/en\/#\/schema\/logo\/image\/\"},\"sameAs\":[\"https:\/\/www.facebook.com\/CpartyBikeExperience\",\"https:\/\/www.instagram.com\/cpartybikeexperience\/\",\"https:\/\/www.linkedin.com\/company\/cparty-bike-experience\/\"]}]}<\/script>\n<!-- \/ Yoast SEO plugin. -->","yoast_head_json":{"title":"Book your cycling course L'Est\u00e9rel C\u00f4te d'Azur with Brice Feillu | CPARTY Bike","description":"Book your cycling course L'Est\u00e9rel C\u00f4te d'Azur: 6 days of cycling guided by Brice Feillu and Denis Leproux, accommodation 3\u2605 with full board, assistance, massages, routes adapted to all levels. Book your cycling trip with CPARTY.","robots":{"index":"index","follow":"follow","max-snippet":"max-snippet:-1","max-image-preview":"max-image-preview:large","max-video-preview":"max-video-preview:-1"},"canonical":"https:\/\/www.cpartybikeexperience.com\/en\/produit\/stage-cycliste-esterel-cote-dazur\/","og_locale":"en_US","og_type":"article","og_title":"Book your cycling course L'Est\u00e9rel C\u00f4te d'Azur with Brice Feillu | CPARTY Bike","og_description":"Book your cycling course L'Est\u00e9rel C\u00f4te d'Azur: 6 days of cycling guided by Brice Feillu and Denis Leproux, accommodation 3\u2605 with full board, assistance, massages, routes adapted to all levels. Book your cycling trip with CPARTY.","og_url":"https:\/\/www.cpartybikeexperience.com\/en\/produit\/stage-cycliste-esterel-cote-dazur\/","og_site_name":"CPARTY BIKE EXPERIENCE","article_publisher":"https:\/\/www.facebook.com\/CpartyBikeExperience","article_modified_time":"2026-01-26T12:10:53+00:00","og_image":[{"width":1024,"height":768,"url":"https:\/\/www.cpartybikeexperience.com\/wp-content\/uploads\/2025\/09\/cparty-stages-cyclistes-lesterel-cote-d-azur-01.jpg","type":"image\/jpeg"}],"schema":{"@context":"https:\/\/schema.org","@graph":[{"@type":"WebPage","@id":"https:\/\/www.cpartybikeexperience.com\/en\/produit\/stage-cycliste-esterel-cote-dazur\/","url":"https:\/\/www.cpartybikeexperience.com\/en\/produit\/stage-cycliste-esterel-cote-dazur\/","name":"Book your cycling course L'Est\u00e9rel C\u00f4te d'Azur with Brice Feillu | CPARTY Bike","isPartOf":{"@id":"https:\/\/www.cpartybikeexperience.com\/en\/#website"},"primaryImageOfPage":{"@id":"https:\/\/www.cpartybikeexperience.com\/en\/produit\/stage-cycliste-esterel-cote-dazur\/#primaryimage"},"image":{"@id":"https:\/\/www.cpartybikeexperience.com\/en\/produit\/stage-cycliste-esterel-cote-dazur\/#primaryimage"},"thumbnailUrl":"https:\/\/www.cpartybikeexperience.com\/wp-content\/uploads\/2025\/09\/cparty-stages-cyclistes-lesterel-cote-d-azur-01.jpg","datePublished":"2025-09-19T14:57:02+00:00","dateModified":"2026-01-26T12:10:53+00:00","description":"Book your cycling course L'Est\u00e9rel C\u00f4te d'Azur: 6 days of cycling guided by Brice Feillu and Denis Leproux, accommodation 3\u2605 with full board, assistance, massages, routes adapted to all levels. Book your cycling trip with CPARTY.","breadcrumb":{"@id":"https:\/\/www.cpartybikeexperience.com\/en\/produit\/stage-cycliste-esterel-cote-dazur\/#breadcrumb"},"inLanguage":"en-US","potentialAction":[{"@type":"ReadAction","target":["https:\/\/www.cpartybikeexperience.com\/en\/produit\/stage-cycliste-esterel-cote-dazur\/"]}]},{"@type":"ImageObject","inLanguage":"en-US","@id":"https:\/\/www.cpartybikeexperience.com\/en\/produit\/stage-cycliste-esterel-cote-dazur\/#primaryimage","url":"https:\/\/www.cpartybikeexperience.com\/wp-content\/uploads\/2025\/09\/cparty-stages-cyclistes-lesterel-cote-d-azur-01.jpg","contentUrl":"https:\/\/www.cpartybikeexperience.com\/wp-content\/uploads\/2025\/09\/cparty-stages-cyclistes-lesterel-cote-d-azur-01.jpg","width":1024,"height":768},{"@type":"BreadcrumbList","@id":"https:\/\/www.cpartybikeexperience.com\/en\/produit\/stage-cycliste-esterel-cote-dazur\/#breadcrumb","itemListElement":[{"@type":"ListItem","position":1,"name":"Accueil","item":"https:\/\/www.cpartybikeexperience.com\/en\/"},{"@type":"ListItem","position":2,"name":"Shop","item":"https:\/\/www.cpartybikeexperience.com\/en\/boutique\/"},{"@type":"ListItem","position":3,"name":"The Est\u00e9rel C\u00f4te d&rsquo;Azur"}]},{"@type":"WebSite","@id":"https:\/\/www.cpartybikeexperience.com\/en\/#website","url":"https:\/\/www.cpartybikeexperience.com\/en\/","name":"CPARTY BIKE EXPERIENCE","description":"Stages cyclismes - S\u00e9jours \u00e0 v\u00e9lo tous niveaux, tout inclus, encadr\u00e9s par des professionnels du cyclisme","publisher":{"@id":"https:\/\/www.cpartybikeexperience.com\/en\/#organization"},"alternateName":"CPARTY","potentialAction":[{"@type":"SearchAction","target":{"@type":"EntryPoint","urlTemplate":"https:\/\/www.cpartybikeexperience.com\/en\/?s={search_term_string}"},"query-input":{"@type":"PropertyValueSpecification","valueRequired":true,"valueName":"search_term_string"}}],"inLanguage":"en-US"},{"@type":"Organization","@id":"https:\/\/www.cpartybikeexperience.com\/en\/#organization","name":"CPARTY BIKE EXPERIENCE","alternateName":"CPARTY","url":"https:\/\/www.cpartybikeexperience.com\/en\/","logo":{"@type":"ImageObject","inLanguage":"en-US","@id":"https:\/\/www.cpartybikeexperience.com\/en\/#\/schema\/logo\/image\/","url":"https:\/\/www.cpartybikeexperience.com\/wp-content\/uploads\/2025\/07\/Logo-CPARTY-Bike-Experience-01.png","contentUrl":"https:\/\/www.cpartybikeexperience.com\/wp-content\/uploads\/2025\/07\/Logo-CPARTY-Bike-Experience-01.png","width":1000,"height":538,"caption":"CPARTY BIKE EXPERIENCE"},"image":{"@id":"https:\/\/www.cpartybikeexperience.com\/en\/#\/schema\/logo\/image\/"},"sameAs":["https:\/\/www.facebook.com\/CpartyBikeExperience","https:\/\/www.instagram.com\/cpartybikeexperience\/","https:\/\/www.linkedin.com\/company\/cparty-bike-experience\/"]}]}},"_links":{"self":[{"href":"https:\/\/www.cpartybikeexperience.com\/en\/wp-json\/wp\/v2\/product\/11636","targetHints":{"allow":["GET"]}}],"collection":[{"href":"https:\/\/www.cpartybikeexperience.com\/en\/wp-json\/wp\/v2\/product"}],"about":[{"href":"https:\/\/www.cpartybikeexperience.com\/en\/wp-json\/wp\/v2\/types\/product"}],"wp:featuredmedia":[{"embeddable":true,"href":"https:\/\/www.cpartybikeexperience.com\/en\/wp-json\/wp\/v2\/media\/6972"}],"wp:attachment":[{"href":"https:\/\/www.cpartybikeexperience.com\/en\/wp-json\/wp\/v2\/media?parent=11636"}],"wp:term":[{"taxonomy":"product_brand","embeddable":true,"href":"https:\/\/www.cpartybikeexperience.com\/en\/wp-json\/wp\/v2\/product_brand?post=11636"},{"taxonomy":"product_cat","embeddable":true,"href":"https:\/\/www.cpartybikeexperience.com\/en\/wp-json\/wp\/v2\/product_cat?post=11636"},{"taxonomy":"product_tag","embeddable":true,"href":"https:\/\/www.cpartybikeexperience.com\/en\/wp-json\/wp\/v2\/product_tag?post=11636"}],"curies":[{"name":"wp","href":"https:\/\/api.w.org\/{rel}","templated":true}]}}