{"id":10696,"date":"2025-12-04T18:06:49","date_gmt":"2025-12-04T17:06:49","guid":{"rendered":"https:\/\/www.cpartybikeexperience.com\/produit\/plan-entrainement-cycliste-personnalise-ultimate\/"},"modified":"2025-12-12T14:10:53","modified_gmt":"2025-12-12T13:10:53","slug":"plan-entrainement-cycliste-personnalise-ultimate","status":"publish","type":"product","link":"https:\/\/www.cpartybikeexperience.com\/en\/produit\/plan-entrainement-cycliste-personnalise-ultimate\/","title":{"rendered":"Personalized Training Plan: ULTIMATE"},"content":{"rendered":"<p>&nbsp;<\/p>\n<p>&nbsp;<\/p>\n<div class=\"table-responsive-cparty\">\n<table class=\"table-plans-entrainement\">\n<thead>\n<tr>\n<th>Included services<\/th>\n<th>Ultimate<br \/><small>300\u20ac \/ month<\/small><\/th>\n<\/tr>\n<\/thead>\n<tbody>\n    <!-- BASE DU COACHING --><\/p>\n<tr>\n<td><\/td>\n<td>The ideal basis to <strong>progress with a structured program, adapted to your level and your pace<\/strong>, and built to help you progress week after week.<\/td>\n<\/tr>\n<tr>\n<td><strong>Complete information sheet (profile, background, objectives)<\/strong><\/td>\n<td class=\"check\"><\/td>\n<\/tr>\n<tr>\n<td><strong>Complete information sheet (profile, background, objectives)<\/strong><\/td>\n<td class=\"check\"><\/td>\n<\/tr>\n<tr>\n<td>Initial Assessment Test<\/td>\n<td class=\"check\"><\/td>\n<\/tr>\n<tr>\n<td>Definition of peak form for D-Day<\/td>\n<td class=\"check\"><\/td>\n<\/tr>\n<tr>\n<td>Individual planning + 100% personalized training program<\/td>\n<td class=\"check\"><\/td>\n<\/tr>\n<tr>\n<td>Sessions adapted to your level, your schedule and your equipment (outings, home trainer, Garmin, Zwift&#8230;)<\/td>\n<td class=\"check\"><\/td>\n<\/tr>\n<tr>\n<td>Sending the training plan adjusted according to your progress<\/td>\n<td>On-demand, unlimited<\/td>\n<\/tr>\n<tr>\n<td>Access to targeted sessions (endurance, intensity, strength, technique)<\/td>\n<td class=\"check\"><\/td>\n<\/tr>\n<p>    <!-- COMMUNAUT\u00c9 & ACCOMPAGNEMENT --><\/p>\n<tr>\n<td>Access to the CPARTY WhatsApp community<\/td>\n<td class=\"check\"><\/td>\n<\/tr>\n<tr>\n<td>Availability of the coach<\/td>\n<td>Daily (WhatsApp, email, phone, video)<\/td>\n<\/tr>\n<tr>\n<td>Identification of training areas<\/td>\n<td class=\"check\"><\/td>\n<\/tr>\n<p>    <!-- SUIVI & ANALYSES --><\/p>\n<tr>\n<td>Recovery tips, nutrition and sleep<\/td>\n<p> optimization<\/p>\n<td class=\"check\"> (in-depth follow-up)<\/td>\n<\/tr>\n<tr>\n<td>Session analysis via TrainingPeaks<\/td>\n<td class=\"check\"><\/td>\n<\/tr>\n<tr>\n<td>Full access to the Content Collection<\/td>\n<td class=\"check\"><\/td>\n<\/tr>\n<tr>\n<td>Discount on CPARTY<\/td>\n<p> courses and stays<\/p>\n<td>5%<\/td>\n<\/tr>\n<tr>\n<td>TrainingPeaks Premium Account Included<\/td>\n<td class=\"check\"><\/td>\n<\/tr>\n<tr>\n<td>Advanced performance analysis via WKO5<\/td>\n<td class=\"check\"><\/td>\n<\/tr>\n<tr>\n<td>Tracking heart variability, recovery, and sleep (TrainingPeaks\/Whoop)<\/td>\n<td class=\"check\"><\/td>\n<\/tr>\n<p>    <!-- CONTENUS & RESSOURCES --><\/p>\n<tr>\n<td>Detailed nutritional tracking, recipes + HEXIS app<\/td>\n<td class=\"check\"><\/td>\n<\/tr>\n<tr>\n<td>Personalized strength training and injury prevention plans<\/td>\n<td class=\"check\"><\/td>\n<\/tr>\n<p>    <!-- AVANTAGES CPARTY --><\/p>\n<tr>\n<td>CPARTY Welcome Pack (Gobik jersey + bottle, from 2 months)<\/td>\n<td class=\"check\"><\/td>\n<\/tr>\n<tr>\n<td>Partner offers (Ekoi, Compex, Overstims&#8230;)<\/td>\n<td class=\"check\"><\/td>\n<\/tr>\n<p>    <!-- CONDITIONS TARIFAIRES --><\/p>\n<tr>\n<td>Commitment and conditions<\/td>\n<td>Monthly subscription, cancellable at the end of each month<br \/>+ 1 month free for a 12-month commitment with cash payment<\/td>\n<\/tr>\n<\/tbody>\n<\/table>\n<\/div>\n<h3 data-start=\"1705\" data-end=\"1770\"><strong data-start=\"1709\" data-end=\"1770\">Your individual coach<\/strong><\/h3>\n<p><span class=\"qodef-team-position\" style=\"color: #000000;\"><strong>Simon Lhuilier &#8211; France | Partner<\/strong><br \/>\n<\/span><span style=\"color: #000000;\">, Sports Director of the National \ud83c\uddeb\ud83c\uddf7\ud83c\udde6\ud83c\uddfa Cycling Teams, Coach and Former Elite Rider<\/span><\/p>\n<p style=\"text-align: left;\">[whatsapp phone=&#8221;33641411182&#8243;]  Talk to Simon  [\/whatsapp]<\/p>\n<p>A question? Contact Simon on whatsapp via the green button on the right of the page. <\/p>\n","protected":false},"excerpt":{"rendered":"<p>The ideal basis to <strong>progress with a structured program, adapted to your level and your pace<\/strong>, and built to help you progress week after week.<\/p>\n<p>Price monthly subscription.  <\/p>\n","protected":false},"featured_media":10307,"template":"","meta":[],"product_brand":[99],"product_cat":[193],"product_tag":[],"class_list":{"0":"post-10696","1":"product","2":"type-product","3":"status-publish","4":"has-post-thumbnail","6":"product_brand-cpartybikeexperience","7":"product_cat-training","9":"first","10":"instock","11":"virtual","12":"taxable","13":"purchasable","14":"product-type-simple"},"yoast_head":"<!-- This site is optimized with the Yoast SEO plugin v26.9 - https:\/\/yoast.com\/product\/yoast-seo-wordpress\/ -->\n<title>Personalized Training Plan: ULTIMATE - CPARTY BIKE EXPERIENCE<\/title>\n<meta name=\"description\" content=\"Premium cycling coaching: ultra-personalized training plan with daily monitoring, advanced WKO5 analyses, nutritional optimization and recovery for maximum performance.\" \/>\n<meta name=\"robots\" content=\"index, follow, max-snippet:-1, max-image-preview:large, max-video-preview:-1\" \/>\n<link rel=\"canonical\" href=\"https:\/\/www.cpartybikeexperience.com\/en\/produit\/plan-entrainement-cycliste-personnalise-ultimate\/\" \/>\n<meta property=\"og:locale\" content=\"en_US\" \/>\n<meta property=\"og:type\" content=\"article\" \/>\n<meta property=\"og:title\" content=\"Personalized Training Plan: ULTIMATE - CPARTY BIKE EXPERIENCE\" \/>\n<meta property=\"og:description\" content=\"Premium cycling coaching: ultra-personalized training plan with daily monitoring, advanced WKO5 analyses, nutritional optimization and recovery for maximum performance.\" \/>\n<meta property=\"og:url\" content=\"https:\/\/www.cpartybikeexperience.com\/en\/produit\/plan-entrainement-cycliste-personnalise-ultimate\/\" \/>\n<meta property=\"og:site_name\" content=\"CPARTY BIKE EXPERIENCE\" \/>\n<meta property=\"article:publisher\" content=\"https:\/\/www.facebook.com\/CpartyBikeExperience\" \/>\n<meta property=\"article:modified_time\" content=\"2025-12-12T13:10:53+00:00\" \/>\n<meta property=\"og:image\" content=\"https:\/\/www.cpartybikeexperience.com\/wp-content\/uploads\/2025\/12\/cparty-plan-entrainement-cycliste-ultimate.jpg\" \/>\n\t<meta property=\"og:image:width\" content=\"600\" \/>\n\t<meta property=\"og:image:height\" content=\"450\" \/>\n\t<meta property=\"og:image:type\" content=\"image\/jpeg\" \/>\n<script type=\"application\/ld+json\" class=\"yoast-schema-graph\">{\"@context\":\"https:\/\/schema.org\",\"@graph\":[{\"@type\":\"WebPage\",\"@id\":\"https:\/\/www.cpartybikeexperience.com\/en\/produit\/plan-entrainement-cycliste-personnalise-ultimate\/\",\"url\":\"https:\/\/www.cpartybikeexperience.com\/en\/produit\/plan-entrainement-cycliste-personnalise-ultimate\/\",\"name\":\"Personalized Training Plan: ULTIMATE - CPARTY BIKE EXPERIENCE\",\"isPartOf\":{\"@id\":\"https:\/\/www.cpartybikeexperience.com\/en\/#website\"},\"primaryImageOfPage\":{\"@id\":\"https:\/\/www.cpartybikeexperience.com\/en\/produit\/plan-entrainement-cycliste-personnalise-ultimate\/#primaryimage\"},\"image\":{\"@id\":\"https:\/\/www.cpartybikeexperience.com\/en\/produit\/plan-entrainement-cycliste-personnalise-ultimate\/#primaryimage\"},\"thumbnailUrl\":\"https:\/\/www.cpartybikeexperience.com\/wp-content\/uploads\/2025\/12\/cparty-plan-entrainement-cycliste-ultimate.jpg\",\"datePublished\":\"2025-12-04T17:06:49+00:00\",\"dateModified\":\"2025-12-12T13:10:53+00:00\",\"description\":\"Premium cycling coaching: ultra-personalized training plan with daily monitoring, advanced WKO5 analyses, nutritional optimization and recovery for maximum performance.\",\"breadcrumb\":{\"@id\":\"https:\/\/www.cpartybikeexperience.com\/en\/produit\/plan-entrainement-cycliste-personnalise-ultimate\/#breadcrumb\"},\"inLanguage\":\"en-US\",\"potentialAction\":[{\"@type\":\"ReadAction\",\"target\":[\"https:\/\/www.cpartybikeexperience.com\/en\/produit\/plan-entrainement-cycliste-personnalise-ultimate\/\"]}]},{\"@type\":\"ImageObject\",\"inLanguage\":\"en-US\",\"@id\":\"https:\/\/www.cpartybikeexperience.com\/en\/produit\/plan-entrainement-cycliste-personnalise-ultimate\/#primaryimage\",\"url\":\"https:\/\/www.cpartybikeexperience.com\/wp-content\/uploads\/2025\/12\/cparty-plan-entrainement-cycliste-ultimate.jpg\",\"contentUrl\":\"https:\/\/www.cpartybikeexperience.com\/wp-content\/uploads\/2025\/12\/cparty-plan-entrainement-cycliste-ultimate.jpg\",\"width\":600,\"height\":450},{\"@type\":\"BreadcrumbList\",\"@id\":\"https:\/\/www.cpartybikeexperience.com\/en\/produit\/plan-entrainement-cycliste-personnalise-ultimate\/#breadcrumb\",\"itemListElement\":[{\"@type\":\"ListItem\",\"position\":1,\"name\":\"Accueil\",\"item\":\"https:\/\/www.cpartybikeexperience.com\/en\/cparty-home\/\"},{\"@type\":\"ListItem\",\"position\":2,\"name\":\"Shop\",\"item\":\"https:\/\/www.cpartybikeexperience.com\/en\/boutique\/\"},{\"@type\":\"ListItem\",\"position\":3,\"name\":\"Personalized Training Plan: ULTIMATE\"}]},{\"@type\":\"WebSite\",\"@id\":\"https:\/\/www.cpartybikeexperience.com\/en\/#website\",\"url\":\"https:\/\/www.cpartybikeexperience.com\/en\/\",\"name\":\"CPARTY BIKE EXPERIENCE\",\"description\":\"Stages cyclismes - S\u00e9jours \u00e0 v\u00e9lo tous niveaux, tout inclus, encadr\u00e9s par des professionnels du cyclisme\",\"publisher\":{\"@id\":\"https:\/\/www.cpartybikeexperience.com\/en\/#organization\"},\"alternateName\":\"CPARTY\",\"potentialAction\":[{\"@type\":\"SearchAction\",\"target\":{\"@type\":\"EntryPoint\",\"urlTemplate\":\"https:\/\/www.cpartybikeexperience.com\/en\/?s={search_term_string}\"},\"query-input\":{\"@type\":\"PropertyValueSpecification\",\"valueRequired\":true,\"valueName\":\"search_term_string\"}}],\"inLanguage\":\"en-US\"},{\"@type\":\"Organization\",\"@id\":\"https:\/\/www.cpartybikeexperience.com\/en\/#organization\",\"name\":\"CPARTY BIKE EXPERIENCE\",\"alternateName\":\"CPARTY\",\"url\":\"https:\/\/www.cpartybikeexperience.com\/en\/\",\"logo\":{\"@type\":\"ImageObject\",\"inLanguage\":\"en-US\",\"@id\":\"https:\/\/www.cpartybikeexperience.com\/en\/#\/schema\/logo\/image\/\",\"url\":\"https:\/\/www.cpartybikeexperience.com\/wp-content\/uploads\/2025\/07\/Logo-CPARTY-Bike-Experience-01.png\",\"contentUrl\":\"https:\/\/www.cpartybikeexperience.com\/wp-content\/uploads\/2025\/07\/Logo-CPARTY-Bike-Experience-01.png\",\"width\":1000,\"height\":538,\"caption\":\"CPARTY BIKE EXPERIENCE\"},\"image\":{\"@id\":\"https:\/\/www.cpartybikeexperience.com\/en\/#\/schema\/logo\/image\/\"},\"sameAs\":[\"https:\/\/www.facebook.com\/CpartyBikeExperience\",\"https:\/\/www.instagram.com\/cpartybikeexperience\/\",\"https:\/\/www.linkedin.com\/company\/cparty-bike-experience\/\"]}]}<\/script>\n<!-- \/ Yoast SEO plugin. -->","yoast_head_json":{"title":"Personalized Training Plan: ULTIMATE - CPARTY BIKE EXPERIENCE","description":"Premium cycling coaching: ultra-personalized training plan with daily monitoring, advanced WKO5 analyses, nutritional optimization and recovery for maximum performance.","robots":{"index":"index","follow":"follow","max-snippet":"max-snippet:-1","max-image-preview":"max-image-preview:large","max-video-preview":"max-video-preview:-1"},"canonical":"https:\/\/www.cpartybikeexperience.com\/en\/produit\/plan-entrainement-cycliste-personnalise-ultimate\/","og_locale":"en_US","og_type":"article","og_title":"Personalized Training Plan: ULTIMATE - CPARTY BIKE EXPERIENCE","og_description":"Premium cycling coaching: ultra-personalized training plan with daily monitoring, advanced WKO5 analyses, nutritional optimization and recovery for maximum performance.","og_url":"https:\/\/www.cpartybikeexperience.com\/en\/produit\/plan-entrainement-cycliste-personnalise-ultimate\/","og_site_name":"CPARTY BIKE EXPERIENCE","article_publisher":"https:\/\/www.facebook.com\/CpartyBikeExperience","article_modified_time":"2025-12-12T13:10:53+00:00","og_image":[{"width":600,"height":450,"url":"https:\/\/www.cpartybikeexperience.com\/wp-content\/uploads\/2025\/12\/cparty-plan-entrainement-cycliste-ultimate.jpg","type":"image\/jpeg"}],"schema":{"@context":"https:\/\/schema.org","@graph":[{"@type":"WebPage","@id":"https:\/\/www.cpartybikeexperience.com\/en\/produit\/plan-entrainement-cycliste-personnalise-ultimate\/","url":"https:\/\/www.cpartybikeexperience.com\/en\/produit\/plan-entrainement-cycliste-personnalise-ultimate\/","name":"Personalized Training Plan: ULTIMATE - CPARTY BIKE EXPERIENCE","isPartOf":{"@id":"https:\/\/www.cpartybikeexperience.com\/en\/#website"},"primaryImageOfPage":{"@id":"https:\/\/www.cpartybikeexperience.com\/en\/produit\/plan-entrainement-cycliste-personnalise-ultimate\/#primaryimage"},"image":{"@id":"https:\/\/www.cpartybikeexperience.com\/en\/produit\/plan-entrainement-cycliste-personnalise-ultimate\/#primaryimage"},"thumbnailUrl":"https:\/\/www.cpartybikeexperience.com\/wp-content\/uploads\/2025\/12\/cparty-plan-entrainement-cycliste-ultimate.jpg","datePublished":"2025-12-04T17:06:49+00:00","dateModified":"2025-12-12T13:10:53+00:00","description":"Premium cycling coaching: ultra-personalized training plan with daily monitoring, advanced WKO5 analyses, nutritional optimization and recovery for maximum performance.","breadcrumb":{"@id":"https:\/\/www.cpartybikeexperience.com\/en\/produit\/plan-entrainement-cycliste-personnalise-ultimate\/#breadcrumb"},"inLanguage":"en-US","potentialAction":[{"@type":"ReadAction","target":["https:\/\/www.cpartybikeexperience.com\/en\/produit\/plan-entrainement-cycliste-personnalise-ultimate\/"]}]},{"@type":"ImageObject","inLanguage":"en-US","@id":"https:\/\/www.cpartybikeexperience.com\/en\/produit\/plan-entrainement-cycliste-personnalise-ultimate\/#primaryimage","url":"https:\/\/www.cpartybikeexperience.com\/wp-content\/uploads\/2025\/12\/cparty-plan-entrainement-cycliste-ultimate.jpg","contentUrl":"https:\/\/www.cpartybikeexperience.com\/wp-content\/uploads\/2025\/12\/cparty-plan-entrainement-cycliste-ultimate.jpg","width":600,"height":450},{"@type":"BreadcrumbList","@id":"https:\/\/www.cpartybikeexperience.com\/en\/produit\/plan-entrainement-cycliste-personnalise-ultimate\/#breadcrumb","itemListElement":[{"@type":"ListItem","position":1,"name":"Accueil","item":"https:\/\/www.cpartybikeexperience.com\/en\/cparty-home\/"},{"@type":"ListItem","position":2,"name":"Shop","item":"https:\/\/www.cpartybikeexperience.com\/en\/boutique\/"},{"@type":"ListItem","position":3,"name":"Personalized Training Plan: ULTIMATE"}]},{"@type":"WebSite","@id":"https:\/\/www.cpartybikeexperience.com\/en\/#website","url":"https:\/\/www.cpartybikeexperience.com\/en\/","name":"CPARTY BIKE EXPERIENCE","description":"Stages cyclismes - S\u00e9jours \u00e0 v\u00e9lo tous niveaux, tout inclus, encadr\u00e9s par des professionnels du cyclisme","publisher":{"@id":"https:\/\/www.cpartybikeexperience.com\/en\/#organization"},"alternateName":"CPARTY","potentialAction":[{"@type":"SearchAction","target":{"@type":"EntryPoint","urlTemplate":"https:\/\/www.cpartybikeexperience.com\/en\/?s={search_term_string}"},"query-input":{"@type":"PropertyValueSpecification","valueRequired":true,"valueName":"search_term_string"}}],"inLanguage":"en-US"},{"@type":"Organization","@id":"https:\/\/www.cpartybikeexperience.com\/en\/#organization","name":"CPARTY BIKE EXPERIENCE","alternateName":"CPARTY","url":"https:\/\/www.cpartybikeexperience.com\/en\/","logo":{"@type":"ImageObject","inLanguage":"en-US","@id":"https:\/\/www.cpartybikeexperience.com\/en\/#\/schema\/logo\/image\/","url":"https:\/\/www.cpartybikeexperience.com\/wp-content\/uploads\/2025\/07\/Logo-CPARTY-Bike-Experience-01.png","contentUrl":"https:\/\/www.cpartybikeexperience.com\/wp-content\/uploads\/2025\/07\/Logo-CPARTY-Bike-Experience-01.png","width":1000,"height":538,"caption":"CPARTY BIKE EXPERIENCE"},"image":{"@id":"https:\/\/www.cpartybikeexperience.com\/en\/#\/schema\/logo\/image\/"},"sameAs":["https:\/\/www.facebook.com\/CpartyBikeExperience","https:\/\/www.instagram.com\/cpartybikeexperience\/","https:\/\/www.linkedin.com\/company\/cparty-bike-experience\/"]}]}},"_links":{"self":[{"href":"https:\/\/www.cpartybikeexperience.com\/en\/wp-json\/wp\/v2\/product\/10696","targetHints":{"allow":["GET"]}}],"collection":[{"href":"https:\/\/www.cpartybikeexperience.com\/en\/wp-json\/wp\/v2\/product"}],"about":[{"href":"https:\/\/www.cpartybikeexperience.com\/en\/wp-json\/wp\/v2\/types\/product"}],"wp:featuredmedia":[{"embeddable":true,"href":"https:\/\/www.cpartybikeexperience.com\/en\/wp-json\/wp\/v2\/media\/10307"}],"wp:attachment":[{"href":"https:\/\/www.cpartybikeexperience.com\/en\/wp-json\/wp\/v2\/media?parent=10696"}],"wp:term":[{"taxonomy":"product_brand","embeddable":true,"href":"https:\/\/www.cpartybikeexperience.com\/en\/wp-json\/wp\/v2\/product_brand?post=10696"},{"taxonomy":"product_cat","embeddable":true,"href":"https:\/\/www.cpartybikeexperience.com\/en\/wp-json\/wp\/v2\/product_cat?post=10696"},{"taxonomy":"product_tag","embeddable":true,"href":"https:\/\/www.cpartybikeexperience.com\/en\/wp-json\/wp\/v2\/product_tag?post=10696"}],"curies":[{"name":"wp","href":"https:\/\/api.w.org\/{rel}","templated":true}]}}