{"id":10695,"date":"2025-12-04T17:59:10","date_gmt":"2025-12-04T16:59:10","guid":{"rendered":"https:\/\/www.cpartybikeexperience.com\/produit\/plan-entrainement-cycliste-personnalise-progress\/"},"modified":"2025-12-12T14:10:52","modified_gmt":"2025-12-12T13:10:52","slug":"plan-entrainement-cycliste-personnalise-progress","status":"publish","type":"product","link":"https:\/\/www.cpartybikeexperience.com\/en\/produit\/plan-entrainement-cycliste-personnalise-progress\/","title":{"rendered":"Personalized Training Plan: PROGRESS"},"content":{"rendered":"<p>&nbsp;<\/p>\n<p>&nbsp;<\/p>\n<div class=\"table-responsive-cparty\">\n<table class=\"table-plans-entrainement\">\n<thead>\n<tr>\n<th>Included<\/th>\n<p> services<\/p>\n<th>Progress<br \/>\n<small>200\u20ac \/ month<\/small><\/th>\n<\/tr>\n<\/thead>\n<tbody><!-- BASE DU COACHING --><\/p>\n<tr>\n<td><\/td>\n<td>More in-depth support, with regular monitoring, precise analyses and weekly adaptation to <strong>optimize each phase of your progress.<\/strong><\/td>\n<\/tr>\n<tr>\n<td><strong>Complete information sheet (profile, background, objectives)<\/strong><\/td>\n<td class=\"check\"><\/td>\n<\/tr>\n<tr>\n<td><strong>Complete information sheet (profile, background, objectives)<\/strong><\/td>\n<td class=\"check\"><\/td>\n<\/tr>\n<tr>\n<td>Initial Assessment Test<\/td>\n<td class=\"check\"><\/td>\n<\/tr>\n<tr>\n<td>Definition of peak form for D-Day<\/td>\n<td class=\"check\"><\/td>\n<\/tr>\n<tr>\n<td>Individual planning + 100% personalized training program<\/td>\n<td class=\"check\"><\/td>\n<\/tr>\n<tr>\n<td>Sessions adapted to your level, your schedule and your equipment (outings, home trainer, Garmin, Zwift&#8230;)<\/td>\n<td class=\"check\"><\/td>\n<\/tr>\n<tr>\n<td>Sending the training plan adjusted according to your progress<\/td>\n<td>Weekly<\/td>\n<\/tr>\n<tr>\n<td>Access to targeted sessions (endurance, intensity, strength, technique)<\/td>\n<td class=\"check\"><\/td>\n<\/tr>\n<p><!-- COMMUNAUT\u00c9 & ACCOMPAGNEMENT --><\/p>\n<tr>\n<td>Access to the CPARTY WhatsApp community<\/td>\n<td class=\"check\"><\/td>\n<\/tr>\n<tr>\n<td>Availability of the coach<\/td>\n<td>Weekly (WhatsApp, email, phone)<\/td>\n<\/tr>\n<tr>\n<td>Identification of training areas<\/td>\n<td class=\"check\"><\/td>\n<\/tr>\n<p><!-- SUIVI & ANALYSES --><\/p>\n<tr>\n<td>Recovery tips, nutrition and sleep optimization<\/td>\n<td class=\"check\"><\/td>\n<\/tr>\n<tr>\n<td>Session analysis via TrainingPeaks<\/td>\n<td class=\"check\"><\/td>\n<\/tr>\n<tr>\n<td>Full access to the Content Collection<\/td>\n<td class=\"check\"><\/td>\n<\/tr>\n<p><!-- CONDITIONS TARIFAIRES --><\/p>\n<tr>\n<td>Commitment and conditions<\/td>\n<td>Monthly subscription, cancellable at the end of each month<\/td>\n<\/tr>\n<\/tbody>\n<\/table>\n<\/div>\n<h3 data-start=\"1705\" data-end=\"1770\"><strong data-start=\"1709\" data-end=\"1770\">Your individual coach<\/strong><\/h3>\n<p><span class=\"qodef-team-position\" style=\"color: #000000;\"><strong>Simon Lhuilier &#8211; France | Partner<\/strong><br \/>\n<\/span><span style=\"color: #000000;\">, Sports Director of the National \ud83c\uddeb\ud83c\uddf7\ud83c\udde6\ud83c\uddfa Cycling Teams, Coach and Former Elite Rider<\/span><\/p>\n<p style=\"text-align: left;\">[whatsapp phone=&#8221;33641411182&#8243;]  Talk to Simon  [\/whatsapp]<\/p>\n<p>A question? Contact Simon on whatsapp via the green button on the right of the page. <\/p>\n","protected":false},"excerpt":{"rendered":"<p>More in-depth support, with regular monitoring, precise analyses and weekly adaptation to <strong>optimize each phase of your progress.<\/strong><\/p>\n<p>Price monthly subscription.<\/p>\n","protected":false},"featured_media":10309,"template":"","meta":[],"product_brand":[99],"product_cat":[193],"product_tag":[],"class_list":{"0":"post-10695","1":"product","2":"type-product","3":"status-publish","4":"has-post-thumbnail","6":"product_brand-cpartybikeexperience","7":"product_cat-training","9":"first","10":"instock","11":"virtual","12":"taxable","13":"purchasable","14":"product-type-simple"},"yoast_head":"<!-- This site is optimized with the Yoast SEO plugin v26.9 - https:\/\/yoast.com\/product\/yoast-seo-wordpress\/ -->\n<title>Personalized Training Plan: PROGRESS - CPARTY BIKE EXPERIENCE<\/title>\n<meta name=\"description\" content=\"Advanced cycling training plan: personalized program with weekly follow-up, TrainingPeaks analyses and expert coaching to progress faster and achieve your cycling goals.\" \/>\n<meta name=\"robots\" content=\"index, follow, max-snippet:-1, max-image-preview:large, max-video-preview:-1\" \/>\n<link rel=\"canonical\" href=\"https:\/\/www.cpartybikeexperience.com\/en\/produit\/plan-entrainement-cycliste-personnalise-progress\/\" \/>\n<meta property=\"og:locale\" content=\"en_US\" \/>\n<meta property=\"og:type\" content=\"article\" \/>\n<meta property=\"og:title\" content=\"Personalized Training Plan: PROGRESS - CPARTY BIKE EXPERIENCE\" \/>\n<meta property=\"og:description\" content=\"Advanced cycling training plan: personalized program with weekly follow-up, TrainingPeaks analyses and expert coaching to progress faster and achieve your cycling goals.\" \/>\n<meta property=\"og:url\" content=\"https:\/\/www.cpartybikeexperience.com\/en\/produit\/plan-entrainement-cycliste-personnalise-progress\/\" \/>\n<meta property=\"og:site_name\" content=\"CPARTY BIKE EXPERIENCE\" \/>\n<meta property=\"article:publisher\" content=\"https:\/\/www.facebook.com\/CpartyBikeExperience\" \/>\n<meta property=\"article:modified_time\" content=\"2025-12-12T13:10:52+00:00\" \/>\n<meta property=\"og:image\" content=\"https:\/\/www.cpartybikeexperience.com\/wp-content\/uploads\/2025\/12\/cparty-plan-entrainement-cycliste-progress.jpg\" \/>\n\t<meta property=\"og:image:width\" content=\"600\" \/>\n\t<meta property=\"og:image:height\" content=\"450\" \/>\n\t<meta property=\"og:image:type\" content=\"image\/jpeg\" \/>\n<script type=\"application\/ld+json\" class=\"yoast-schema-graph\">{\"@context\":\"https:\/\/schema.org\",\"@graph\":[{\"@type\":\"WebPage\",\"@id\":\"https:\/\/www.cpartybikeexperience.com\/en\/produit\/plan-entrainement-cycliste-personnalise-progress\/\",\"url\":\"https:\/\/www.cpartybikeexperience.com\/en\/produit\/plan-entrainement-cycliste-personnalise-progress\/\",\"name\":\"Personalized Training Plan: PROGRESS - CPARTY BIKE EXPERIENCE\",\"isPartOf\":{\"@id\":\"https:\/\/www.cpartybikeexperience.com\/en\/#website\"},\"primaryImageOfPage\":{\"@id\":\"https:\/\/www.cpartybikeexperience.com\/en\/produit\/plan-entrainement-cycliste-personnalise-progress\/#primaryimage\"},\"image\":{\"@id\":\"https:\/\/www.cpartybikeexperience.com\/en\/produit\/plan-entrainement-cycliste-personnalise-progress\/#primaryimage\"},\"thumbnailUrl\":\"https:\/\/www.cpartybikeexperience.com\/wp-content\/uploads\/2025\/12\/cparty-plan-entrainement-cycliste-progress.jpg\",\"datePublished\":\"2025-12-04T16:59:10+00:00\",\"dateModified\":\"2025-12-12T13:10:52+00:00\",\"description\":\"Advanced cycling training plan: personalized program with weekly follow-up, TrainingPeaks analyses and expert coaching to progress faster and achieve your cycling goals.\",\"breadcrumb\":{\"@id\":\"https:\/\/www.cpartybikeexperience.com\/en\/produit\/plan-entrainement-cycliste-personnalise-progress\/#breadcrumb\"},\"inLanguage\":\"en-US\",\"potentialAction\":[{\"@type\":\"ReadAction\",\"target\":[\"https:\/\/www.cpartybikeexperience.com\/en\/produit\/plan-entrainement-cycliste-personnalise-progress\/\"]}]},{\"@type\":\"ImageObject\",\"inLanguage\":\"en-US\",\"@id\":\"https:\/\/www.cpartybikeexperience.com\/en\/produit\/plan-entrainement-cycliste-personnalise-progress\/#primaryimage\",\"url\":\"https:\/\/www.cpartybikeexperience.com\/wp-content\/uploads\/2025\/12\/cparty-plan-entrainement-cycliste-progress.jpg\",\"contentUrl\":\"https:\/\/www.cpartybikeexperience.com\/wp-content\/uploads\/2025\/12\/cparty-plan-entrainement-cycliste-progress.jpg\",\"width\":600,\"height\":450},{\"@type\":\"BreadcrumbList\",\"@id\":\"https:\/\/www.cpartybikeexperience.com\/en\/produit\/plan-entrainement-cycliste-personnalise-progress\/#breadcrumb\",\"itemListElement\":[{\"@type\":\"ListItem\",\"position\":1,\"name\":\"Accueil\",\"item\":\"https:\/\/www.cpartybikeexperience.com\/en\/\"},{\"@type\":\"ListItem\",\"position\":2,\"name\":\"Shop\",\"item\":\"https:\/\/www.cpartybikeexperience.com\/en\/boutique\/\"},{\"@type\":\"ListItem\",\"position\":3,\"name\":\"Personalized Training Plan: PROGRESS\"}]},{\"@type\":\"WebSite\",\"@id\":\"https:\/\/www.cpartybikeexperience.com\/en\/#website\",\"url\":\"https:\/\/www.cpartybikeexperience.com\/en\/\",\"name\":\"CPARTY BIKE EXPERIENCE\",\"description\":\"Stages cyclismes - S\u00e9jours \u00e0 v\u00e9lo tous niveaux, tout inclus, encadr\u00e9s par des professionnels du cyclisme\",\"publisher\":{\"@id\":\"https:\/\/www.cpartybikeexperience.com\/en\/#organization\"},\"alternateName\":\"CPARTY\",\"potentialAction\":[{\"@type\":\"SearchAction\",\"target\":{\"@type\":\"EntryPoint\",\"urlTemplate\":\"https:\/\/www.cpartybikeexperience.com\/en\/?s={search_term_string}\"},\"query-input\":{\"@type\":\"PropertyValueSpecification\",\"valueRequired\":true,\"valueName\":\"search_term_string\"}}],\"inLanguage\":\"en-US\"},{\"@type\":\"Organization\",\"@id\":\"https:\/\/www.cpartybikeexperience.com\/en\/#organization\",\"name\":\"CPARTY BIKE EXPERIENCE\",\"alternateName\":\"CPARTY\",\"url\":\"https:\/\/www.cpartybikeexperience.com\/en\/\",\"logo\":{\"@type\":\"ImageObject\",\"inLanguage\":\"en-US\",\"@id\":\"https:\/\/www.cpartybikeexperience.com\/en\/#\/schema\/logo\/image\/\",\"url\":\"https:\/\/www.cpartybikeexperience.com\/wp-content\/uploads\/2025\/07\/Logo-CPARTY-Bike-Experience-01.png\",\"contentUrl\":\"https:\/\/www.cpartybikeexperience.com\/wp-content\/uploads\/2025\/07\/Logo-CPARTY-Bike-Experience-01.png\",\"width\":1000,\"height\":538,\"caption\":\"CPARTY BIKE EXPERIENCE\"},\"image\":{\"@id\":\"https:\/\/www.cpartybikeexperience.com\/en\/#\/schema\/logo\/image\/\"},\"sameAs\":[\"https:\/\/www.facebook.com\/CpartyBikeExperience\",\"https:\/\/www.instagram.com\/cpartybikeexperience\/\",\"https:\/\/www.linkedin.com\/company\/cparty-bike-experience\/\"]}]}<\/script>\n<!-- \/ Yoast SEO plugin. -->","yoast_head_json":{"title":"Personalized Training Plan: PROGRESS - CPARTY BIKE EXPERIENCE","description":"Advanced cycling training plan: personalized program with weekly follow-up, TrainingPeaks analyses and expert coaching to progress faster and achieve your cycling goals.","robots":{"index":"index","follow":"follow","max-snippet":"max-snippet:-1","max-image-preview":"max-image-preview:large","max-video-preview":"max-video-preview:-1"},"canonical":"https:\/\/www.cpartybikeexperience.com\/en\/produit\/plan-entrainement-cycliste-personnalise-progress\/","og_locale":"en_US","og_type":"article","og_title":"Personalized Training Plan: PROGRESS - CPARTY BIKE EXPERIENCE","og_description":"Advanced cycling training plan: personalized program with weekly follow-up, TrainingPeaks analyses and expert coaching to progress faster and achieve your cycling goals.","og_url":"https:\/\/www.cpartybikeexperience.com\/en\/produit\/plan-entrainement-cycliste-personnalise-progress\/","og_site_name":"CPARTY BIKE EXPERIENCE","article_publisher":"https:\/\/www.facebook.com\/CpartyBikeExperience","article_modified_time":"2025-12-12T13:10:52+00:00","og_image":[{"width":600,"height":450,"url":"https:\/\/www.cpartybikeexperience.com\/wp-content\/uploads\/2025\/12\/cparty-plan-entrainement-cycliste-progress.jpg","type":"image\/jpeg"}],"schema":{"@context":"https:\/\/schema.org","@graph":[{"@type":"WebPage","@id":"https:\/\/www.cpartybikeexperience.com\/en\/produit\/plan-entrainement-cycliste-personnalise-progress\/","url":"https:\/\/www.cpartybikeexperience.com\/en\/produit\/plan-entrainement-cycliste-personnalise-progress\/","name":"Personalized Training Plan: PROGRESS - CPARTY BIKE EXPERIENCE","isPartOf":{"@id":"https:\/\/www.cpartybikeexperience.com\/en\/#website"},"primaryImageOfPage":{"@id":"https:\/\/www.cpartybikeexperience.com\/en\/produit\/plan-entrainement-cycliste-personnalise-progress\/#primaryimage"},"image":{"@id":"https:\/\/www.cpartybikeexperience.com\/en\/produit\/plan-entrainement-cycliste-personnalise-progress\/#primaryimage"},"thumbnailUrl":"https:\/\/www.cpartybikeexperience.com\/wp-content\/uploads\/2025\/12\/cparty-plan-entrainement-cycliste-progress.jpg","datePublished":"2025-12-04T16:59:10+00:00","dateModified":"2025-12-12T13:10:52+00:00","description":"Advanced cycling training plan: personalized program with weekly follow-up, TrainingPeaks analyses and expert coaching to progress faster and achieve your cycling goals.","breadcrumb":{"@id":"https:\/\/www.cpartybikeexperience.com\/en\/produit\/plan-entrainement-cycliste-personnalise-progress\/#breadcrumb"},"inLanguage":"en-US","potentialAction":[{"@type":"ReadAction","target":["https:\/\/www.cpartybikeexperience.com\/en\/produit\/plan-entrainement-cycliste-personnalise-progress\/"]}]},{"@type":"ImageObject","inLanguage":"en-US","@id":"https:\/\/www.cpartybikeexperience.com\/en\/produit\/plan-entrainement-cycliste-personnalise-progress\/#primaryimage","url":"https:\/\/www.cpartybikeexperience.com\/wp-content\/uploads\/2025\/12\/cparty-plan-entrainement-cycliste-progress.jpg","contentUrl":"https:\/\/www.cpartybikeexperience.com\/wp-content\/uploads\/2025\/12\/cparty-plan-entrainement-cycliste-progress.jpg","width":600,"height":450},{"@type":"BreadcrumbList","@id":"https:\/\/www.cpartybikeexperience.com\/en\/produit\/plan-entrainement-cycliste-personnalise-progress\/#breadcrumb","itemListElement":[{"@type":"ListItem","position":1,"name":"Accueil","item":"https:\/\/www.cpartybikeexperience.com\/en\/"},{"@type":"ListItem","position":2,"name":"Shop","item":"https:\/\/www.cpartybikeexperience.com\/en\/boutique\/"},{"@type":"ListItem","position":3,"name":"Personalized Training Plan: PROGRESS"}]},{"@type":"WebSite","@id":"https:\/\/www.cpartybikeexperience.com\/en\/#website","url":"https:\/\/www.cpartybikeexperience.com\/en\/","name":"CPARTY BIKE EXPERIENCE","description":"Stages cyclismes - S\u00e9jours \u00e0 v\u00e9lo tous niveaux, tout inclus, encadr\u00e9s par des professionnels du cyclisme","publisher":{"@id":"https:\/\/www.cpartybikeexperience.com\/en\/#organization"},"alternateName":"CPARTY","potentialAction":[{"@type":"SearchAction","target":{"@type":"EntryPoint","urlTemplate":"https:\/\/www.cpartybikeexperience.com\/en\/?s={search_term_string}"},"query-input":{"@type":"PropertyValueSpecification","valueRequired":true,"valueName":"search_term_string"}}],"inLanguage":"en-US"},{"@type":"Organization","@id":"https:\/\/www.cpartybikeexperience.com\/en\/#organization","name":"CPARTY BIKE EXPERIENCE","alternateName":"CPARTY","url":"https:\/\/www.cpartybikeexperience.com\/en\/","logo":{"@type":"ImageObject","inLanguage":"en-US","@id":"https:\/\/www.cpartybikeexperience.com\/en\/#\/schema\/logo\/image\/","url":"https:\/\/www.cpartybikeexperience.com\/wp-content\/uploads\/2025\/07\/Logo-CPARTY-Bike-Experience-01.png","contentUrl":"https:\/\/www.cpartybikeexperience.com\/wp-content\/uploads\/2025\/07\/Logo-CPARTY-Bike-Experience-01.png","width":1000,"height":538,"caption":"CPARTY BIKE EXPERIENCE"},"image":{"@id":"https:\/\/www.cpartybikeexperience.com\/en\/#\/schema\/logo\/image\/"},"sameAs":["https:\/\/www.facebook.com\/CpartyBikeExperience","https:\/\/www.instagram.com\/cpartybikeexperience\/","https:\/\/www.linkedin.com\/company\/cparty-bike-experience\/"]}]}},"_links":{"self":[{"href":"https:\/\/www.cpartybikeexperience.com\/en\/wp-json\/wp\/v2\/product\/10695","targetHints":{"allow":["GET"]}}],"collection":[{"href":"https:\/\/www.cpartybikeexperience.com\/en\/wp-json\/wp\/v2\/product"}],"about":[{"href":"https:\/\/www.cpartybikeexperience.com\/en\/wp-json\/wp\/v2\/types\/product"}],"wp:featuredmedia":[{"embeddable":true,"href":"https:\/\/www.cpartybikeexperience.com\/en\/wp-json\/wp\/v2\/media\/10309"}],"wp:attachment":[{"href":"https:\/\/www.cpartybikeexperience.com\/en\/wp-json\/wp\/v2\/media?parent=10695"}],"wp:term":[{"taxonomy":"product_brand","embeddable":true,"href":"https:\/\/www.cpartybikeexperience.com\/en\/wp-json\/wp\/v2\/product_brand?post=10695"},{"taxonomy":"product_cat","embeddable":true,"href":"https:\/\/www.cpartybikeexperience.com\/en\/wp-json\/wp\/v2\/product_cat?post=10695"},{"taxonomy":"product_tag","embeddable":true,"href":"https:\/\/www.cpartybikeexperience.com\/en\/wp-json\/wp\/v2\/product_tag?post=10695"}],"curies":[{"name":"wp","href":"https:\/\/api.w.org\/{rel}","templated":true}]}}