{"id":10412,"date":"2025-12-05T08:30:18","date_gmt":"2025-12-05T07:30:18","guid":{"rendered":"https:\/\/www.cpartybikeexperience.com\/?post_type=product&#038;p=10412"},"modified":"2026-03-02T10:17:23","modified_gmt":"2026-03-02T09:17:23","slug":"le-perigord-noir-avec-laurent-jalabert","status":"publish","type":"product","link":"https:\/\/www.cpartybikeexperience.com\/en\/produit\/le-perigord-noir-avec-laurent-jalabert\/","title":{"rendered":"The P\u00e9rigord Noir with Laurent Jalabert"},"content":{"rendered":"<p><span data-sheets-root=\"1\"> <\/span><\/p>\n<p>The P\u00e9rigord Noir is an ideal place for cycling with its uncrowded roads, varied reliefs and unspoilt nature.<\/p>\n<p>Proof of this is that you will find a prestigious local guide in the person of Laurent Jalabert. In addition to his perfect knowledge of these Dordogne roads, he will be happy to share with you his precious advice but also some career anecdotes. <\/p>\n<p><strong>Accompanied by the great champion Laurent Jalabert, but also by the former professional and Sports Director Denis Leproux,<\/strong> you will pedal on the wonderful roads of the Dordogne, discover the superb landscapes of this region and its many villages classified as &#8220;most beautiful villages in France&#8221;, and enjoy the excellent local P\u00e9rigord gastronomy.<\/p>\n<p>You will be accommodated with full board at the hotel \u2b50\ufe0f\u2b50\ufe0f\u2b50\ufe0f La Verperie where you will enjoy its great comfort, its ideal location in the heart of the medieval city of Sarlat, but also the excellent P\u00e9rigord gastronomy.<\/p>\n<p><span data-sheets-root=\"1\">\ud83d\udc49 <a href=\"\/evens\/perigord-noir-laurent-jalabert\/\">Consult the complete course sheet<\/a><\/span><\/p>\n<a itemprop=\"url\" href=\"\/evens\/perigord-noir-laurent-jalabert\/\" target=\"_self\" style=\"color: #000000;background-color: #FED620;font-size: 18px;font-weight: 600\" class=\"qodef-btn qodef-btn-medium qodef-btn-solid qodef-btn-custom-hover-bg\" data-hover-bg-color=\"#5dc9e8\" >\n    <span class=\"qodef-btn-text\">Discover the complete programme of the cycling course<\/span>\n    <span class=\"qodef-btn-bg-hover-holder\"><\/span>\n    <i class=\"qodef-icon-font-awesome  \" ><\/i><\/a>\n","protected":false},"excerpt":{"rendered":"<h1>Book your cycling course with Laurent Jalabert in the P\u00e9rigord Noir<\/h1>\n<p>Here you can <strong data-start=\"1991\" data-end=\"2063\">book your Laurent Jalabert cycling course in the P\u00e9rigord Noir<\/strong>, an all-inclusive stay to ride with the French champion in his heart region. Enjoy professional coaching, a friendly atmosphere and exceptional landscapes between picturesque villages and unspoilt nature. <\/p>\n<ul>\n<li>September 1 to 6, 2026<\/li>\n<li>6 days and 5 nights<\/li>\n<li>5 bike rides<\/li>\n<\/ul>\n","protected":false},"featured_media":10341,"template":"","meta":[],"product_brand":[99],"product_cat":[170],"product_tag":[],"class_list":{"0":"post-10412","1":"product","2":"type-product","3":"status-publish","4":"has-post-thumbnail","6":"product_brand-cpartybikeexperience","7":"product_cat-internships","9":"first","10":"instock","11":"taxable","12":"shipping-taxable","13":"purchasable","14":"product-type-variable","15":"has-default-attributes"},"yoast_head":"<!-- This site is optimized with the Yoast SEO plugin v26.9 - https:\/\/yoast.com\/product\/yoast-seo-wordpress\/ -->\n<title>Book Laurent Jalabert P\u00e9rigord cycling course | All-inclusive stay<\/title>\n<meta name=\"description\" content=\"Laurent Jalabert P\u00e9rigord cycling camp: all-inclusive stay with the French champion in his heart region. Professional coaching, conviviality and magnificent courses between villages and unspoilt nature.\" \/>\n<meta name=\"robots\" content=\"index, follow, max-snippet:-1, max-image-preview:large, max-video-preview:-1\" \/>\n<link rel=\"canonical\" href=\"https:\/\/www.cpartybikeexperience.com\/en\/produit\/le-perigord-noir-avec-laurent-jalabert\/\" \/>\n<meta property=\"og:locale\" content=\"en_US\" \/>\n<meta property=\"og:type\" content=\"article\" \/>\n<meta property=\"og:title\" content=\"Book Laurent Jalabert P\u00e9rigord cycling course | All-inclusive stay\" \/>\n<meta property=\"og:description\" content=\"Laurent Jalabert P\u00e9rigord cycling camp: all-inclusive stay with the French champion in his heart region. Professional coaching, conviviality and magnificent courses between villages and unspoilt nature.\" \/>\n<meta property=\"og:url\" content=\"https:\/\/www.cpartybikeexperience.com\/en\/produit\/le-perigord-noir-avec-laurent-jalabert\/\" \/>\n<meta property=\"og:site_name\" content=\"CPARTY BIKE EXPERIENCE\" \/>\n<meta property=\"article:publisher\" content=\"https:\/\/www.facebook.com\/CpartyBikeExperience\" \/>\n<meta property=\"article:modified_time\" content=\"2026-03-02T09:17:23+00:00\" \/>\n<meta property=\"og:image\" content=\"https:\/\/www.cpartybikeexperience.com\/wp-content\/uploads\/2025\/12\/cparty-perigord-2025-033.jpg\" \/>\n\t<meta property=\"og:image:width\" content=\"1200\" \/>\n\t<meta property=\"og:image:height\" content=\"800\" \/>\n\t<meta property=\"og:image:type\" content=\"image\/jpeg\" \/>\n<script type=\"application\/ld+json\" class=\"yoast-schema-graph\">{\"@context\":\"https:\/\/schema.org\",\"@graph\":[{\"@type\":\"WebPage\",\"@id\":\"https:\/\/www.cpartybikeexperience.com\/en\/produit\/le-perigord-noir-avec-laurent-jalabert\/\",\"url\":\"https:\/\/www.cpartybikeexperience.com\/en\/produit\/le-perigord-noir-avec-laurent-jalabert\/\",\"name\":\"Book Laurent Jalabert P\u00e9rigord cycling course | All-inclusive stay\",\"isPartOf\":{\"@id\":\"https:\/\/www.cpartybikeexperience.com\/en\/#website\"},\"primaryImageOfPage\":{\"@id\":\"https:\/\/www.cpartybikeexperience.com\/en\/produit\/le-perigord-noir-avec-laurent-jalabert\/#primaryimage\"},\"image\":{\"@id\":\"https:\/\/www.cpartybikeexperience.com\/en\/produit\/le-perigord-noir-avec-laurent-jalabert\/#primaryimage\"},\"thumbnailUrl\":\"https:\/\/www.cpartybikeexperience.com\/wp-content\/uploads\/2025\/12\/cparty-perigord-2025-033.jpg\",\"datePublished\":\"2025-12-05T07:30:18+00:00\",\"dateModified\":\"2026-03-02T09:17:23+00:00\",\"description\":\"Laurent Jalabert P\u00e9rigord cycling camp: all-inclusive stay with the French champion in his heart region. Professional coaching, conviviality and magnificent courses between villages and unspoilt nature.\",\"breadcrumb\":{\"@id\":\"https:\/\/www.cpartybikeexperience.com\/en\/produit\/le-perigord-noir-avec-laurent-jalabert\/#breadcrumb\"},\"inLanguage\":\"en-US\",\"potentialAction\":[{\"@type\":\"ReadAction\",\"target\":[\"https:\/\/www.cpartybikeexperience.com\/en\/produit\/le-perigord-noir-avec-laurent-jalabert\/\"]}]},{\"@type\":\"ImageObject\",\"inLanguage\":\"en-US\",\"@id\":\"https:\/\/www.cpartybikeexperience.com\/en\/produit\/le-perigord-noir-avec-laurent-jalabert\/#primaryimage\",\"url\":\"https:\/\/www.cpartybikeexperience.com\/wp-content\/uploads\/2025\/12\/cparty-perigord-2025-033.jpg\",\"contentUrl\":\"https:\/\/www.cpartybikeexperience.com\/wp-content\/uploads\/2025\/12\/cparty-perigord-2025-033.jpg\",\"width\":1200,\"height\":800},{\"@type\":\"BreadcrumbList\",\"@id\":\"https:\/\/www.cpartybikeexperience.com\/en\/produit\/le-perigord-noir-avec-laurent-jalabert\/#breadcrumb\",\"itemListElement\":[{\"@type\":\"ListItem\",\"position\":1,\"name\":\"Accueil\",\"item\":\"https:\/\/www.cpartybikeexperience.com\/en\/\"},{\"@type\":\"ListItem\",\"position\":2,\"name\":\"Shop\",\"item\":\"https:\/\/www.cpartybikeexperience.com\/en\/boutique\/\"},{\"@type\":\"ListItem\",\"position\":3,\"name\":\"The P\u00e9rigord Noir with Laurent Jalabert\"}]},{\"@type\":\"WebSite\",\"@id\":\"https:\/\/www.cpartybikeexperience.com\/en\/#website\",\"url\":\"https:\/\/www.cpartybikeexperience.com\/en\/\",\"name\":\"CPARTY BIKE EXPERIENCE\",\"description\":\"Stages cyclismes - S\u00e9jours \u00e0 v\u00e9lo tous niveaux, tout inclus, encadr\u00e9s par des professionnels du cyclisme\",\"publisher\":{\"@id\":\"https:\/\/www.cpartybikeexperience.com\/en\/#organization\"},\"alternateName\":\"CPARTY\",\"potentialAction\":[{\"@type\":\"SearchAction\",\"target\":{\"@type\":\"EntryPoint\",\"urlTemplate\":\"https:\/\/www.cpartybikeexperience.com\/en\/?s={search_term_string}\"},\"query-input\":{\"@type\":\"PropertyValueSpecification\",\"valueRequired\":true,\"valueName\":\"search_term_string\"}}],\"inLanguage\":\"en-US\"},{\"@type\":\"Organization\",\"@id\":\"https:\/\/www.cpartybikeexperience.com\/en\/#organization\",\"name\":\"CPARTY BIKE EXPERIENCE\",\"alternateName\":\"CPARTY\",\"url\":\"https:\/\/www.cpartybikeexperience.com\/en\/\",\"logo\":{\"@type\":\"ImageObject\",\"inLanguage\":\"en-US\",\"@id\":\"https:\/\/www.cpartybikeexperience.com\/en\/#\/schema\/logo\/image\/\",\"url\":\"https:\/\/www.cpartybikeexperience.com\/wp-content\/uploads\/2025\/07\/Logo-CPARTY-Bike-Experience-01.png\",\"contentUrl\":\"https:\/\/www.cpartybikeexperience.com\/wp-content\/uploads\/2025\/07\/Logo-CPARTY-Bike-Experience-01.png\",\"width\":1000,\"height\":538,\"caption\":\"CPARTY BIKE EXPERIENCE\"},\"image\":{\"@id\":\"https:\/\/www.cpartybikeexperience.com\/en\/#\/schema\/logo\/image\/\"},\"sameAs\":[\"https:\/\/www.facebook.com\/CpartyBikeExperience\",\"https:\/\/www.instagram.com\/cpartybikeexperience\/\",\"https:\/\/www.linkedin.com\/company\/cparty-bike-experience\/\"]}]}<\/script>\n<!-- \/ Yoast SEO plugin. -->","yoast_head_json":{"title":"Book Laurent Jalabert P\u00e9rigord cycling course | All-inclusive stay","description":"Laurent Jalabert P\u00e9rigord cycling camp: all-inclusive stay with the French champion in his heart region. Professional coaching, conviviality and magnificent courses between villages and unspoilt nature.","robots":{"index":"index","follow":"follow","max-snippet":"max-snippet:-1","max-image-preview":"max-image-preview:large","max-video-preview":"max-video-preview:-1"},"canonical":"https:\/\/www.cpartybikeexperience.com\/en\/produit\/le-perigord-noir-avec-laurent-jalabert\/","og_locale":"en_US","og_type":"article","og_title":"Book Laurent Jalabert P\u00e9rigord cycling course | All-inclusive stay","og_description":"Laurent Jalabert P\u00e9rigord cycling camp: all-inclusive stay with the French champion in his heart region. Professional coaching, conviviality and magnificent courses between villages and unspoilt nature.","og_url":"https:\/\/www.cpartybikeexperience.com\/en\/produit\/le-perigord-noir-avec-laurent-jalabert\/","og_site_name":"CPARTY BIKE EXPERIENCE","article_publisher":"https:\/\/www.facebook.com\/CpartyBikeExperience","article_modified_time":"2026-03-02T09:17:23+00:00","og_image":[{"width":1200,"height":800,"url":"https:\/\/www.cpartybikeexperience.com\/wp-content\/uploads\/2025\/12\/cparty-perigord-2025-033.jpg","type":"image\/jpeg"}],"schema":{"@context":"https:\/\/schema.org","@graph":[{"@type":"WebPage","@id":"https:\/\/www.cpartybikeexperience.com\/en\/produit\/le-perigord-noir-avec-laurent-jalabert\/","url":"https:\/\/www.cpartybikeexperience.com\/en\/produit\/le-perigord-noir-avec-laurent-jalabert\/","name":"Book Laurent Jalabert P\u00e9rigord cycling course | All-inclusive stay","isPartOf":{"@id":"https:\/\/www.cpartybikeexperience.com\/en\/#website"},"primaryImageOfPage":{"@id":"https:\/\/www.cpartybikeexperience.com\/en\/produit\/le-perigord-noir-avec-laurent-jalabert\/#primaryimage"},"image":{"@id":"https:\/\/www.cpartybikeexperience.com\/en\/produit\/le-perigord-noir-avec-laurent-jalabert\/#primaryimage"},"thumbnailUrl":"https:\/\/www.cpartybikeexperience.com\/wp-content\/uploads\/2025\/12\/cparty-perigord-2025-033.jpg","datePublished":"2025-12-05T07:30:18+00:00","dateModified":"2026-03-02T09:17:23+00:00","description":"Laurent Jalabert P\u00e9rigord cycling camp: all-inclusive stay with the French champion in his heart region. Professional coaching, conviviality and magnificent courses between villages and unspoilt nature.","breadcrumb":{"@id":"https:\/\/www.cpartybikeexperience.com\/en\/produit\/le-perigord-noir-avec-laurent-jalabert\/#breadcrumb"},"inLanguage":"en-US","potentialAction":[{"@type":"ReadAction","target":["https:\/\/www.cpartybikeexperience.com\/en\/produit\/le-perigord-noir-avec-laurent-jalabert\/"]}]},{"@type":"ImageObject","inLanguage":"en-US","@id":"https:\/\/www.cpartybikeexperience.com\/en\/produit\/le-perigord-noir-avec-laurent-jalabert\/#primaryimage","url":"https:\/\/www.cpartybikeexperience.com\/wp-content\/uploads\/2025\/12\/cparty-perigord-2025-033.jpg","contentUrl":"https:\/\/www.cpartybikeexperience.com\/wp-content\/uploads\/2025\/12\/cparty-perigord-2025-033.jpg","width":1200,"height":800},{"@type":"BreadcrumbList","@id":"https:\/\/www.cpartybikeexperience.com\/en\/produit\/le-perigord-noir-avec-laurent-jalabert\/#breadcrumb","itemListElement":[{"@type":"ListItem","position":1,"name":"Accueil","item":"https:\/\/www.cpartybikeexperience.com\/en\/"},{"@type":"ListItem","position":2,"name":"Shop","item":"https:\/\/www.cpartybikeexperience.com\/en\/boutique\/"},{"@type":"ListItem","position":3,"name":"The P\u00e9rigord Noir with Laurent Jalabert"}]},{"@type":"WebSite","@id":"https:\/\/www.cpartybikeexperience.com\/en\/#website","url":"https:\/\/www.cpartybikeexperience.com\/en\/","name":"CPARTY BIKE EXPERIENCE","description":"Stages cyclismes - S\u00e9jours \u00e0 v\u00e9lo tous niveaux, tout inclus, encadr\u00e9s par des professionnels du cyclisme","publisher":{"@id":"https:\/\/www.cpartybikeexperience.com\/en\/#organization"},"alternateName":"CPARTY","potentialAction":[{"@type":"SearchAction","target":{"@type":"EntryPoint","urlTemplate":"https:\/\/www.cpartybikeexperience.com\/en\/?s={search_term_string}"},"query-input":{"@type":"PropertyValueSpecification","valueRequired":true,"valueName":"search_term_string"}}],"inLanguage":"en-US"},{"@type":"Organization","@id":"https:\/\/www.cpartybikeexperience.com\/en\/#organization","name":"CPARTY BIKE EXPERIENCE","alternateName":"CPARTY","url":"https:\/\/www.cpartybikeexperience.com\/en\/","logo":{"@type":"ImageObject","inLanguage":"en-US","@id":"https:\/\/www.cpartybikeexperience.com\/en\/#\/schema\/logo\/image\/","url":"https:\/\/www.cpartybikeexperience.com\/wp-content\/uploads\/2025\/07\/Logo-CPARTY-Bike-Experience-01.png","contentUrl":"https:\/\/www.cpartybikeexperience.com\/wp-content\/uploads\/2025\/07\/Logo-CPARTY-Bike-Experience-01.png","width":1000,"height":538,"caption":"CPARTY BIKE EXPERIENCE"},"image":{"@id":"https:\/\/www.cpartybikeexperience.com\/en\/#\/schema\/logo\/image\/"},"sameAs":["https:\/\/www.facebook.com\/CpartyBikeExperience","https:\/\/www.instagram.com\/cpartybikeexperience\/","https:\/\/www.linkedin.com\/company\/cparty-bike-experience\/"]}]}},"_links":{"self":[{"href":"https:\/\/www.cpartybikeexperience.com\/en\/wp-json\/wp\/v2\/product\/10412","targetHints":{"allow":["GET"]}}],"collection":[{"href":"https:\/\/www.cpartybikeexperience.com\/en\/wp-json\/wp\/v2\/product"}],"about":[{"href":"https:\/\/www.cpartybikeexperience.com\/en\/wp-json\/wp\/v2\/types\/product"}],"wp:featuredmedia":[{"embeddable":true,"href":"https:\/\/www.cpartybikeexperience.com\/en\/wp-json\/wp\/v2\/media\/10341"}],"wp:attachment":[{"href":"https:\/\/www.cpartybikeexperience.com\/en\/wp-json\/wp\/v2\/media?parent=10412"}],"wp:term":[{"taxonomy":"product_brand","embeddable":true,"href":"https:\/\/www.cpartybikeexperience.com\/en\/wp-json\/wp\/v2\/product_brand?post=10412"},{"taxonomy":"product_cat","embeddable":true,"href":"https:\/\/www.cpartybikeexperience.com\/en\/wp-json\/wp\/v2\/product_cat?post=10412"},{"taxonomy":"product_tag","embeddable":true,"href":"https:\/\/www.cpartybikeexperience.com\/en\/wp-json\/wp\/v2\/product_tag?post=10412"}],"curies":[{"name":"wp","href":"https:\/\/api.w.org\/{rel}","templated":true}]}}